


{"id":1244,"date":"2017-09-18T15:46:36","date_gmt":"2017-09-18T15:46:36","guid":{"rendered":"https:\/\/www.carlsuchy.com\/terms-and-conditions\/"},"modified":"2021-09-22T15:51:41","modified_gmt":"2021-09-22T15:51:41","slug":"agb","status":"publish","type":"page","link":"https:\/\/www.carlsuchy.com\/de\/agb\/","title":{"rendered":"Allgemeine Gesch\u00e4ftsbedingungen"},"content":{"rendered":"<p>Unsere Allgemeinen Gesch\u00e4ftsbedingungen sind vorformulierte Vertragsbedingungen. Sie sind g\u00fcltig f\u00fcr den Onlinekauf von Carl Suchy &amp; S\u00f6hne.<\/p>\n<p><b>1. Geltungsbereich und Begriffsbestimmungen<br \/>\n<\/b>In der Folge als Verbraucher bezeichnete Personen sind Verbraucher im Sinne des Konsumentenschutzgesetzes (KSchG) und somit nat\u00fcrliche oder juristische Personen, die keine Unternehmer sind.<\/p>\n<p>Unternehmer sind nat\u00fcrliche oder juristische Personen oder rechtsf\u00e4hige Personengesellschaften, f\u00fcr die der gegenst\u00e4ndliche Vertrag zum Betrieb ihres Unternehmens geh\u00f6rt. Unternehmen sind jede auf Dauer angelegte Organisationen selbst\u00e4ndiger wirtschaftlicher T\u00e4tigkeit, m\u00f6gen sie auch nicht auf Gewinn gerichtet sein.<\/p>\n<p>Kunden sind sowohl Verbraucher als auch Unternehmer.<\/p>\n<p>F\u00fcr die Gesch\u00e4ftsbeziehung zwischen der Carl Suchy &amp; S\u00f6hne AG, Z\u00fcrich und Wien, (nachfolgend \u201eCarl Suchy &amp; S\u00f6hne\u201c) und dem Kunden gelten ausschlie\u00dflich die nachfolgenden Allgemeinen Gesch\u00e4ftsbedingungen in ihrer zum Zeitpunkt der jeweiligen Bestellung g\u00fcltigen Fassung.<\/p>\n<p>Etwaigen entgegenstehenden oder sonstigen allgemeinen Gesch\u00e4ftsbedingungen und\/oder sonstigen Bedingungen des Kunden wird unabh\u00e4ngig von ihrer Bezeichnung ausdr\u00fccklich widersprochen, es sei denn, der Verk\u00e4ufer stimmt ihrer Geltung ausdr\u00fccklich schriftlich zu.<\/p>\n<p>Im Einzelfall getroffene, individuelle Vereinbarungen mit dem Kunden (einschlie\u00dflich Nebenabreden, Erg\u00e4nzungen und\/oder \u00c4nderungen) haben in jedem Fall Vorrang vor den Allgemeinen Gesch\u00e4ftsbedingungen des Verk\u00e4ufers. F\u00fcr den Inhalt derartiger Vereinbarungen sind ein schriftlicher Vertrag und\/oder die schriftliche Best\u00e4tigung des Verk\u00e4ufers ma\u00dfgebend. Das gilt auch f\u00fcr die Abbedingung dieses Schriftformerfordernisses.<\/p>\n<p><b>2. Vertragsschluss<br \/>\n<\/b>Die Produktdarstellung im Online-Shop von Carl Suchy &amp; S\u00f6hne stellt kein rechtlich verbindliches Angebot dar, sondern eine unverbindliche Produktpr\u00e4sentation.<\/p>\n<p>W\u00e4hrend eines Online-Bestellvorganges kann jederzeit durch Anklicken des Buttons \u201eEntfernen\u201c ein gew\u00e4hltes Produkt wieder gel\u00f6scht werden. Auch in der Zusammenfassung des Warenkorbes und der von Ihnen eingegebenen Daten vor der kostenpflichtigen Bestellung besteht immer noch die M\u00f6glichkeit, alle oder einzelne Produkte von der Bestellung zu entfernen.<\/p>\n<p>Durch Anklicken des Buttons \u201eJetzt kostenpflichtig bestellen\u201c geben Sie eine verbindliche Bestellung der im Warenkorb enthaltenen Waren ab. Es entsteht damit die Zahlungsverpflichtung.<\/p>\n<p>Die Best\u00e4tigung des Eingangs der Bestellung folgt unmittelbar nach dem Absenden der Bestellung und stellt noch keine Vertragsannahme dar. Der Vertrag kommt erst mit der ausdr\u00fccklichen Annahme der Bestellung per E-Mail oder durch Zusendung der Ware zustande.<\/p>\n<p>Carl Suchy &amp; S\u00f6hne ist berechtigt, Vertragsangebote ohne Angabe von Gr\u00fcnden abzulehnen.<\/p>\n<p>Der Kunde hat die M\u00f6glichkeit, den Vertrag in deutscher oder englischer Sprache abzuschlie\u00dfen.<\/p>\n<p><b>3. Preise und Zahlungsbedingungen<br \/>\n<\/b>Carl Suchy &amp; S\u00f6hne bietet Zahlungen via Kreditkarte oder Direkt\u00fcberweisung an.<\/p>\n<p>S\u00e4mtliche Preisangaben verstehen sich in Euro inklusive der schweizer Mehrwertsteuer von 8 Prozent und Versandkosten.<\/p>\n<p>Bitte beachten Sie, dass zu dem angegebenen Preis die Aufzahlung zu der in Ihrem Heimatland geltende Mehrwertsteuer, und Zolleinfuhrgeb\u00fchren erhoben werden k\u00f6nnen.<\/p>\n<p>Bei Kaufvertr\u00e4gen zwischen Carl Suchy &amp; S\u00f6hne und dem Kunden ist der zu zahlende Gesamtbetrag sofort f\u00e4llig.<\/p>\n<p><b>4. Gefahren\u00fcbergang und Lieferung<br \/>\n<\/b>Die Gefahr des Untergangs und\/oder Verschlechterung der Ware geht mit \u00dcbergabe der Ware an den Spediteur, den Frachtf\u00fchrer oder der sonst zur Ausf\u00fchrung der Versendung bestimmten Person oder Anstalt auf den Unternehmer \u00fcber.<\/p>\n<p>An den Verbraucher geht die Gefahr des Untergangs und\/oder Verschlechterung der Ware mit \u00dcbergabe der Sache an diesen oder eine ihm zurechenbare Person \u00fcber.<\/p>\n<p>Der Versand durch Carl Suchy &amp; S\u00f6hne erfolgt weltweit.<\/p>\n<p>Sofern nichts anderes vereinbart wurde, erfolgt die Lieferung an die vom Kunden angegebene Lieferadresse.<\/p>\n<p>\u00dcber Carl Suchy &amp; S\u00f6hne gekaufte Waren werden transportversichert verschickt. Der Versand erfolgt durch Standardlieferung.<\/p>\n<p>Sonderw\u00fcnsche, wie Expresszusendungen, k\u00f6nnen nach Absprache erf\u00fcllt werden, die anfallenden Extrakosten sind vom Kunden zu tragen.<\/p>\n<p>Die voraussichtliche Lieferzeit wird dem Kunden in der jeweiligen Produktbeschreibung angezeigt und gilt ab Zahlungseingang.<\/p>\n<p>Die Waren von Carl Suchy &amp; S\u00f6hne erscheinen j\u00e4hrlich in limitierter Produktionsserie. Es wird daher um Verst\u00e4ndnis gebeten, dass ab Bestellung mit einer Lieferzeit von bis zu sieben Monaten gerechnet werden muss, sofern das gew\u00fcnschte Exemplar nicht lagernd ist.<\/p>\n<p>Die Lieferzeit kann den \u00fcblichen Schwankungen bei der Postzustellung unterliegen und sich durch au\u00dferhalb des Einflussbereiches von Carl Suchy &amp; S\u00f6hne und seinen Erf\u00fcllungsgehilfen liegenden Ereignissen, wie etwa Zollkontrollen, verz\u00f6gern.<\/p>\n<p><b>5. Garantie und Service<br \/>\n<\/b>Die Garantie der \u201eWaltz N\u00b01\u201c gilt ab dem Kaufdatum f\u00fcr 36 Monate und bezieht sich ausschlie\u00dflich auf Uhrwerke.<\/p>\n<p>Innerhalb dieser 3 Jahre hat der Kunde Recht auf unentgeltliche Behebung von M\u00e4ngeln, die bei einer ordnungsgem\u00e4\u00dfen Verwendung auf einem Material- und\/oder Verarbeitungsfehler beruhen, durch einen Fachmann.<\/p>\n<p>Im Rahmen der Garantieleistung werden die Arbeitsstunden des ausf\u00fchrenden Uhrmachers durch Carl Suchy &amp; S\u00f6hne \u00fcbernommen.<\/p>\n<p>Die Kosten f\u00fcr ggf. erforderliches Material und Ersatzteile hat der Kunde zu tragen. Die voraussichtlichen Material- und Ersatzteilkosten werden dem Kunden vor Vornahme der Reparaturen mitgeteilt und der Kunde kann entscheiden, ob die Reparatur durchgef\u00fchrt werden soll.<\/p>\n<p>Die Kosten f\u00fcr den Transport der Uhr im Rahmen der Garantie hat der Kunde selbst zu tragen. Die Inanspruchnahme der Garantie muss vom Kunden innerhalb der Garantiedauer Carl Suchy &amp; S\u00f6hne gegen\u00fcber schriftlich per E-Mail oder per Post mitgeteilt werden. Der Kunde hat in diesem Schreiben die beanstandeten M\u00e4ngel zu beschreiben. Die Uhr wird entweder beim Kunden abgeholt, oder der Kunde wird gebeten, die Uhr an die Schweizer Gesch\u00e4ftsadresse zu senden. Die Uhr wird anschlie\u00dfend an den Kunden zur\u00fcckgesendet. Der Transport erfolgt als versicherter Werttransport.<\/p>\n<p>Wenn die Bedingungen f\u00fcr die Inanspruchnahme der Garantie nicht erf\u00fcllt sind, wird dies dem Kunden unter Nennung der Gr\u00fcnde mitgeteilt.<\/p>\n<p>Garantie f\u00fcr die reparierten bzw. ersetzten Teile wird f\u00fcr die verbleibende Zeit der Garantiedauer \u00fcbernommen.<\/p>\n<p>Ersetzte Teile gehen in das Eigentum von Carl Suchy &amp; S\u00f6hne \u00fcber, die neuen Teile gehen in das Eigentum des Kunden \u00fcber.<\/p>\n<p>Folgende Punkte werden nicht von der Garantie abgedeckt:<\/p>\n<p>a) Die Behebung von Sch\u00e4den, die der Kunde vors\u00e4tzlich herbeigef\u00fchrt hat.<\/p>\n<p>b) Die Behebung von Wassersch\u00e4den.<\/p>\n<p>c) Armb\u00e4nder, Gl\u00e4ser, Kronen und s\u00e4mtliche Verschlei\u00dfteile sowie Sch\u00e4den, die nicht durch nat\u00fcrliche oder gew\u00f6hnliche Abnutzung entstanden sind.<\/p>\n<p><b>6. Gew\u00e4hrleistung<br \/>\n<\/b>F\u00fcr alle Vertr\u00e4ge zwischen Carl Suchy &amp; S\u00f6hne und Verbrauchern gelten die gesetzlichen Gew\u00e4hrleistungsrechte.<\/p>\n<p>Im Falle einer berechtigten M\u00e4ngelr\u00fcge bei Unternehmern nach Ma\u00dfgabe der Bestimmungen des UGB hat Carl Suchy &amp; S\u00f6hne die Wahl, Gew\u00e4hr durch Verbesserung oder einen Austausch der Ware zu leisten. Ist ein Austausch oder Verbesserung nicht m\u00f6glich oder tunlich, kann der Unternehmer grunds\u00e4tzlich nach seiner Wahl Preisminderung oder, sofern es sich nicht nur um einen geringf\u00fcgigen Mangel handelt, Wandlung des Vertrags verlangen.<\/p>\n<p>Unternehmer m\u00fcssen die gelieferte Ware innerhalb der Frist im Sinne der Bestimmungen des UGB unverz\u00fcglich auf M\u00e4ngel untersuchen und Carl Suchy &amp; S\u00f6hne diese innerhalb dieser Frist ab Empfang der Ware schriftlich anzeigen; andernfalls ist die Geltendmachung sowohl von Gew\u00e4hrleistungs- als auch Schadenersatzanspr\u00fcchen ausgeschlossen. Verdeckte M\u00e4ngel sind innerhalb einer Frist von einer Woche ab Entdeckung schriftlich anzuzeigen. Zur Fristwahrung gen\u00fcgt die rechtzeitige Absendung. Den Unternehmer trifft die volle Beweislast f\u00fcr s\u00e4mtliche Anspruchsvoraussetzungen, insbesondere f\u00fcr den Mangel selbst, f\u00fcr den Zeitpunkt der Feststellung des Mangels und f\u00fcr die Rechtzeitigkeit der M\u00e4ngelr\u00fcge.<\/p>\n<p>Sch\u00e4den, die durch unsachgem\u00e4\u00dfe Behandlung der Ware durch den Kunden entstanden sind, sind von der M\u00e4ngelhaftung ausgeschlossen.<\/p>\n<p>Wird Carl Suchy &amp; S\u00f6hne f\u00fcr den Kunden wegen von ihm gemeldeter, angeblich vorliegender M\u00e4ngel t\u00e4tig und stellt sich heraus, dass kein Mangel vorliegt oder ein vorliegender Mangel vom Kunden zu vertreten ist, hat der Kunde Carl Suchy &amp; S\u00f6hne den entstandenen Aufwand zu ersetzen.<\/p>\n<p><b>7. Haftungsbeschr\u00e4nkungen und \u2013freistellung<br \/>\n<\/b>Carl Suchy &amp; S\u00f6hne haftet nur f\u00fcr eigene Inhalte auf ihrer Website. Soweit Carl Suchy &amp; S\u00f6hne mit Links den Zugang zu anderen Websites erm\u00f6glicht, ist Carl Suchy &amp; S\u00f6hne f\u00fcr die dort enthaltenen fremden Inhalte nicht verantwortlich. Carl Suchy &amp; S\u00f6hne macht sich die fremden Inhalte nicht zu Eigen. Sofern Carl Suchy &amp; S\u00f6hne Kenntnis von rechtswidrigen oder unrichtigen Inhalten auf externen Websites erh\u00e4lt, wird Carl Suchy &amp; S\u00f6hne den Zugang zu diesen Seiten unverz\u00fcglich sperren.<\/p>\n<p><b>8. Widerrufsrecht<br \/>\n<\/b>Sie haben das Recht, binnen vierzehn Tagen ohne Angabe von Gr\u00fcnden diesen Vertrag zu widerrufen.<\/p>\n<p>Die Widerrufsfrist betr\u00e4gt vierzehn Tage ab dem Tag, an dem Sie oder ein von Ihnen bestimmter Dritter, der nicht der Bef\u00f6rderer ist, die Ware in Besitz genommen haben bzw. hat.<\/p>\n<p>Um Ihr Widerrufsrecht auszu\u00fcben, m\u00fcssen Sie uns (Carl Suchy &amp; S\u00f6hne AG, E-Mail: office@carlsuchy.com, 0043 680 12 87 604) mittels einer eindeutigen Erkl\u00e4rung (z.B. ein Anruf oder E-Mail) \u00fcber Ihren Entschluss, diesen Vertrag zu widerrufen, informieren. Sie k\u00f6nnen daf\u00fcr das <a href=\"https:\/\/www.carlsuchy.com\/wp-content\/uploads\/2017\/10\/Carlsuchy-Ruecktrittsformular.pdf\">Muster-Widerrufsformular<\/a> verwenden, das jedoch nicht vorgeschrieben ist. Die R\u00fccktrittserkl\u00e4rung kann formfrei erfolgen.<\/p>\n<p>Zur Wahrung der Widerrufsfrist reicht es aus, dass Sie die Mitteilung \u00fcber die Aus\u00fcbung des Widerrufsrechts vor Ablauf der Widerrufsfrist absenden.<\/p>\n<p><b>Folgen des Widerrufs<br \/>\n<\/b>Wenn Sie diesen Vertrag widerrufen, haben wir Ihnen alle Zahlungen, die wir von Ihnen erhalten haben, einschlie\u00dflich der Lieferkosten (mit Ausnahme der zus\u00e4tzlichen Kosten, die sich daraus ergeben, dass Sie eine andere Art der Lieferung als die von uns angebotene, g\u00fcnstigste Standardlieferung gew\u00e4hlt haben), unverz\u00fcglich und sp\u00e4testens binnen vierzehn Tagen ab dem Tag zur\u00fcckzuzahlen, an dem die Mitteilung \u00fcber Ihren Widerruf dieses Vertrags bei uns eingegangen ist. F\u00fcr diese R\u00fcckzahlung verwenden wir dasselbe Zahlungsmittel, das Sie bei der urspr\u00fcnglichen Transaktion eingesetzt haben, es sei denn, mit Ihnen wurde ausdr\u00fccklich etwas anderes vereinbart; in keinem Fall werden Ihnen wegen dieser R\u00fcckzahlung Entgelte berechnet. Wir k\u00f6nnen die R\u00fcckzahlung verweigern, bis wir die Waren wieder zur\u00fcckerhalten haben und uns von der Unversehrtheit der Uhr \u00fcberzeugen konnten.<\/p>\n<p>Sie haben die Waren unverz\u00fcglich und in jedem Fall sp\u00e4testens binnen vierzehn Tagen ab dem Tag, an dem Sie uns \u00fcber den Widerruf dieses Vertrags unterrichten, an uns zur\u00fcckzusenden. Die Frist ist gewahrt, wenn Sie die Waren vor Ablauf der Frist von vierzehn Tagen absenden.<\/p>\n<p>Sie tragen die Kosten der R\u00fccksendung der Ware.<\/p>\n<p>Sie m\u00fcssen f\u00fcr einen etwaigen Wertverlust der Waren aufkommen, wenn dieser Wertverlust auf einen zur Pr\u00fcfung der Beschaffenheit, Eigenschaften und Funktionsweise der Waren nicht notwendigen Umgang mit ihnen zur\u00fcckzuf\u00fchren ist.<\/p>\n<p><b>9. Schlussbestimmung<br \/>\n<\/b>Sollten einzelne Bestimmungen des Vertrags mit dem Kunden einschlie\u00dflich dieser Allgemeinen Gesch\u00e4ftsbedingungen ganz oder teilweise unwirksam sein oder werden, so wird hierdurch die G\u00fcltigkeit der \u00fcbrigen Bestimmungen nicht ber\u00fchrt. Die ganz oder teilweise unwirksame Regelung wird durch eine Regelung ersetzt, deren wirtschaftlicher Erfolg dem der unwirksamen m\u00f6glichst nahe kommt.<\/p>\n","protected":false},"excerpt":{"rendered":"<p>Unsere Allgemeinen Gesch\u00e4ftsbedingungen sind vorformulierte Vertragsbedingungen. Sie sind g\u00fcltig f\u00fcr den Onlinekauf von Carl Suchy &amp; S\u00f6hne. 1. Geltungsbereich und Begriffsbestimmungen In der Folge als Verbraucher bezeichnete Personen sind Verbraucher im Sinne des Konsumentenschutzgesetzes (KSchG) und somit nat\u00fcrliche oder juristische Personen, die keine Unternehmer sind. Unternehmer sind nat\u00fcrliche oder juristische Personen oder rechtsf\u00e4hige Personengesellschaften, f\u00fcr die der gegenst\u00e4ndliche Vertrag zum Betrieb ihres Unternehmens geh\u00f6rt. Unternehmen sind jede auf Dauer angelegte Organisationen selbst\u00e4ndiger wirtschaftlicher T\u00e4tigkeit, m\u00f6gen sie auch nicht auf Gewinn gerichtet sein. Kunden sind sowohl Verbraucher als auch Unternehmer. F\u00fcr die Gesch\u00e4ftsbeziehung zwischen der Carl Suchy &amp; S\u00f6hne AG, Z\u00fcrich und Wien, (nachfolgend \u201eCarl Suchy &amp; S\u00f6hne\u201c) und dem Kunden gelten ausschlie\u00dflich die nachfolgenden Allgemeinen Gesch\u00e4ftsbedingungen in ihrer zum Zeitpunkt der jeweiligen Bestellung g\u00fcltigen Fassung. Etwaigen entgegenstehenden oder sonstigen allgemeinen Gesch\u00e4ftsbedingungen und\/oder sonstigen Bedingungen des Kunden wird unabh\u00e4ngig von ihrer Bezeichnung ausdr\u00fccklich widersprochen, es sei denn, der Verk\u00e4ufer stimmt ihrer Geltung ausdr\u00fccklich schriftlich zu. Im Einzelfall getroffene, individuelle Vereinbarungen mit dem Kunden (einschlie\u00dflich Nebenabreden, Erg\u00e4nzungen und\/oder \u00c4nderungen) haben in jedem Fall Vorrang vor den Allgemeinen Gesch\u00e4ftsbedingungen des Verk\u00e4ufers. F\u00fcr den Inhalt derartiger Vereinbarungen sind ein schriftlicher Vertrag und\/oder die schriftliche Best\u00e4tigung des Verk\u00e4ufers ma\u00dfgebend. Das gilt auch f\u00fcr die Abbedingung [&hellip;]<\/p>\n","protected":false},"author":2,"featured_media":0,"parent":0,"menu_order":0,"comment_status":"closed","ping_status":"closed","template":"","meta":{"_acf_changed":false,"content-type":"","footnotes":""},"acf":[],"yoast_head":"<!-- This site is optimized with the Yoast SEO plugin v23.5 - https:\/\/yoast.com\/wordpress\/plugins\/seo\/ -->\n<title>Allgemeine Gesch\u00e4ftsbedingungen | Carl Suchy &amp; S\u00f6hne<\/title>\n<meta name=\"description\" content=\"Carl Suchy &amp; S\u00f6hne Allgemeine Gesch\u00e4ftsbedingungen \u00b7 Datenschutzbestimmungen \u00b7 Cookies \u00b7 R\u00fcckgabebedingungen\" \/>\n<meta name=\"robots\" content=\"index, follow, max-snippet:-1, max-image-preview:large, max-video-preview:-1\" \/>\n<link rel=\"canonical\" href=\"https:\/\/www.carlsuchy.com\/de\/agb\/\" \/>\n<meta property=\"og:locale\" content=\"de_DE\" \/>\n<meta property=\"og:type\" content=\"article\" \/>\n<meta property=\"og:title\" content=\"Allgemeine Gesch\u00e4ftsbedingungen | Carl Suchy &amp; S\u00f6hne\" \/>\n<meta property=\"og:description\" content=\"Carl Suchy &amp; S\u00f6hne Allgemeine Gesch\u00e4ftsbedingungen \u00b7 Datenschutzbestimmungen \u00b7 Cookies \u00b7 R\u00fcckgabebedingungen\" \/>\n<meta property=\"og:url\" content=\"https:\/\/www.carlsuchy.com\/de\/agb\/\" \/>\n<meta property=\"og:site_name\" content=\"Carl Suchy &amp; S\u00f6hne\" \/>\n<meta property=\"article:publisher\" content=\"https:\/\/www.facebook.com\/carlsuchy\/\" \/>\n<meta property=\"article:modified_time\" content=\"2021-09-22T15:51:41+00:00\" \/>\n<meta name=\"twitter:card\" content=\"summary_large_image\" \/>\n<meta name=\"twitter:label1\" content=\"Gesch\u00e4tzte Lesezeit\" \/>\n\t<meta name=\"twitter:data1\" content=\"9\u00a0Minuten\" \/>\n<script type=\"application\/ld+json\" class=\"yoast-schema-graph\">{\"@context\":\"https:\/\/schema.org\",\"@graph\":[{\"@type\":\"WebPage\",\"@id\":\"https:\/\/www.carlsuchy.com\/de\/agb\/\",\"url\":\"https:\/\/www.carlsuchy.com\/de\/agb\/\",\"name\":\"Allgemeine Gesch\u00e4ftsbedingungen | Carl Suchy & S\u00f6hne\",\"isPartOf\":{\"@id\":\"https:\/\/www.carlsuchy.com\/de\/#website\"},\"datePublished\":\"2017-09-18T15:46:36+00:00\",\"dateModified\":\"2021-09-22T15:51:41+00:00\",\"description\":\"Carl Suchy & S\u00f6hne Allgemeine Gesch\u00e4ftsbedingungen \u00b7 Datenschutzbestimmungen \u00b7 Cookies \u00b7 R\u00fcckgabebedingungen\",\"breadcrumb\":{\"@id\":\"https:\/\/www.carlsuchy.com\/de\/agb\/#breadcrumb\"},\"inLanguage\":\"de\",\"potentialAction\":[{\"@type\":\"ReadAction\",\"target\":[\"https:\/\/www.carlsuchy.com\/de\/agb\/\"]}]},{\"@type\":\"BreadcrumbList\",\"@id\":\"https:\/\/www.carlsuchy.com\/de\/agb\/#breadcrumb\",\"itemListElement\":[{\"@type\":\"ListItem\",\"position\":1,\"name\":\"Home\",\"item\":\"https:\/\/www.carlsuchy.com\/de\/\"},{\"@type\":\"ListItem\",\"position\":2,\"name\":\"Allgemeine Gesch\u00e4ftsbedingungen\"}]},{\"@type\":\"WebSite\",\"@id\":\"https:\/\/www.carlsuchy.com\/de\/#website\",\"url\":\"https:\/\/www.carlsuchy.com\/de\/\",\"name\":\"Carl Suchy &amp; S\u00f6hne\",\"description\":\"\",\"publisher\":{\"@id\":\"https:\/\/www.carlsuchy.com\/de\/#organization\"},\"potentialAction\":[{\"@type\":\"SearchAction\",\"target\":{\"@type\":\"EntryPoint\",\"urlTemplate\":\"https:\/\/www.carlsuchy.com\/de\/?s={search_term_string}\"},\"query-input\":{\"@type\":\"PropertyValueSpecification\",\"valueRequired\":true,\"valueName\":\"search_term_string\"}}],\"inLanguage\":\"de\"},{\"@type\":\"Organization\",\"@id\":\"https:\/\/www.carlsuchy.com\/de\/#organization\",\"name\":\"Carl Suchy & S\u00f6hne\",\"url\":\"https:\/\/www.carlsuchy.com\/de\/\",\"logo\":{\"@type\":\"ImageObject\",\"inLanguage\":\"de\",\"@id\":\"https:\/\/www.carlsuchy.com\/de\/#\/schema\/logo\/image\/\",\"url\":\"https:\/\/www.carlsuchy.com\/wp-content\/uploads\/2018\/05\/logo.svg\",\"contentUrl\":\"https:\/\/www.carlsuchy.com\/wp-content\/uploads\/2018\/05\/logo.svg\",\"width\":1,\"height\":1,\"caption\":\"Carl Suchy & S\u00f6hne\"},\"image\":{\"@id\":\"https:\/\/www.carlsuchy.com\/de\/#\/schema\/logo\/image\/\"},\"sameAs\":[\"https:\/\/www.facebook.com\/carlsuchy\/\",\"https:\/\/www.instagram.com\/carlsuchy\/?hl=de\",\"https:\/\/www.linkedin.com\/company\/carl-suchy-&amp;-s\u00f6hne\/\",\"https:\/\/www.pinterest.de\/carlsuchy1822\/\",\"https:\/\/www.youtube.com\/channel\/UCiaaduvFGuyeWS7ZUOXxGSA\"]}]}<\/script>\n<!-- \/ Yoast SEO plugin. -->","yoast_head_json":{"title":"Allgemeine Gesch\u00e4ftsbedingungen | Carl Suchy & S\u00f6hne","description":"Carl Suchy & S\u00f6hne Allgemeine Gesch\u00e4ftsbedingungen \u00b7 Datenschutzbestimmungen \u00b7 Cookies \u00b7 R\u00fcckgabebedingungen","robots":{"index":"index","follow":"follow","max-snippet":"max-snippet:-1","max-image-preview":"max-image-preview:large","max-video-preview":"max-video-preview:-1"},"canonical":"https:\/\/www.carlsuchy.com\/de\/agb\/","og_locale":"de_DE","og_type":"article","og_title":"Allgemeine Gesch\u00e4ftsbedingungen | Carl Suchy & S\u00f6hne","og_description":"Carl Suchy & S\u00f6hne Allgemeine Gesch\u00e4ftsbedingungen \u00b7 Datenschutzbestimmungen \u00b7 Cookies \u00b7 R\u00fcckgabebedingungen","og_url":"https:\/\/www.carlsuchy.com\/de\/agb\/","og_site_name":"Carl Suchy &amp; S\u00f6hne","article_publisher":"https:\/\/www.facebook.com\/carlsuchy\/","article_modified_time":"2021-09-22T15:51:41+00:00","twitter_card":"summary_large_image","twitter_misc":{"Gesch\u00e4tzte Lesezeit":"9\u00a0Minuten"},"schema":{"@context":"https:\/\/schema.org","@graph":[{"@type":"WebPage","@id":"https:\/\/www.carlsuchy.com\/de\/agb\/","url":"https:\/\/www.carlsuchy.com\/de\/agb\/","name":"Allgemeine Gesch\u00e4ftsbedingungen | Carl Suchy & S\u00f6hne","isPartOf":{"@id":"https:\/\/www.carlsuchy.com\/de\/#website"},"datePublished":"2017-09-18T15:46:36+00:00","dateModified":"2021-09-22T15:51:41+00:00","description":"Carl Suchy & S\u00f6hne Allgemeine Gesch\u00e4ftsbedingungen \u00b7 Datenschutzbestimmungen \u00b7 Cookies \u00b7 R\u00fcckgabebedingungen","breadcrumb":{"@id":"https:\/\/www.carlsuchy.com\/de\/agb\/#breadcrumb"},"inLanguage":"de","potentialAction":[{"@type":"ReadAction","target":["https:\/\/www.carlsuchy.com\/de\/agb\/"]}]},{"@type":"BreadcrumbList","@id":"https:\/\/www.carlsuchy.com\/de\/agb\/#breadcrumb","itemListElement":[{"@type":"ListItem","position":1,"name":"Home","item":"https:\/\/www.carlsuchy.com\/de\/"},{"@type":"ListItem","position":2,"name":"Allgemeine Gesch\u00e4ftsbedingungen"}]},{"@type":"WebSite","@id":"https:\/\/www.carlsuchy.com\/de\/#website","url":"https:\/\/www.carlsuchy.com\/de\/","name":"Carl Suchy &amp; S\u00f6hne","description":"","publisher":{"@id":"https:\/\/www.carlsuchy.com\/de\/#organization"},"potentialAction":[{"@type":"SearchAction","target":{"@type":"EntryPoint","urlTemplate":"https:\/\/www.carlsuchy.com\/de\/?s={search_term_string}"},"query-input":{"@type":"PropertyValueSpecification","valueRequired":true,"valueName":"search_term_string"}}],"inLanguage":"de"},{"@type":"Organization","@id":"https:\/\/www.carlsuchy.com\/de\/#organization","name":"Carl Suchy & S\u00f6hne","url":"https:\/\/www.carlsuchy.com\/de\/","logo":{"@type":"ImageObject","inLanguage":"de","@id":"https:\/\/www.carlsuchy.com\/de\/#\/schema\/logo\/image\/","url":"https:\/\/www.carlsuchy.com\/wp-content\/uploads\/2018\/05\/logo.svg","contentUrl":"https:\/\/www.carlsuchy.com\/wp-content\/uploads\/2018\/05\/logo.svg","width":1,"height":1,"caption":"Carl Suchy & S\u00f6hne"},"image":{"@id":"https:\/\/www.carlsuchy.com\/de\/#\/schema\/logo\/image\/"},"sameAs":["https:\/\/www.facebook.com\/carlsuchy\/","https:\/\/www.instagram.com\/carlsuchy\/?hl=de","https:\/\/www.linkedin.com\/company\/carl-suchy-&amp;-s\u00f6hne\/","https:\/\/www.pinterest.de\/carlsuchy1822\/","https:\/\/www.youtube.com\/channel\/UCiaaduvFGuyeWS7ZUOXxGSA"]}]}},"_links":{"self":[{"href":"https:\/\/www.carlsuchy.com\/de\/wp-json\/wp\/v2\/pages\/1244"}],"collection":[{"href":"https:\/\/www.carlsuchy.com\/de\/wp-json\/wp\/v2\/pages"}],"about":[{"href":"https:\/\/www.carlsuchy.com\/de\/wp-json\/wp\/v2\/types\/page"}],"author":[{"embeddable":true,"href":"https:\/\/www.carlsuchy.com\/de\/wp-json\/wp\/v2\/users\/2"}],"replies":[{"embeddable":true,"href":"https:\/\/www.carlsuchy.com\/de\/wp-json\/wp\/v2\/comments?post=1244"}],"version-history":[{"count":4,"href":"https:\/\/www.carlsuchy.com\/de\/wp-json\/wp\/v2\/pages\/1244\/revisions"}],"predecessor-version":[{"id":4625,"href":"https:\/\/www.carlsuchy.com\/de\/wp-json\/wp\/v2\/pages\/1244\/revisions\/4625"}],"wp:attachment":[{"href":"https:\/\/www.carlsuchy.com\/de\/wp-json\/wp\/v2\/media?parent=1244"}],"curies":[{"name":"wp","href":"https:\/\/api.w.org\/{rel}","templated":true}]}}