


{"id":3876,"date":"2015-10-28T19:04:57","date_gmt":"2015-10-28T19:04:57","guid":{"rendered":"http:\/\/localhost\/trm\/2018\/carlsuchy\/wpdev\/legacy\/"},"modified":"2023-06-20T09:47:34","modified_gmt":"2023-06-20T09:47:34","slug":"geschichte","status":"publish","type":"page","link":"https:\/\/www.carlsuchy.com\/de\/geschichte\/","title":{"rendered":"Geschichte"},"content":{"rendered":"<p>150 years ago, in the Austro-Hungarian Empire there was only one address for luxury watches: <strong>Carl Suchy &amp; S\u00f6hne<\/strong>. The watchmaker and accredited purveyor to the court stood for perfect quality, precision and timeless elegance. Aristocrats, artists, industrials and even <strong>the emperor of Austria, Franz Joseph I<\/strong>, were amongst his customers. Now we celebrate the comeback of this exclusive brand.<\/p>\n<p>Carl Suchy, born in Prague in 1796, soon takes a life-changing decision: he becomes a watch making apprentice. After seven wandering years in Germany, Suchy returns to Prague and opens a clock manufacture in 1822. His goal, associating his passion for precision and design with his name, is achieved with the help of his four sons: With their entry into the business, Carl Suchy &amp; S\u00f6hne soon becomes the most important watchmaker of the Austro-Hungarian Monarchy. The oldest son Carl Suchy Junior establishes a pocket watch factory in the Swiss Watch Valley \u201eLa Chaux-de-Fonds\u201c, his younger brother Hans opens a store in the historical center of Vienna. Suchy watches are desired objects across Austria\u2019s borders, delight visitors and the press at world fairs such as Paris, and are essential accessories at the royal courts, aristocratic estates and the salons of Austria\u2019s intellectual elite. Carl Suchy &amp; S\u00f6hne is firmly positioned as Austria\u2019s leading watchmaker before an involuntary creative break that started around 1914.<\/p>\n<p>In 2016 Carl\u00a0Suchy &amp; S\u00f6hne is reestablished \u2013 the only luxury watch brand that combines Viennese elegance and Swiss precision.<\/p>\n","protected":false},"excerpt":{"rendered":"<p>150 years ago, in the Austro-Hungarian Empire there was only one address for luxury watches: Carl Suchy &amp; S\u00f6hne. The watchmaker and accredited purveyor to the court stood for perfect quality, precision and timeless elegance. Aristocrats, artists, industrials and even the emperor of Austria, Franz Joseph I, were amongst his customers. Now we celebrate the comeback of this exclusive brand. Carl Suchy, born in Prague in 1796, soon takes a life-changing decision: he becomes a watch making apprentice. After seven wandering years in Germany, Suchy returns to Prague and opens a clock manufacture in 1822. His goal, associating his passion for precision and design with his name, is achieved with the help of his four sons: With their entry into the business, Carl Suchy &amp; S\u00f6hne soon becomes the most important watchmaker of the Austro-Hungarian Monarchy. The oldest son Carl Suchy Junior establishes a pocket watch factory in the Swiss Watch Valley \u201eLa Chaux-de-Fonds\u201c, his younger brother Hans opens a store in the historical center of Vienna. Suchy watches are desired objects across Austria\u2019s borders, delight visitors and the press at world fairs such as Paris, and are essential accessories at the royal courts, aristocratic estates and the salons of [&hellip;]<\/p>\n","protected":false},"author":2,"featured_media":0,"parent":0,"menu_order":-80,"comment_status":"closed","ping_status":"closed","template":"","meta":{"_acf_changed":false,"content-type":"","footnotes":""},"acf":[],"yoast_head":"<!-- This site is optimized with the Yoast SEO plugin v23.5 - https:\/\/yoast.com\/wordpress\/plugins\/seo\/ -->\n<title>Geschichte \u2013 \u00d6sterreichs Uhrenmarke seit 1822 | Carl Suchy &amp; S\u00f6hne<\/title>\n<meta name=\"description\" content=\"Lernen Sie mehr \u00fcber die Geschichte von \u00d6sterreichs Luxusuhrenmarke, deren Kunden Kaiserin Sisi, Kaiser Franz Joseph I und Sigmund Freud waren.\" \/>\n<meta name=\"robots\" content=\"index, follow, max-snippet:-1, max-image-preview:large, max-video-preview:-1\" \/>\n<link rel=\"canonical\" href=\"https:\/\/www.carlsuchy.com\/de\/geschichte\/\" \/>\n<meta property=\"og:locale\" content=\"de_DE\" \/>\n<meta property=\"og:type\" content=\"article\" \/>\n<meta property=\"og:title\" content=\"Geschichte \u2013 \u00d6sterreichs Uhrenmarke seit 1822 | Carl Suchy &amp; S\u00f6hne\" \/>\n<meta property=\"og:description\" content=\"Lernen Sie mehr \u00fcber die Geschichte von \u00d6sterreichs Luxusuhrenmarke, deren Kunden Kaiserin Sisi, Kaiser Franz Joseph I und Sigmund Freud waren.\" \/>\n<meta property=\"og:url\" content=\"https:\/\/www.carlsuchy.com\/de\/geschichte\/\" \/>\n<meta property=\"og:site_name\" content=\"Carl Suchy &amp; S\u00f6hne\" \/>\n<meta property=\"article:publisher\" content=\"https:\/\/www.facebook.com\/carlsuchy\/\" \/>\n<meta property=\"article:modified_time\" content=\"2023-06-20T09:47:34+00:00\" \/>\n<meta name=\"twitter:card\" content=\"summary_large_image\" \/>\n<meta name=\"twitter:label1\" content=\"Gesch\u00e4tzte Lesezeit\" \/>\n\t<meta name=\"twitter:data1\" content=\"2\u00a0Minuten\" \/>\n<script type=\"application\/ld+json\" class=\"yoast-schema-graph\">{\"@context\":\"https:\/\/schema.org\",\"@graph\":[{\"@type\":\"WebPage\",\"@id\":\"https:\/\/www.carlsuchy.com\/de\/geschichte\/\",\"url\":\"https:\/\/www.carlsuchy.com\/de\/geschichte\/\",\"name\":\"Geschichte \u2013 \u00d6sterreichs Uhrenmarke seit 1822 | Carl Suchy & S\u00f6hne\",\"isPartOf\":{\"@id\":\"https:\/\/www.carlsuchy.com\/de\/#website\"},\"datePublished\":\"2015-10-28T19:04:57+00:00\",\"dateModified\":\"2023-06-20T09:47:34+00:00\",\"description\":\"Lernen Sie mehr \u00fcber die Geschichte von \u00d6sterreichs Luxusuhrenmarke, deren Kunden Kaiserin Sisi, Kaiser Franz Joseph I und Sigmund Freud waren.\",\"breadcrumb\":{\"@id\":\"https:\/\/www.carlsuchy.com\/de\/geschichte\/#breadcrumb\"},\"inLanguage\":\"de\",\"potentialAction\":[{\"@type\":\"ReadAction\",\"target\":[\"https:\/\/www.carlsuchy.com\/de\/geschichte\/\"]}]},{\"@type\":\"BreadcrumbList\",\"@id\":\"https:\/\/www.carlsuchy.com\/de\/geschichte\/#breadcrumb\",\"itemListElement\":[{\"@type\":\"ListItem\",\"position\":1,\"name\":\"Home\",\"item\":\"https:\/\/www.carlsuchy.com\/de\/\"},{\"@type\":\"ListItem\",\"position\":2,\"name\":\"Geschichte\"}]},{\"@type\":\"WebSite\",\"@id\":\"https:\/\/www.carlsuchy.com\/de\/#website\",\"url\":\"https:\/\/www.carlsuchy.com\/de\/\",\"name\":\"Carl Suchy &amp; S\u00f6hne\",\"description\":\"\",\"publisher\":{\"@id\":\"https:\/\/www.carlsuchy.com\/de\/#organization\"},\"potentialAction\":[{\"@type\":\"SearchAction\",\"target\":{\"@type\":\"EntryPoint\",\"urlTemplate\":\"https:\/\/www.carlsuchy.com\/de\/?s={search_term_string}\"},\"query-input\":{\"@type\":\"PropertyValueSpecification\",\"valueRequired\":true,\"valueName\":\"search_term_string\"}}],\"inLanguage\":\"de\"},{\"@type\":\"Organization\",\"@id\":\"https:\/\/www.carlsuchy.com\/de\/#organization\",\"name\":\"Carl Suchy & S\u00f6hne\",\"url\":\"https:\/\/www.carlsuchy.com\/de\/\",\"logo\":{\"@type\":\"ImageObject\",\"inLanguage\":\"de\",\"@id\":\"https:\/\/www.carlsuchy.com\/de\/#\/schema\/logo\/image\/\",\"url\":\"https:\/\/www.carlsuchy.com\/wp-content\/uploads\/2018\/05\/logo.svg\",\"contentUrl\":\"https:\/\/www.carlsuchy.com\/wp-content\/uploads\/2018\/05\/logo.svg\",\"width\":1,\"height\":1,\"caption\":\"Carl Suchy & S\u00f6hne\"},\"image\":{\"@id\":\"https:\/\/www.carlsuchy.com\/de\/#\/schema\/logo\/image\/\"},\"sameAs\":[\"https:\/\/www.facebook.com\/carlsuchy\/\",\"https:\/\/www.instagram.com\/carlsuchy\/?hl=de\",\"https:\/\/www.linkedin.com\/company\/carl-suchy-&amp;-s\u00f6hne\/\",\"https:\/\/www.pinterest.de\/carlsuchy1822\/\",\"https:\/\/www.youtube.com\/channel\/UCiaaduvFGuyeWS7ZUOXxGSA\"]}]}<\/script>\n<!-- \/ Yoast SEO plugin. -->","yoast_head_json":{"title":"Geschichte \u2013 \u00d6sterreichs Uhrenmarke seit 1822 | Carl Suchy & S\u00f6hne","description":"Lernen Sie mehr \u00fcber die Geschichte von \u00d6sterreichs Luxusuhrenmarke, deren Kunden Kaiserin Sisi, Kaiser Franz Joseph I und Sigmund Freud waren.","robots":{"index":"index","follow":"follow","max-snippet":"max-snippet:-1","max-image-preview":"max-image-preview:large","max-video-preview":"max-video-preview:-1"},"canonical":"https:\/\/www.carlsuchy.com\/de\/geschichte\/","og_locale":"de_DE","og_type":"article","og_title":"Geschichte \u2013 \u00d6sterreichs Uhrenmarke seit 1822 | Carl Suchy & S\u00f6hne","og_description":"Lernen Sie mehr \u00fcber die Geschichte von \u00d6sterreichs Luxusuhrenmarke, deren Kunden Kaiserin Sisi, Kaiser Franz Joseph I und Sigmund Freud waren.","og_url":"https:\/\/www.carlsuchy.com\/de\/geschichte\/","og_site_name":"Carl Suchy &amp; S\u00f6hne","article_publisher":"https:\/\/www.facebook.com\/carlsuchy\/","article_modified_time":"2023-06-20T09:47:34+00:00","twitter_card":"summary_large_image","twitter_misc":{"Gesch\u00e4tzte Lesezeit":"2\u00a0Minuten"},"schema":{"@context":"https:\/\/schema.org","@graph":[{"@type":"WebPage","@id":"https:\/\/www.carlsuchy.com\/de\/geschichte\/","url":"https:\/\/www.carlsuchy.com\/de\/geschichte\/","name":"Geschichte \u2013 \u00d6sterreichs Uhrenmarke seit 1822 | Carl Suchy & S\u00f6hne","isPartOf":{"@id":"https:\/\/www.carlsuchy.com\/de\/#website"},"datePublished":"2015-10-28T19:04:57+00:00","dateModified":"2023-06-20T09:47:34+00:00","description":"Lernen Sie mehr \u00fcber die Geschichte von \u00d6sterreichs Luxusuhrenmarke, deren Kunden Kaiserin Sisi, Kaiser Franz Joseph I und Sigmund Freud waren.","breadcrumb":{"@id":"https:\/\/www.carlsuchy.com\/de\/geschichte\/#breadcrumb"},"inLanguage":"de","potentialAction":[{"@type":"ReadAction","target":["https:\/\/www.carlsuchy.com\/de\/geschichte\/"]}]},{"@type":"BreadcrumbList","@id":"https:\/\/www.carlsuchy.com\/de\/geschichte\/#breadcrumb","itemListElement":[{"@type":"ListItem","position":1,"name":"Home","item":"https:\/\/www.carlsuchy.com\/de\/"},{"@type":"ListItem","position":2,"name":"Geschichte"}]},{"@type":"WebSite","@id":"https:\/\/www.carlsuchy.com\/de\/#website","url":"https:\/\/www.carlsuchy.com\/de\/","name":"Carl Suchy &amp; S\u00f6hne","description":"","publisher":{"@id":"https:\/\/www.carlsuchy.com\/de\/#organization"},"potentialAction":[{"@type":"SearchAction","target":{"@type":"EntryPoint","urlTemplate":"https:\/\/www.carlsuchy.com\/de\/?s={search_term_string}"},"query-input":{"@type":"PropertyValueSpecification","valueRequired":true,"valueName":"search_term_string"}}],"inLanguage":"de"},{"@type":"Organization","@id":"https:\/\/www.carlsuchy.com\/de\/#organization","name":"Carl Suchy & S\u00f6hne","url":"https:\/\/www.carlsuchy.com\/de\/","logo":{"@type":"ImageObject","inLanguage":"de","@id":"https:\/\/www.carlsuchy.com\/de\/#\/schema\/logo\/image\/","url":"https:\/\/www.carlsuchy.com\/wp-content\/uploads\/2018\/05\/logo.svg","contentUrl":"https:\/\/www.carlsuchy.com\/wp-content\/uploads\/2018\/05\/logo.svg","width":1,"height":1,"caption":"Carl Suchy & S\u00f6hne"},"image":{"@id":"https:\/\/www.carlsuchy.com\/de\/#\/schema\/logo\/image\/"},"sameAs":["https:\/\/www.facebook.com\/carlsuchy\/","https:\/\/www.instagram.com\/carlsuchy\/?hl=de","https:\/\/www.linkedin.com\/company\/carl-suchy-&amp;-s\u00f6hne\/","https:\/\/www.pinterest.de\/carlsuchy1822\/","https:\/\/www.youtube.com\/channel\/UCiaaduvFGuyeWS7ZUOXxGSA"]}]}},"_links":{"self":[{"href":"https:\/\/www.carlsuchy.com\/de\/wp-json\/wp\/v2\/pages\/3876"}],"collection":[{"href":"https:\/\/www.carlsuchy.com\/de\/wp-json\/wp\/v2\/pages"}],"about":[{"href":"https:\/\/www.carlsuchy.com\/de\/wp-json\/wp\/v2\/types\/page"}],"author":[{"embeddable":true,"href":"https:\/\/www.carlsuchy.com\/de\/wp-json\/wp\/v2\/users\/2"}],"replies":[{"embeddable":true,"href":"https:\/\/www.carlsuchy.com\/de\/wp-json\/wp\/v2\/comments?post=3876"}],"version-history":[{"count":14,"href":"https:\/\/www.carlsuchy.com\/de\/wp-json\/wp\/v2\/pages\/3876\/revisions"}],"predecessor-version":[{"id":8161,"href":"https:\/\/www.carlsuchy.com\/de\/wp-json\/wp\/v2\/pages\/3876\/revisions\/8161"}],"wp:attachment":[{"href":"https:\/\/www.carlsuchy.com\/de\/wp-json\/wp\/v2\/media?parent=3876"}],"curies":[{"name":"wp","href":"https:\/\/api.w.org\/{rel}","templated":true}]}}