


{"id":7080,"date":"2021-09-15T11:03:09","date_gmt":"2021-09-15T11:03:09","guid":{"rendered":"https:\/\/www.carlsuchy.com\/?page_id=7080"},"modified":"2023-03-31T10:54:36","modified_gmt":"2023-03-31T10:54:36","slug":"coming-soon","status":"publish","type":"page","link":"https:\/\/www.carlsuchy.com\/de\/coming-soon\/","title":{"rendered":"Coming Soon"},"content":{"rendered":"<h1>TABLE WALTZ<br \/>\nCOMING SOON<\/h1>\n<p>Die Table Waltz von Carl Suchy &amp; S\u00f6hne verspr\u00fcht den Charme des kaiserlichen Wiens in modernem Design. Die erste in \u00d6sterreich hergestellte Tischuhr seit \u00fcber hundert Jahren wird in einer streng limitierten Auflage von zehn St\u00fcck handgefertigt.<\/p>\n<p>Tragen Sie sich in die Warteliste ein, um per E-Mail benachrichtigt zu werden, sobald die streng limitierte Table Waltz verf\u00fcgbar ist.<\/p>\n<p>Erh\u00e4ltlich ab September 2021.<\/p>\n<div><\/div>\n<p>&nbsp;<\/p>\n","protected":false},"excerpt":{"rendered":"<p>TABLE WALTZ COMING SOON Die Table Waltz von Carl Suchy &amp; S\u00f6hne verspr\u00fcht den Charme des kaiserlichen Wiens in modernem Design. Die erste in \u00d6sterreich hergestellte Tischuhr seit \u00fcber hundert Jahren wird in einer streng limitierten Auflage von zehn St\u00fcck handgefertigt. Tragen Sie sich in die Warteliste ein, um per E-Mail benachrichtigt zu werden, sobald die streng limitierte Table Waltz verf\u00fcgbar ist. Erh\u00e4ltlich ab September 2021. &nbsp;<\/p>\n","protected":false},"author":7,"featured_media":0,"parent":0,"menu_order":0,"comment_status":"closed","ping_status":"closed","template":"coming-soon.php","meta":{"_acf_changed":false,"content-type":"","footnotes":""},"acf":[],"yoast_head":"<!-- This site is optimized with the Yoast SEO plugin v23.5 - https:\/\/yoast.com\/wordpress\/plugins\/seo\/ -->\n<title>Coming Soon &#8211; Carl Suchy &amp; S\u00f6hne<\/title>\n<meta name=\"description\" content=\"TABLE WALTZ COMING SOON Die Table Waltz von Carl Suchy &amp; S\u00f6hne verspr\u00fcht den Charme des kaiserlichen Wiens in modernem Design. Die erste in \u00d6sterreich hergestellte Tischuhr seit \u00fcber hundert Jahren wird in einer streng limitierten Auflage von zehn St\u00fcck handgefertigt. Tragen Sie sich in\" \/>\n<meta name=\"robots\" content=\"index, follow, max-snippet:-1, max-image-preview:large, max-video-preview:-1\" \/>\n<link rel=\"canonical\" href=\"https:\/\/www.carlsuchy.com\/de\/coming-soon\/\" \/>\n<meta property=\"og:locale\" content=\"de_DE\" \/>\n<meta property=\"og:type\" content=\"article\" \/>\n<meta property=\"og:title\" content=\"Coming Soon &#8211; Carl Suchy &amp; S\u00f6hne\" \/>\n<meta property=\"og:description\" content=\"TABLE WALTZ COMING SOON Die Table Waltz von Carl Suchy &amp; S\u00f6hne verspr\u00fcht den Charme des kaiserlichen Wiens in modernem Design. Die erste in \u00d6sterreich hergestellte Tischuhr seit \u00fcber hundert Jahren wird in einer streng limitierten Auflage von zehn St\u00fcck handgefertigt. Tragen Sie sich in\" \/>\n<meta property=\"og:url\" content=\"https:\/\/www.carlsuchy.com\/de\/coming-soon\/\" \/>\n<meta property=\"og:site_name\" content=\"Carl Suchy &amp; S\u00f6hne\" \/>\n<meta property=\"article:publisher\" content=\"https:\/\/www.facebook.com\/carlsuchy\/\" \/>\n<meta property=\"article:modified_time\" content=\"2023-03-31T10:54:36+00:00\" \/>\n<meta name=\"twitter:card\" content=\"summary_large_image\" \/>\n<meta name=\"twitter:label1\" content=\"Gesch\u00e4tzte Lesezeit\" \/>\n\t<meta name=\"twitter:data1\" content=\"1\u00a0Minute\" \/>\n<script type=\"application\/ld+json\" class=\"yoast-schema-graph\">{\"@context\":\"https:\/\/schema.org\",\"@graph\":[{\"@type\":\"WebPage\",\"@id\":\"https:\/\/www.carlsuchy.com\/de\/coming-soon\/\",\"url\":\"https:\/\/www.carlsuchy.com\/de\/coming-soon\/\",\"name\":\"Coming Soon &#8211; Carl Suchy &amp; S\u00f6hne\",\"isPartOf\":{\"@id\":\"https:\/\/www.carlsuchy.com\/de\/#website\"},\"datePublished\":\"2021-09-15T11:03:09+00:00\",\"dateModified\":\"2023-03-31T10:54:36+00:00\",\"description\":\"TABLE WALTZ COMING SOON Die Table Waltz von Carl Suchy &amp; S\u00f6hne verspr\u00fcht den Charme des kaiserlichen Wiens in modernem Design. Die erste in \u00d6sterreich hergestellte Tischuhr seit \u00fcber hundert Jahren wird in einer streng limitierten Auflage von zehn St\u00fcck handgefertigt. Tragen Sie sich in\",\"breadcrumb\":{\"@id\":\"https:\/\/www.carlsuchy.com\/de\/coming-soon\/#breadcrumb\"},\"inLanguage\":\"de\",\"potentialAction\":[{\"@type\":\"ReadAction\",\"target\":[\"https:\/\/www.carlsuchy.com\/de\/coming-soon\/\"]}]},{\"@type\":\"BreadcrumbList\",\"@id\":\"https:\/\/www.carlsuchy.com\/de\/coming-soon\/#breadcrumb\",\"itemListElement\":[{\"@type\":\"ListItem\",\"position\":1,\"name\":\"Home\",\"item\":\"https:\/\/www.carlsuchy.com\/de\/\"},{\"@type\":\"ListItem\",\"position\":2,\"name\":\"Coming Soon\"}]},{\"@type\":\"WebSite\",\"@id\":\"https:\/\/www.carlsuchy.com\/de\/#website\",\"url\":\"https:\/\/www.carlsuchy.com\/de\/\",\"name\":\"Carl Suchy &amp; S\u00f6hne\",\"description\":\"\",\"publisher\":{\"@id\":\"https:\/\/www.carlsuchy.com\/de\/#organization\"},\"potentialAction\":[{\"@type\":\"SearchAction\",\"target\":{\"@type\":\"EntryPoint\",\"urlTemplate\":\"https:\/\/www.carlsuchy.com\/de\/?s={search_term_string}\"},\"query-input\":{\"@type\":\"PropertyValueSpecification\",\"valueRequired\":true,\"valueName\":\"search_term_string\"}}],\"inLanguage\":\"de\"},{\"@type\":\"Organization\",\"@id\":\"https:\/\/www.carlsuchy.com\/de\/#organization\",\"name\":\"Carl Suchy & S\u00f6hne\",\"url\":\"https:\/\/www.carlsuchy.com\/de\/\",\"logo\":{\"@type\":\"ImageObject\",\"inLanguage\":\"de\",\"@id\":\"https:\/\/www.carlsuchy.com\/de\/#\/schema\/logo\/image\/\",\"url\":\"https:\/\/www.carlsuchy.com\/wp-content\/uploads\/2018\/05\/logo.svg\",\"contentUrl\":\"https:\/\/www.carlsuchy.com\/wp-content\/uploads\/2018\/05\/logo.svg\",\"width\":1,\"height\":1,\"caption\":\"Carl Suchy & S\u00f6hne\"},\"image\":{\"@id\":\"https:\/\/www.carlsuchy.com\/de\/#\/schema\/logo\/image\/\"},\"sameAs\":[\"https:\/\/www.facebook.com\/carlsuchy\/\",\"https:\/\/www.instagram.com\/carlsuchy\/?hl=de\",\"https:\/\/www.linkedin.com\/company\/carl-suchy-&amp;-s\u00f6hne\/\",\"https:\/\/www.pinterest.de\/carlsuchy1822\/\",\"https:\/\/www.youtube.com\/channel\/UCiaaduvFGuyeWS7ZUOXxGSA\"]}]}<\/script>\n<!-- \/ Yoast SEO plugin. -->","yoast_head_json":{"title":"Coming Soon &#8211; Carl Suchy &amp; S\u00f6hne","description":"TABLE WALTZ COMING SOON Die Table Waltz von Carl Suchy &amp; S\u00f6hne verspr\u00fcht den Charme des kaiserlichen Wiens in modernem Design. Die erste in \u00d6sterreich hergestellte Tischuhr seit \u00fcber hundert Jahren wird in einer streng limitierten Auflage von zehn St\u00fcck handgefertigt. Tragen Sie sich in","robots":{"index":"index","follow":"follow","max-snippet":"max-snippet:-1","max-image-preview":"max-image-preview:large","max-video-preview":"max-video-preview:-1"},"canonical":"https:\/\/www.carlsuchy.com\/de\/coming-soon\/","og_locale":"de_DE","og_type":"article","og_title":"Coming Soon &#8211; Carl Suchy &amp; S\u00f6hne","og_description":"TABLE WALTZ COMING SOON Die Table Waltz von Carl Suchy &amp; S\u00f6hne verspr\u00fcht den Charme des kaiserlichen Wiens in modernem Design. Die erste in \u00d6sterreich hergestellte Tischuhr seit \u00fcber hundert Jahren wird in einer streng limitierten Auflage von zehn St\u00fcck handgefertigt. Tragen Sie sich in","og_url":"https:\/\/www.carlsuchy.com\/de\/coming-soon\/","og_site_name":"Carl Suchy &amp; S\u00f6hne","article_publisher":"https:\/\/www.facebook.com\/carlsuchy\/","article_modified_time":"2023-03-31T10:54:36+00:00","twitter_card":"summary_large_image","twitter_misc":{"Gesch\u00e4tzte Lesezeit":"1\u00a0Minute"},"schema":{"@context":"https:\/\/schema.org","@graph":[{"@type":"WebPage","@id":"https:\/\/www.carlsuchy.com\/de\/coming-soon\/","url":"https:\/\/www.carlsuchy.com\/de\/coming-soon\/","name":"Coming Soon &#8211; Carl Suchy &amp; S\u00f6hne","isPartOf":{"@id":"https:\/\/www.carlsuchy.com\/de\/#website"},"datePublished":"2021-09-15T11:03:09+00:00","dateModified":"2023-03-31T10:54:36+00:00","description":"TABLE WALTZ COMING SOON Die Table Waltz von Carl Suchy &amp; S\u00f6hne verspr\u00fcht den Charme des kaiserlichen Wiens in modernem Design. Die erste in \u00d6sterreich hergestellte Tischuhr seit \u00fcber hundert Jahren wird in einer streng limitierten Auflage von zehn St\u00fcck handgefertigt. Tragen Sie sich in","breadcrumb":{"@id":"https:\/\/www.carlsuchy.com\/de\/coming-soon\/#breadcrumb"},"inLanguage":"de","potentialAction":[{"@type":"ReadAction","target":["https:\/\/www.carlsuchy.com\/de\/coming-soon\/"]}]},{"@type":"BreadcrumbList","@id":"https:\/\/www.carlsuchy.com\/de\/coming-soon\/#breadcrumb","itemListElement":[{"@type":"ListItem","position":1,"name":"Home","item":"https:\/\/www.carlsuchy.com\/de\/"},{"@type":"ListItem","position":2,"name":"Coming Soon"}]},{"@type":"WebSite","@id":"https:\/\/www.carlsuchy.com\/de\/#website","url":"https:\/\/www.carlsuchy.com\/de\/","name":"Carl Suchy &amp; S\u00f6hne","description":"","publisher":{"@id":"https:\/\/www.carlsuchy.com\/de\/#organization"},"potentialAction":[{"@type":"SearchAction","target":{"@type":"EntryPoint","urlTemplate":"https:\/\/www.carlsuchy.com\/de\/?s={search_term_string}"},"query-input":{"@type":"PropertyValueSpecification","valueRequired":true,"valueName":"search_term_string"}}],"inLanguage":"de"},{"@type":"Organization","@id":"https:\/\/www.carlsuchy.com\/de\/#organization","name":"Carl Suchy & S\u00f6hne","url":"https:\/\/www.carlsuchy.com\/de\/","logo":{"@type":"ImageObject","inLanguage":"de","@id":"https:\/\/www.carlsuchy.com\/de\/#\/schema\/logo\/image\/","url":"https:\/\/www.carlsuchy.com\/wp-content\/uploads\/2018\/05\/logo.svg","contentUrl":"https:\/\/www.carlsuchy.com\/wp-content\/uploads\/2018\/05\/logo.svg","width":1,"height":1,"caption":"Carl Suchy & S\u00f6hne"},"image":{"@id":"https:\/\/www.carlsuchy.com\/de\/#\/schema\/logo\/image\/"},"sameAs":["https:\/\/www.facebook.com\/carlsuchy\/","https:\/\/www.instagram.com\/carlsuchy\/?hl=de","https:\/\/www.linkedin.com\/company\/carl-suchy-&amp;-s\u00f6hne\/","https:\/\/www.pinterest.de\/carlsuchy1822\/","https:\/\/www.youtube.com\/channel\/UCiaaduvFGuyeWS7ZUOXxGSA"]}]}},"_links":{"self":[{"href":"https:\/\/www.carlsuchy.com\/de\/wp-json\/wp\/v2\/pages\/7080"}],"collection":[{"href":"https:\/\/www.carlsuchy.com\/de\/wp-json\/wp\/v2\/pages"}],"about":[{"href":"https:\/\/www.carlsuchy.com\/de\/wp-json\/wp\/v2\/types\/page"}],"author":[{"embeddable":true,"href":"https:\/\/www.carlsuchy.com\/de\/wp-json\/wp\/v2\/users\/7"}],"replies":[{"embeddable":true,"href":"https:\/\/www.carlsuchy.com\/de\/wp-json\/wp\/v2\/comments?post=7080"}],"version-history":[{"count":12,"href":"https:\/\/www.carlsuchy.com\/de\/wp-json\/wp\/v2\/pages\/7080\/revisions"}],"predecessor-version":[{"id":7164,"href":"https:\/\/www.carlsuchy.com\/de\/wp-json\/wp\/v2\/pages\/7080\/revisions\/7164"}],"wp:attachment":[{"href":"https:\/\/www.carlsuchy.com\/de\/wp-json\/wp\/v2\/media?parent=7080"}],"curies":[{"name":"wp","href":"https:\/\/api.w.org\/{rel}","templated":true}]}}