


{"id":20078,"date":"2024-02-07T09:38:50","date_gmt":"2024-02-07T09:38:49","guid":{"rendered":"https:\/\/www.carlsuchy.com\/?post_type=product&#038;p=20078"},"modified":"2025-02-04T13:13:04","modified_gmt":"2025-02-04T13:13:04","slug":"waltz-n1-moll","status":"publish","type":"product","link":"https:\/\/www.carlsuchy.com\/de\/produkt\/waltz-n1-moll\/","title":{"rendered":"Waltz N\u00b01 Moll"},"content":{"rendered":"<p class=\"p1\">UHRWERK<br \/>\nDie Waltz N\u00b01 Moll ist mit dem ultrad\u00fcnnen Automatikuhrwerk VMF 5401 mit Mikrorotor ausgestattet. Die vergoldete dezentrale Schwungmasse ist besonders leicht und verschafft der Uhr eine Ganglaufzeit von 48 Stunden.<\/p>\n<p class=\"p1\">GEH\u00c4USE<br \/>\nDie Waltz N\u00b01 Moll hat ein 41,5 mm Geh\u00e4use aus Edelstahl in schwarz und silber, das mit dem Gegensatz von matten und polierten Oberfl\u00e4chen spielt. Der Geh\u00e4useboden ist aus entspiegeltem Saphirglas, sodass das Uhrwerk sichtbar ist.<\/p>\n<p class=\"p1\">ZIFFERBLATT<br \/>\nDas Zifferblatt ist wei\u00df und durch ein zweigeteiltes liniertes Guilloch\u00e9muster geziert. Eine gleich gemusterte schwarze rotierende Sekundenscheibe bei sechs Uhr schlie\u00dft zu jeder vollen Minute mit dem Muster des Zifferblattes und verleiht der Waltz N\u00b01Moll ihr charakteristisches Aussehen.<\/p>\n<p class=\"p1\">ARMBAND UND SCHNALLE<br \/>\nF\u00fcr das Armband der Waltz N\u00b01 Moll wird hochwertiges seidenmattes Kalbsleder mit schwarzen N\u00e4hten und eleganten Details verwendet. Das Muster an der Innenseite des Armbandes referenziert die Wiener Moderne. Die Sicherheitsfaltschlie\u00dfe aus Edelstahl bietet h\u00f6chsten Tragekomfort und Sicherheit. Die Schlie\u00dfe ziert das historische Doppelgreifen-Abzeichen von Carl Suchy &amp; S\u00f6hne.<\/p>\n","protected":false},"excerpt":{"rendered":"<div class=\"text-container\">\n<p class=\"p1\">Edelstahlgeh\u00e4use in Silber und Schwarz<br \/>\nSilber und Schwarzes Zifferblatt<\/p>\n<\/div>\n","protected":false},"featured_media":20089,"template":"","meta":{"_acf_changed":false,"content-type":""},"product_cat":[24],"product_tag":[],"acf":[],"yoast_head":"<!-- This site is optimized with the Yoast SEO plugin v23.5 - https:\/\/yoast.com\/wordpress\/plugins\/seo\/ -->\n<title>Carl Suchy &amp; S\u00f6hne Waltz N\u00b01 - Stainless Steel, Silver Dial<\/title>\n<meta name=\"description\" content=\"Carl Suchy &amp; S\u00f6hne&#039;s Waltz N\u00b01 \u2013 a timeless handcrafted automatic wristwatch inspired by the ingenious minimalistic design of Austrian architect Adolf Loos.\" \/>\n<meta name=\"robots\" content=\"index, follow, max-snippet:-1, max-image-preview:large, max-video-preview:-1\" \/>\n<link rel=\"canonical\" href=\"https:\/\/www.carlsuchy.com\/de\/produkt\/waltz-n1-moll\/\" \/>\n<meta property=\"og:locale\" content=\"de_DE\" \/>\n<meta property=\"og:type\" content=\"article\" \/>\n<meta property=\"og:title\" content=\"Carl Suchy &amp; S\u00f6hne Waltz N\u00b01 - Stainless Steel, Silver Dial\" \/>\n<meta property=\"og:description\" content=\"Carl Suchy &amp; S\u00f6hne&#039;s Waltz N\u00b01 \u2013 a timeless handcrafted automatic wristwatch inspired by the ingenious minimalistic design of Austrian architect Adolf Loos.\" \/>\n<meta property=\"og:url\" content=\"https:\/\/www.carlsuchy.com\/de\/produkt\/waltz-n1-moll\/\" \/>\n<meta property=\"og:site_name\" content=\"Carl Suchy &amp; S\u00f6hne\" \/>\n<meta property=\"article:publisher\" content=\"https:\/\/www.facebook.com\/carlsuchy\/\" \/>\n<meta property=\"article:modified_time\" content=\"2025-02-04T13:13:04+00:00\" \/>\n<meta property=\"og:image\" content=\"https:\/\/www.carlsuchy.com\/wp-content\/uploads\/2024\/02\/Moll-Product-0-1.png\" \/>\n\t<meta property=\"og:image:width\" content=\"300\" \/>\n\t<meta property=\"og:image:height\" content=\"504\" \/>\n\t<meta property=\"og:image:type\" content=\"image\/png\" \/>\n<meta name=\"twitter:card\" content=\"summary_large_image\" \/>\n<meta name=\"twitter:label1\" content=\"Gesch\u00e4tzte Lesezeit\" \/>\n\t<meta name=\"twitter:data1\" content=\"4\u00a0Minuten\" \/>\n<script type=\"application\/ld+json\" class=\"yoast-schema-graph\">{\"@context\":\"https:\/\/schema.org\",\"@graph\":[{\"@type\":\"WebPage\",\"@id\":\"https:\/\/www.carlsuchy.com\/de\/produkt\/waltz-n1-moll\/\",\"url\":\"https:\/\/www.carlsuchy.com\/de\/produkt\/waltz-n1-moll\/\",\"name\":\"Carl Suchy & S\u00f6hne Waltz N\u00b01 - Stainless Steel, Silver Dial\",\"isPartOf\":{\"@id\":\"https:\/\/www.carlsuchy.com\/de\/#website\"},\"primaryImageOfPage\":{\"@id\":\"https:\/\/www.carlsuchy.com\/de\/produkt\/waltz-n1-moll\/#primaryimage\"},\"image\":{\"@id\":\"https:\/\/www.carlsuchy.com\/de\/produkt\/waltz-n1-moll\/#primaryimage\"},\"thumbnailUrl\":\"https:\/\/www.carlsuchy.com\/wp-content\/uploads\/2024\/02\/Moll-Product-0-1.png\",\"datePublished\":\"2024-02-07T09:38:49+00:00\",\"dateModified\":\"2025-02-04T13:13:04+00:00\",\"description\":\"Carl Suchy & S\u00f6hne's Waltz N\u00b01 \u2013 a timeless handcrafted automatic wristwatch inspired by the ingenious minimalistic design of Austrian architect Adolf Loos.\",\"breadcrumb\":{\"@id\":\"https:\/\/www.carlsuchy.com\/de\/produkt\/waltz-n1-moll\/#breadcrumb\"},\"inLanguage\":\"de\",\"potentialAction\":[{\"@type\":\"ReadAction\",\"target\":[\"https:\/\/www.carlsuchy.com\/de\/produkt\/waltz-n1-moll\/\"]}]},{\"@type\":\"ImageObject\",\"inLanguage\":\"de\",\"@id\":\"https:\/\/www.carlsuchy.com\/de\/produkt\/waltz-n1-moll\/#primaryimage\",\"url\":\"https:\/\/www.carlsuchy.com\/wp-content\/uploads\/2024\/02\/Moll-Product-0-1.png\",\"contentUrl\":\"https:\/\/www.carlsuchy.com\/wp-content\/uploads\/2024\/02\/Moll-Product-0-1.png\",\"width\":300,\"height\":504,\"caption\":\"Moll-Thumbnail\"},{\"@type\":\"BreadcrumbList\",\"@id\":\"https:\/\/www.carlsuchy.com\/de\/produkt\/waltz-n1-moll\/#breadcrumb\",\"itemListElement\":[{\"@type\":\"ListItem\",\"position\":1,\"name\":\"Home\",\"item\":\"https:\/\/www.carlsuchy.com\/de\/\"},{\"@type\":\"ListItem\",\"position\":2,\"name\":\"Shop\",\"item\":\"https:\/\/www.carlsuchy.com\/shop\/\"},{\"@type\":\"ListItem\",\"position\":3,\"name\":\"Waltz N\u00b01 Moll\"}]},{\"@type\":\"WebSite\",\"@id\":\"https:\/\/www.carlsuchy.com\/de\/#website\",\"url\":\"https:\/\/www.carlsuchy.com\/de\/\",\"name\":\"Carl Suchy &amp; S\u00f6hne\",\"description\":\"\",\"publisher\":{\"@id\":\"https:\/\/www.carlsuchy.com\/de\/#organization\"},\"potentialAction\":[{\"@type\":\"SearchAction\",\"target\":{\"@type\":\"EntryPoint\",\"urlTemplate\":\"https:\/\/www.carlsuchy.com\/de\/?s={search_term_string}\"},\"query-input\":{\"@type\":\"PropertyValueSpecification\",\"valueRequired\":true,\"valueName\":\"search_term_string\"}}],\"inLanguage\":\"de\"},{\"@type\":\"Organization\",\"@id\":\"https:\/\/www.carlsuchy.com\/de\/#organization\",\"name\":\"Carl Suchy & S\u00f6hne\",\"url\":\"https:\/\/www.carlsuchy.com\/de\/\",\"logo\":{\"@type\":\"ImageObject\",\"inLanguage\":\"de\",\"@id\":\"https:\/\/www.carlsuchy.com\/de\/#\/schema\/logo\/image\/\",\"url\":\"https:\/\/www.carlsuchy.com\/wp-content\/uploads\/2018\/05\/logo.svg\",\"contentUrl\":\"https:\/\/www.carlsuchy.com\/wp-content\/uploads\/2018\/05\/logo.svg\",\"width\":1,\"height\":1,\"caption\":\"Carl Suchy & S\u00f6hne\"},\"image\":{\"@id\":\"https:\/\/www.carlsuchy.com\/de\/#\/schema\/logo\/image\/\"},\"sameAs\":[\"https:\/\/www.facebook.com\/carlsuchy\/\",\"https:\/\/www.instagram.com\/carlsuchy\/?hl=de\",\"https:\/\/www.linkedin.com\/company\/carl-suchy-&amp;-s\u00f6hne\/\",\"https:\/\/www.pinterest.de\/carlsuchy1822\/\",\"https:\/\/www.youtube.com\/channel\/UCiaaduvFGuyeWS7ZUOXxGSA\"]}]}<\/script>\n<!-- \/ Yoast SEO plugin. -->","yoast_head_json":{"title":"Carl Suchy & S\u00f6hne Waltz N\u00b01 - Stainless Steel, Silver Dial","description":"Carl Suchy & S\u00f6hne's Waltz N\u00b01 \u2013 a timeless handcrafted automatic wristwatch inspired by the ingenious minimalistic design of Austrian architect Adolf Loos.","robots":{"index":"index","follow":"follow","max-snippet":"max-snippet:-1","max-image-preview":"max-image-preview:large","max-video-preview":"max-video-preview:-1"},"canonical":"https:\/\/www.carlsuchy.com\/de\/produkt\/waltz-n1-moll\/","og_locale":"de_DE","og_type":"article","og_title":"Carl Suchy & S\u00f6hne Waltz N\u00b01 - Stainless Steel, Silver Dial","og_description":"Carl Suchy & S\u00f6hne's Waltz N\u00b01 \u2013 a timeless handcrafted automatic wristwatch inspired by the ingenious minimalistic design of Austrian architect Adolf Loos.","og_url":"https:\/\/www.carlsuchy.com\/de\/produkt\/waltz-n1-moll\/","og_site_name":"Carl Suchy &amp; S\u00f6hne","article_publisher":"https:\/\/www.facebook.com\/carlsuchy\/","article_modified_time":"2025-02-04T13:13:04+00:00","og_image":[{"width":300,"height":504,"url":"https:\/\/www.carlsuchy.com\/wp-content\/uploads\/2024\/02\/Moll-Product-0-1.png","type":"image\/png"}],"twitter_card":"summary_large_image","twitter_misc":{"Gesch\u00e4tzte Lesezeit":"4\u00a0Minuten"},"schema":{"@context":"https:\/\/schema.org","@graph":[{"@type":"WebPage","@id":"https:\/\/www.carlsuchy.com\/de\/produkt\/waltz-n1-moll\/","url":"https:\/\/www.carlsuchy.com\/de\/produkt\/waltz-n1-moll\/","name":"Carl Suchy & S\u00f6hne Waltz N\u00b01 - Stainless Steel, Silver Dial","isPartOf":{"@id":"https:\/\/www.carlsuchy.com\/de\/#website"},"primaryImageOfPage":{"@id":"https:\/\/www.carlsuchy.com\/de\/produkt\/waltz-n1-moll\/#primaryimage"},"image":{"@id":"https:\/\/www.carlsuchy.com\/de\/produkt\/waltz-n1-moll\/#primaryimage"},"thumbnailUrl":"https:\/\/www.carlsuchy.com\/wp-content\/uploads\/2024\/02\/Moll-Product-0-1.png","datePublished":"2024-02-07T09:38:49+00:00","dateModified":"2025-02-04T13:13:04+00:00","description":"Carl Suchy & S\u00f6hne's Waltz N\u00b01 \u2013 a timeless handcrafted automatic wristwatch inspired by the ingenious minimalistic design of Austrian architect Adolf Loos.","breadcrumb":{"@id":"https:\/\/www.carlsuchy.com\/de\/produkt\/waltz-n1-moll\/#breadcrumb"},"inLanguage":"de","potentialAction":[{"@type":"ReadAction","target":["https:\/\/www.carlsuchy.com\/de\/produkt\/waltz-n1-moll\/"]}]},{"@type":"ImageObject","inLanguage":"de","@id":"https:\/\/www.carlsuchy.com\/de\/produkt\/waltz-n1-moll\/#primaryimage","url":"https:\/\/www.carlsuchy.com\/wp-content\/uploads\/2024\/02\/Moll-Product-0-1.png","contentUrl":"https:\/\/www.carlsuchy.com\/wp-content\/uploads\/2024\/02\/Moll-Product-0-1.png","width":300,"height":504,"caption":"Moll-Thumbnail"},{"@type":"BreadcrumbList","@id":"https:\/\/www.carlsuchy.com\/de\/produkt\/waltz-n1-moll\/#breadcrumb","itemListElement":[{"@type":"ListItem","position":1,"name":"Home","item":"https:\/\/www.carlsuchy.com\/de\/"},{"@type":"ListItem","position":2,"name":"Shop","item":"https:\/\/www.carlsuchy.com\/shop\/"},{"@type":"ListItem","position":3,"name":"Waltz N\u00b01 Moll"}]},{"@type":"WebSite","@id":"https:\/\/www.carlsuchy.com\/de\/#website","url":"https:\/\/www.carlsuchy.com\/de\/","name":"Carl Suchy &amp; S\u00f6hne","description":"","publisher":{"@id":"https:\/\/www.carlsuchy.com\/de\/#organization"},"potentialAction":[{"@type":"SearchAction","target":{"@type":"EntryPoint","urlTemplate":"https:\/\/www.carlsuchy.com\/de\/?s={search_term_string}"},"query-input":{"@type":"PropertyValueSpecification","valueRequired":true,"valueName":"search_term_string"}}],"inLanguage":"de"},{"@type":"Organization","@id":"https:\/\/www.carlsuchy.com\/de\/#organization","name":"Carl Suchy & S\u00f6hne","url":"https:\/\/www.carlsuchy.com\/de\/","logo":{"@type":"ImageObject","inLanguage":"de","@id":"https:\/\/www.carlsuchy.com\/de\/#\/schema\/logo\/image\/","url":"https:\/\/www.carlsuchy.com\/wp-content\/uploads\/2018\/05\/logo.svg","contentUrl":"https:\/\/www.carlsuchy.com\/wp-content\/uploads\/2018\/05\/logo.svg","width":1,"height":1,"caption":"Carl Suchy & S\u00f6hne"},"image":{"@id":"https:\/\/www.carlsuchy.com\/de\/#\/schema\/logo\/image\/"},"sameAs":["https:\/\/www.facebook.com\/carlsuchy\/","https:\/\/www.instagram.com\/carlsuchy\/?hl=de","https:\/\/www.linkedin.com\/company\/carl-suchy-&amp;-s\u00f6hne\/","https:\/\/www.pinterest.de\/carlsuchy1822\/","https:\/\/www.youtube.com\/channel\/UCiaaduvFGuyeWS7ZUOXxGSA"]}]}},"_links":{"self":[{"href":"https:\/\/www.carlsuchy.com\/de\/wp-json\/wp\/v2\/product\/20078"}],"collection":[{"href":"https:\/\/www.carlsuchy.com\/de\/wp-json\/wp\/v2\/product"}],"about":[{"href":"https:\/\/www.carlsuchy.com\/de\/wp-json\/wp\/v2\/types\/product"}],"wp:featuredmedia":[{"embeddable":true,"href":"https:\/\/www.carlsuchy.com\/de\/wp-json\/wp\/v2\/media\/20089"}],"wp:attachment":[{"href":"https:\/\/www.carlsuchy.com\/de\/wp-json\/wp\/v2\/media?parent=20078"}],"wp:term":[{"taxonomy":"product_cat","embeddable":true,"href":"https:\/\/www.carlsuchy.com\/de\/wp-json\/wp\/v2\/product_cat?post=20078"},{"taxonomy":"product_tag","embeddable":true,"href":"https:\/\/www.carlsuchy.com\/de\/wp-json\/wp\/v2\/product_tag?post=20078"}],"curies":[{"name":"wp","href":"https:\/\/api.w.org\/{rel}","templated":true}]}}