


{"id":20999,"date":"2025-03-31T08:31:57","date_gmt":"2025-03-31T08:31:58","guid":{"rendered":"https:\/\/www.carlsuchy.com\/?post_type=product&#038;p=20999"},"modified":"2025-04-15T10:39:03","modified_gmt":"2025-04-15T10:39:03","slug":"viennanight","status":"publish","type":"product","link":"https:\/\/www.carlsuchy.com\/de\/produkt\/viennanight\/","title":{"rendered":"Vienna <br>Night"},"content":{"rendered":"<p>UHRWERK<br \/>\nHinter dem kratzfesten Saphirglasboden erblickt man den goldenen Mikrorotor, der aufwendig mit dem Carl Suchy &amp; S\u00f6hne-Logo graviert ist \u2013 darunter die Doppelgreife, die Habsburg-Krone und der Doppeladler. Das Uhrwerk wird vom ultraflachen Automatikkaliber VMF 5401 angetrieben, das eine Gangreserve von 48 Stunden bietet. Das Werk ist handwerklich veredelt und mit einem kunstvoll ausgef\u00fchrten C\u00f4tes-de-Vienne-Schliff verziert.<\/p>\n<p>GEH\u00c4USE<br \/>\nDie\u00a0<em>Vienna<\/em>\u00a0hat ein 39-mm-Geh\u00e4use aus Edelstahl, das mit dem Gegensatz von matten und polierten Oberfl\u00e4chen spielt. Mit einer H\u00f6he von nur 7,9 mm liegt das leichte Geh\u00e4use angenehm flach am Handgelenk.<\/p>\n<p>ZIFFERBLATT<br \/>\nDie feinen, geometrischen Linien der Vienna spiegeln die \u00c4sthetik der Stadt wider. Eric Giroud, der renommierte Designer der Vienna, beschreibt sie als eine Hommage an die Wiener Moderne<em>.\u00a0<\/em>Die Sekundenscheibe, die mit jeder Drehung ein Muster vollendet, schl\u00e4gt im Takt der Stadt.<em>\u00a0<\/em><\/p>\n<p>ARMBAND<br \/>\nDas Armband aus feinstem Leder mit Quick-Release-Federstegen birgt eine weitere subtile Hommage an Wien \u2013 auf seiner Innenseite ist das Muster der ikonischen Ziegel des Stephansdoms mikrograviert.<\/p>\n","protected":false},"excerpt":{"rendered":"<p style=\"text-align: center;\">Edelstahlgeh\u00e4use<br \/>\nSchwarz-wei\u00dfes Zifferblatt<\/p>\n","protected":false},"featured_media":21015,"template":"","meta":{"_acf_changed":false,"content-type":""},"product_cat":[76],"product_tag":[],"acf":[],"yoast_head":"<!-- This site is optimized with the Yoast SEO plugin v23.5 - https:\/\/yoast.com\/wordpress\/plugins\/seo\/ -->\n<title>Vienna Night &#8211; Carl Suchy &amp; S\u00f6hne<\/title>\n<meta name=\"description\" content=\"Carl Suchy &amp; S\u00f6hne &#8211; Edelstahlgeh\u00e4use Schwarz-wei\u00dfes Zifferblatt\" \/>\n<meta name=\"robots\" content=\"index, follow, max-snippet:-1, max-image-preview:large, max-video-preview:-1\" \/>\n<link rel=\"canonical\" href=\"https:\/\/www.carlsuchy.com\/de\/produkt\/viennanight\/\" \/>\n<meta property=\"og:locale\" content=\"de_DE\" \/>\n<meta property=\"og:type\" content=\"article\" \/>\n<meta property=\"og:title\" content=\"Vienna Night &#8211; Carl Suchy &amp; S\u00f6hne\" \/>\n<meta property=\"og:description\" content=\"Carl Suchy &amp; S\u00f6hne &#8211; Edelstahlgeh\u00e4use Schwarz-wei\u00dfes Zifferblatt\" \/>\n<meta property=\"og:url\" content=\"https:\/\/www.carlsuchy.com\/de\/produkt\/viennanight\/\" \/>\n<meta property=\"og:site_name\" content=\"Carl Suchy &amp; S\u00f6hne\" \/>\n<meta property=\"article:publisher\" content=\"https:\/\/www.facebook.com\/carlsuchy\/\" \/>\n<meta property=\"article:modified_time\" content=\"2025-04-15T10:39:03+00:00\" \/>\n<meta property=\"og:image\" content=\"https:\/\/www.carlsuchy.com\/wp-content\/uploads\/2025\/03\/CarlSuchy-Vienna-Night-Thumbnail.png\" \/>\n\t<meta property=\"og:image:width\" content=\"595\" \/>\n\t<meta property=\"og:image:height\" content=\"1000\" \/>\n\t<meta property=\"og:image:type\" content=\"image\/png\" \/>\n<meta name=\"twitter:card\" content=\"summary_large_image\" \/>\n<meta name=\"twitter:label1\" content=\"Gesch\u00e4tzte Lesezeit\" \/>\n\t<meta name=\"twitter:data1\" content=\"3\u00a0Minuten\" \/>\n<script type=\"application\/ld+json\" class=\"yoast-schema-graph\">{\"@context\":\"https:\/\/schema.org\",\"@graph\":[{\"@type\":\"WebPage\",\"@id\":\"https:\/\/www.carlsuchy.com\/de\/produkt\/viennanight\/\",\"url\":\"https:\/\/www.carlsuchy.com\/de\/produkt\/viennanight\/\",\"name\":\"Vienna Night &#8211; Carl Suchy &amp; S\u00f6hne\",\"isPartOf\":{\"@id\":\"https:\/\/www.carlsuchy.com\/de\/#website\"},\"primaryImageOfPage\":{\"@id\":\"https:\/\/www.carlsuchy.com\/de\/produkt\/viennanight\/#primaryimage\"},\"image\":{\"@id\":\"https:\/\/www.carlsuchy.com\/de\/produkt\/viennanight\/#primaryimage\"},\"thumbnailUrl\":\"https:\/\/www.carlsuchy.com\/wp-content\/uploads\/2025\/03\/CarlSuchy-Vienna-Night-Thumbnail.png\",\"datePublished\":\"2025-03-31T08:31:58+00:00\",\"dateModified\":\"2025-04-15T10:39:03+00:00\",\"description\":\"Carl Suchy &amp; S\u00f6hne &#8211; Edelstahlgeh\u00e4use Schwarz-wei\u00dfes Zifferblatt\",\"breadcrumb\":{\"@id\":\"https:\/\/www.carlsuchy.com\/de\/produkt\/viennanight\/#breadcrumb\"},\"inLanguage\":\"de\",\"potentialAction\":[{\"@type\":\"ReadAction\",\"target\":[\"https:\/\/www.carlsuchy.com\/de\/produkt\/viennanight\/\"]}]},{\"@type\":\"ImageObject\",\"inLanguage\":\"de\",\"@id\":\"https:\/\/www.carlsuchy.com\/de\/produkt\/viennanight\/#primaryimage\",\"url\":\"https:\/\/www.carlsuchy.com\/wp-content\/uploads\/2025\/03\/CarlSuchy-Vienna-Night-Thumbnail.png\",\"contentUrl\":\"https:\/\/www.carlsuchy.com\/wp-content\/uploads\/2025\/03\/CarlSuchy-Vienna-Night-Thumbnail.png\",\"width\":595,\"height\":1000},{\"@type\":\"BreadcrumbList\",\"@id\":\"https:\/\/www.carlsuchy.com\/de\/produkt\/viennanight\/#breadcrumb\",\"itemListElement\":[{\"@type\":\"ListItem\",\"position\":1,\"name\":\"Home\",\"item\":\"https:\/\/www.carlsuchy.com\/de\/\"},{\"@type\":\"ListItem\",\"position\":2,\"name\":\"Shop\",\"item\":\"https:\/\/www.carlsuchy.com\/shop\/\"},{\"@type\":\"ListItem\",\"position\":3,\"name\":\"Vienna Night\"}]},{\"@type\":\"WebSite\",\"@id\":\"https:\/\/www.carlsuchy.com\/de\/#website\",\"url\":\"https:\/\/www.carlsuchy.com\/de\/\",\"name\":\"Carl Suchy &amp; S\u00f6hne\",\"description\":\"\",\"publisher\":{\"@id\":\"https:\/\/www.carlsuchy.com\/de\/#organization\"},\"potentialAction\":[{\"@type\":\"SearchAction\",\"target\":{\"@type\":\"EntryPoint\",\"urlTemplate\":\"https:\/\/www.carlsuchy.com\/de\/?s={search_term_string}\"},\"query-input\":{\"@type\":\"PropertyValueSpecification\",\"valueRequired\":true,\"valueName\":\"search_term_string\"}}],\"inLanguage\":\"de\"},{\"@type\":\"Organization\",\"@id\":\"https:\/\/www.carlsuchy.com\/de\/#organization\",\"name\":\"Carl Suchy & S\u00f6hne\",\"url\":\"https:\/\/www.carlsuchy.com\/de\/\",\"logo\":{\"@type\":\"ImageObject\",\"inLanguage\":\"de\",\"@id\":\"https:\/\/www.carlsuchy.com\/de\/#\/schema\/logo\/image\/\",\"url\":\"https:\/\/www.carlsuchy.com\/wp-content\/uploads\/2018\/05\/logo.svg\",\"contentUrl\":\"https:\/\/www.carlsuchy.com\/wp-content\/uploads\/2018\/05\/logo.svg\",\"width\":1,\"height\":1,\"caption\":\"Carl Suchy & S\u00f6hne\"},\"image\":{\"@id\":\"https:\/\/www.carlsuchy.com\/de\/#\/schema\/logo\/image\/\"},\"sameAs\":[\"https:\/\/www.facebook.com\/carlsuchy\/\",\"https:\/\/www.instagram.com\/carlsuchy\/?hl=de\",\"https:\/\/www.linkedin.com\/company\/carl-suchy-&amp;-s\u00f6hne\/\",\"https:\/\/www.pinterest.de\/carlsuchy1822\/\",\"https:\/\/www.youtube.com\/channel\/UCiaaduvFGuyeWS7ZUOXxGSA\"]}]}<\/script>\n<!-- \/ Yoast SEO plugin. -->","yoast_head_json":{"title":"Vienna Night &#8211; Carl Suchy &amp; S\u00f6hne","description":"Carl Suchy &amp; S\u00f6hne &#8211; Edelstahlgeh\u00e4use Schwarz-wei\u00dfes Zifferblatt","robots":{"index":"index","follow":"follow","max-snippet":"max-snippet:-1","max-image-preview":"max-image-preview:large","max-video-preview":"max-video-preview:-1"},"canonical":"https:\/\/www.carlsuchy.com\/de\/produkt\/viennanight\/","og_locale":"de_DE","og_type":"article","og_title":"Vienna Night &#8211; Carl Suchy &amp; S\u00f6hne","og_description":"Carl Suchy &amp; S\u00f6hne &#8211; Edelstahlgeh\u00e4use Schwarz-wei\u00dfes Zifferblatt","og_url":"https:\/\/www.carlsuchy.com\/de\/produkt\/viennanight\/","og_site_name":"Carl Suchy &amp; S\u00f6hne","article_publisher":"https:\/\/www.facebook.com\/carlsuchy\/","article_modified_time":"2025-04-15T10:39:03+00:00","og_image":[{"width":595,"height":1000,"url":"https:\/\/www.carlsuchy.com\/wp-content\/uploads\/2025\/03\/CarlSuchy-Vienna-Night-Thumbnail.png","type":"image\/png"}],"twitter_card":"summary_large_image","twitter_misc":{"Gesch\u00e4tzte Lesezeit":"3\u00a0Minuten"},"schema":{"@context":"https:\/\/schema.org","@graph":[{"@type":"WebPage","@id":"https:\/\/www.carlsuchy.com\/de\/produkt\/viennanight\/","url":"https:\/\/www.carlsuchy.com\/de\/produkt\/viennanight\/","name":"Vienna Night &#8211; Carl Suchy &amp; S\u00f6hne","isPartOf":{"@id":"https:\/\/www.carlsuchy.com\/de\/#website"},"primaryImageOfPage":{"@id":"https:\/\/www.carlsuchy.com\/de\/produkt\/viennanight\/#primaryimage"},"image":{"@id":"https:\/\/www.carlsuchy.com\/de\/produkt\/viennanight\/#primaryimage"},"thumbnailUrl":"https:\/\/www.carlsuchy.com\/wp-content\/uploads\/2025\/03\/CarlSuchy-Vienna-Night-Thumbnail.png","datePublished":"2025-03-31T08:31:58+00:00","dateModified":"2025-04-15T10:39:03+00:00","description":"Carl Suchy &amp; S\u00f6hne &#8211; Edelstahlgeh\u00e4use Schwarz-wei\u00dfes Zifferblatt","breadcrumb":{"@id":"https:\/\/www.carlsuchy.com\/de\/produkt\/viennanight\/#breadcrumb"},"inLanguage":"de","potentialAction":[{"@type":"ReadAction","target":["https:\/\/www.carlsuchy.com\/de\/produkt\/viennanight\/"]}]},{"@type":"ImageObject","inLanguage":"de","@id":"https:\/\/www.carlsuchy.com\/de\/produkt\/viennanight\/#primaryimage","url":"https:\/\/www.carlsuchy.com\/wp-content\/uploads\/2025\/03\/CarlSuchy-Vienna-Night-Thumbnail.png","contentUrl":"https:\/\/www.carlsuchy.com\/wp-content\/uploads\/2025\/03\/CarlSuchy-Vienna-Night-Thumbnail.png","width":595,"height":1000},{"@type":"BreadcrumbList","@id":"https:\/\/www.carlsuchy.com\/de\/produkt\/viennanight\/#breadcrumb","itemListElement":[{"@type":"ListItem","position":1,"name":"Home","item":"https:\/\/www.carlsuchy.com\/de\/"},{"@type":"ListItem","position":2,"name":"Shop","item":"https:\/\/www.carlsuchy.com\/shop\/"},{"@type":"ListItem","position":3,"name":"Vienna Night"}]},{"@type":"WebSite","@id":"https:\/\/www.carlsuchy.com\/de\/#website","url":"https:\/\/www.carlsuchy.com\/de\/","name":"Carl Suchy &amp; S\u00f6hne","description":"","publisher":{"@id":"https:\/\/www.carlsuchy.com\/de\/#organization"},"potentialAction":[{"@type":"SearchAction","target":{"@type":"EntryPoint","urlTemplate":"https:\/\/www.carlsuchy.com\/de\/?s={search_term_string}"},"query-input":{"@type":"PropertyValueSpecification","valueRequired":true,"valueName":"search_term_string"}}],"inLanguage":"de"},{"@type":"Organization","@id":"https:\/\/www.carlsuchy.com\/de\/#organization","name":"Carl Suchy & S\u00f6hne","url":"https:\/\/www.carlsuchy.com\/de\/","logo":{"@type":"ImageObject","inLanguage":"de","@id":"https:\/\/www.carlsuchy.com\/de\/#\/schema\/logo\/image\/","url":"https:\/\/www.carlsuchy.com\/wp-content\/uploads\/2018\/05\/logo.svg","contentUrl":"https:\/\/www.carlsuchy.com\/wp-content\/uploads\/2018\/05\/logo.svg","width":1,"height":1,"caption":"Carl Suchy & S\u00f6hne"},"image":{"@id":"https:\/\/www.carlsuchy.com\/de\/#\/schema\/logo\/image\/"},"sameAs":["https:\/\/www.facebook.com\/carlsuchy\/","https:\/\/www.instagram.com\/carlsuchy\/?hl=de","https:\/\/www.linkedin.com\/company\/carl-suchy-&amp;-s\u00f6hne\/","https:\/\/www.pinterest.de\/carlsuchy1822\/","https:\/\/www.youtube.com\/channel\/UCiaaduvFGuyeWS7ZUOXxGSA"]}]}},"_links":{"self":[{"href":"https:\/\/www.carlsuchy.com\/de\/wp-json\/wp\/v2\/product\/20999"}],"collection":[{"href":"https:\/\/www.carlsuchy.com\/de\/wp-json\/wp\/v2\/product"}],"about":[{"href":"https:\/\/www.carlsuchy.com\/de\/wp-json\/wp\/v2\/types\/product"}],"wp:featuredmedia":[{"embeddable":true,"href":"https:\/\/www.carlsuchy.com\/de\/wp-json\/wp\/v2\/media\/21015"}],"wp:attachment":[{"href":"https:\/\/www.carlsuchy.com\/de\/wp-json\/wp\/v2\/media?parent=20999"}],"wp:term":[{"taxonomy":"product_cat","embeddable":true,"href":"https:\/\/www.carlsuchy.com\/de\/wp-json\/wp\/v2\/product_cat?post=20999"},{"taxonomy":"product_tag","embeddable":true,"href":"https:\/\/www.carlsuchy.com\/de\/wp-json\/wp\/v2\/product_tag?post=20999"}],"curies":[{"name":"wp","href":"https:\/\/api.w.org\/{rel}","templated":true}]}}