


{"id":2619,"date":"2018-05-17T08:29:51","date_gmt":"2018-05-17T08:29:51","guid":{"rendered":"https:\/\/www.carlsuchy.com\/wpdev\/product\/waltz-n1-black-case-white-dial\/"},"modified":"2025-02-04T12:52:16","modified_gmt":"2025-02-04T12:52:16","slug":"waltz-n1-black-case-silver-dial","status":"publish","type":"product","link":"https:\/\/www.carlsuchy.com\/de\/produkt\/waltz-n1-black-case-silver-dial\/","title":{"rendered":"Waltz<br>N\u00b01"},"content":{"rendered":"<p class=\"p1\">UHRWERK<br \/>\nAlle Carl Suchy &amp; S\u00f6hne Uhren haben ein ultrad\u00fcnnes Automatikuhrenwerk mit vergoldetem Mikrorotor. Ein Mikrorotor nimmt eine kleinere Fl\u00e4che ein als ein gew\u00f6hnlicher, zentraler Rotor. Die Uhren werden durch die Drehungen des Mikrorotors aufgezogen. 48 Stunden Gangreserve.<\/p>\n<p class=\"p1\">GEH\u00c4USE<br \/>\nDas 41,5 mm-Edelstahlgeh\u00e4use der Waltz N\u00b01 besitzt eine tiefschwarze Beschichtung aus DLC, die dem klassischen Design einen zeitlosen Look verleiht und f\u00fcr maximale H\u00e4rte und maximalen Verschlei\u00dfwiderstand sorgt. Das Uhrwerk ist durch den entspiegelten Saphirglas-Geh\u00e4useboden sichtbar.<span class=\"Apple-converted-space\">\u00a0<\/span><\/p>\n<p class=\"p1\">ZIFFERBLATT<br \/>\nDas Zifferblatt ist wei\u00df und dezent durch ein zweigeteiltes liniertes Guilloch\u00e9muster geziert. Die Uhr verf\u00fcgt \u00fcber eine kleine Sekunde in Form einer rotierenden \u201eWalzerscheibe\u201c bei sechs Uhr. Zu jeder vollen Minute schlie\u00dft das Linienmuster der Sekundenscheibe mit dem des Zifferblattes \u2013 f\u00fcr die Wiener Zeit, in der die Sekunde nicht z\u00e4hlt.<span class=\"Apple-converted-space\">\u00a0<\/span><\/p>\n<p class=\"p1\">ARMBAND UND SCHNALLE<br \/>\nF\u00fcr das Armband der Waltz N\u00b01 wird hochqualitatives seidenmattes Kalbsleder mit schwarzen N\u00e4hten und feinen Details eingesetzt. Das geometrische Muster an der Innenseite des Armbands ist von der Wiener Moderne inspiriert und wurde speziell f\u00fcr Carl Suchy &amp; S\u00f6hne entworfen. Die Sicherheitsfaltschlie\u00dfe aus Edelstahl bietet h\u00f6chsten Tragekomfort. Den Verschluss ziert das historische Doppelgreifen-Abzeichen von Carl Suchy &amp; S\u00f6hne.<span class=\"Apple-converted-space\">\u00a0<\/span><\/p>\n<p class=\"p1\">WALTZ N\u00b01 SONDERANFERTIGUNGEN<br \/>\nAls ehemaliger k. &amp; k. Hofuhrenlieferant ist individueller Service unser h\u00f6chstes Gut. Gerne k\u00f6nnen Sie Ihre Sonderw\u00fcnsche bez\u00fcglich Materialien, Farben und Armb\u00e4ndern mitteilen. <a href=\"mailto:office@carlsuchy.com\"><span class=\"s1\">Kontaktieren Sie uns<\/span><\/a> \u2013 wir stehen Ihnen mit Freude zur Verf\u00fcgung!<\/p>\n","protected":false},"excerpt":{"rendered":"<p class=\"p1\">Schwarzes Geh\u00e4use<br \/>\nSilbernes Zifferblatt<\/p>\n","protected":false},"featured_media":2824,"template":"","meta":{"_acf_changed":false,"content-type":""},"product_cat":[24],"product_tag":[],"acf":[],"yoast_head":"<!-- This site is optimized with the Yoast SEO plugin v23.5 - https:\/\/yoast.com\/wordpress\/plugins\/seo\/ -->\n<title>WaltzN\u00b01 &#8211; Carl Suchy &amp; S\u00f6hne<\/title>\n<meta name=\"description\" content=\"Carl Suchy &amp; S\u00f6hne &#8211; Schwarzes Geh\u00e4use Silbernes Zifferblatt\" \/>\n<meta name=\"robots\" content=\"index, follow, max-snippet:-1, max-image-preview:large, max-video-preview:-1\" \/>\n<link rel=\"canonical\" href=\"https:\/\/www.carlsuchy.com\/de\/produkt\/waltz-n1-black-case-silver-dial\/\" \/>\n<meta property=\"og:locale\" content=\"de_DE\" \/>\n<meta property=\"og:type\" content=\"article\" \/>\n<meta property=\"og:title\" content=\"WaltzN\u00b01 &#8211; Carl Suchy &amp; S\u00f6hne\" \/>\n<meta property=\"og:description\" content=\"Carl Suchy &amp; S\u00f6hne &#8211; Schwarzes Geh\u00e4use Silbernes Zifferblatt\" \/>\n<meta property=\"og:url\" content=\"https:\/\/www.carlsuchy.com\/de\/produkt\/waltz-n1-black-case-silver-dial\/\" \/>\n<meta property=\"og:site_name\" content=\"Carl Suchy &amp; S\u00f6hne\" \/>\n<meta property=\"article:publisher\" content=\"https:\/\/www.facebook.com\/carlsuchy\/\" \/>\n<meta property=\"article:modified_time\" content=\"2025-02-04T12:52:16+00:00\" \/>\n<meta property=\"og:image\" content=\"https:\/\/www.carlsuchy.com\/wp-content\/uploads\/2018\/05\/Waltz-Body-Black-Dial-White.png\" \/>\n\t<meta property=\"og:image:width\" content=\"595\" \/>\n\t<meta property=\"og:image:height\" content=\"1000\" \/>\n\t<meta property=\"og:image:type\" content=\"image\/png\" \/>\n<meta name=\"twitter:card\" content=\"summary_large_image\" \/>\n<meta name=\"twitter:label1\" content=\"Gesch\u00e4tzte Lesezeit\" \/>\n\t<meta name=\"twitter:data1\" content=\"3\u00a0Minuten\" \/>\n<script type=\"application\/ld+json\" class=\"yoast-schema-graph\">{\"@context\":\"https:\/\/schema.org\",\"@graph\":[{\"@type\":\"WebPage\",\"@id\":\"https:\/\/www.carlsuchy.com\/de\/produkt\/waltz-n1-black-case-silver-dial\/\",\"url\":\"https:\/\/www.carlsuchy.com\/de\/produkt\/waltz-n1-black-case-silver-dial\/\",\"name\":\"Waltz N\u00b01 &#8211; Carl Suchy &amp; S\u00f6hne\",\"isPartOf\":{\"@id\":\"https:\/\/www.carlsuchy.com\/de\/#website\"},\"primaryImageOfPage\":{\"@id\":\"https:\/\/www.carlsuchy.com\/de\/produkt\/waltz-n1-black-case-silver-dial\/#primaryimage\"},\"image\":{\"@id\":\"https:\/\/www.carlsuchy.com\/de\/produkt\/waltz-n1-black-case-silver-dial\/#primaryimage\"},\"thumbnailUrl\":\"https:\/\/www.carlsuchy.com\/wp-content\/uploads\/2018\/05\/Waltz-Body-Black-Dial-White.png\",\"datePublished\":\"2018-05-17T08:29:51+00:00\",\"dateModified\":\"2025-02-04T12:52:16+00:00\",\"description\":\"Carl Suchy &amp; S\u00f6hne &#8211; Schwarzes Geh\u00e4use Silbernes Zifferblatt\",\"breadcrumb\":{\"@id\":\"https:\/\/www.carlsuchy.com\/de\/produkt\/waltz-n1-black-case-silver-dial\/#breadcrumb\"},\"inLanguage\":\"de\",\"potentialAction\":[{\"@type\":\"ReadAction\",\"target\":[\"https:\/\/www.carlsuchy.com\/de\/produkt\/waltz-n1-black-case-silver-dial\/\"]}]},{\"@type\":\"ImageObject\",\"inLanguage\":\"de\",\"@id\":\"https:\/\/www.carlsuchy.com\/de\/produkt\/waltz-n1-black-case-silver-dial\/#primaryimage\",\"url\":\"https:\/\/www.carlsuchy.com\/wp-content\/uploads\/2018\/05\/Waltz-Body-Black-Dial-White.png\",\"contentUrl\":\"https:\/\/www.carlsuchy.com\/wp-content\/uploads\/2018\/05\/Waltz-Body-Black-Dial-White.png\",\"width\":595,\"height\":1000,\"caption\":\"Waltz N\u00b01 white dial black steel case Carl Suchy & S\u00f6hne Vienna\"},{\"@type\":\"BreadcrumbList\",\"@id\":\"https:\/\/www.carlsuchy.com\/de\/produkt\/waltz-n1-black-case-silver-dial\/#breadcrumb\",\"itemListElement\":[{\"@type\":\"ListItem\",\"position\":1,\"name\":\"Home\",\"item\":\"https:\/\/www.carlsuchy.com\/de\/\"},{\"@type\":\"ListItem\",\"position\":2,\"name\":\"Shop\",\"item\":\"https:\/\/www.carlsuchy.com\/shop\/\"},{\"@type\":\"ListItem\",\"position\":3,\"name\":\"WaltzN\u00b01\"}]},{\"@type\":\"WebSite\",\"@id\":\"https:\/\/www.carlsuchy.com\/de\/#website\",\"url\":\"https:\/\/www.carlsuchy.com\/de\/\",\"name\":\"Carl Suchy &amp; S\u00f6hne\",\"description\":\"\",\"publisher\":{\"@id\":\"https:\/\/www.carlsuchy.com\/de\/#organization\"},\"potentialAction\":[{\"@type\":\"SearchAction\",\"target\":{\"@type\":\"EntryPoint\",\"urlTemplate\":\"https:\/\/www.carlsuchy.com\/de\/?s={search_term_string}\"},\"query-input\":{\"@type\":\"PropertyValueSpecification\",\"valueRequired\":true,\"valueName\":\"search_term_string\"}}],\"inLanguage\":\"de\"},{\"@type\":\"Organization\",\"@id\":\"https:\/\/www.carlsuchy.com\/de\/#organization\",\"name\":\"Carl Suchy & S\u00f6hne\",\"url\":\"https:\/\/www.carlsuchy.com\/de\/\",\"logo\":{\"@type\":\"ImageObject\",\"inLanguage\":\"de\",\"@id\":\"https:\/\/www.carlsuchy.com\/de\/#\/schema\/logo\/image\/\",\"url\":\"https:\/\/www.carlsuchy.com\/wp-content\/uploads\/2018\/05\/logo.svg\",\"contentUrl\":\"https:\/\/www.carlsuchy.com\/wp-content\/uploads\/2018\/05\/logo.svg\",\"width\":1,\"height\":1,\"caption\":\"Carl Suchy & S\u00f6hne\"},\"image\":{\"@id\":\"https:\/\/www.carlsuchy.com\/de\/#\/schema\/logo\/image\/\"},\"sameAs\":[\"https:\/\/www.facebook.com\/carlsuchy\/\",\"https:\/\/www.instagram.com\/carlsuchy\/?hl=de\",\"https:\/\/www.linkedin.com\/company\/carl-suchy-&amp;-s\u00f6hne\/\",\"https:\/\/www.pinterest.de\/carlsuchy1822\/\",\"https:\/\/www.youtube.com\/channel\/UCiaaduvFGuyeWS7ZUOXxGSA\"]}]}<\/script>\n<!-- \/ Yoast SEO plugin. -->","yoast_head_json":{"title":"WaltzN\u00b01 &#8211; Carl Suchy &amp; S\u00f6hne","description":"Carl Suchy &amp; S\u00f6hne &#8211; Schwarzes Geh\u00e4use Silbernes Zifferblatt","robots":{"index":"index","follow":"follow","max-snippet":"max-snippet:-1","max-image-preview":"max-image-preview:large","max-video-preview":"max-video-preview:-1"},"canonical":"https:\/\/www.carlsuchy.com\/de\/produkt\/waltz-n1-black-case-silver-dial\/","og_locale":"de_DE","og_type":"article","og_title":"WaltzN\u00b01 &#8211; Carl Suchy &amp; S\u00f6hne","og_description":"Carl Suchy &amp; S\u00f6hne &#8211; Schwarzes Geh\u00e4use Silbernes Zifferblatt","og_url":"https:\/\/www.carlsuchy.com\/de\/produkt\/waltz-n1-black-case-silver-dial\/","og_site_name":"Carl Suchy &amp; S\u00f6hne","article_publisher":"https:\/\/www.facebook.com\/carlsuchy\/","article_modified_time":"2025-02-04T12:52:16+00:00","og_image":[{"width":595,"height":1000,"url":"https:\/\/www.carlsuchy.com\/wp-content\/uploads\/2018\/05\/Waltz-Body-Black-Dial-White.png","type":"image\/png"}],"twitter_card":"summary_large_image","twitter_misc":{"Gesch\u00e4tzte Lesezeit":"3\u00a0Minuten"},"schema":{"@context":"https:\/\/schema.org","@graph":[{"@type":"WebPage","@id":"https:\/\/www.carlsuchy.com\/de\/produkt\/waltz-n1-black-case-silver-dial\/","url":"https:\/\/www.carlsuchy.com\/de\/produkt\/waltz-n1-black-case-silver-dial\/","name":"Waltz N\u00b01 &#8211; Carl Suchy &amp; S\u00f6hne","isPartOf":{"@id":"https:\/\/www.carlsuchy.com\/de\/#website"},"primaryImageOfPage":{"@id":"https:\/\/www.carlsuchy.com\/de\/produkt\/waltz-n1-black-case-silver-dial\/#primaryimage"},"image":{"@id":"https:\/\/www.carlsuchy.com\/de\/produkt\/waltz-n1-black-case-silver-dial\/#primaryimage"},"thumbnailUrl":"https:\/\/www.carlsuchy.com\/wp-content\/uploads\/2018\/05\/Waltz-Body-Black-Dial-White.png","datePublished":"2018-05-17T08:29:51+00:00","dateModified":"2025-02-04T12:52:16+00:00","description":"Carl Suchy &amp; S\u00f6hne &#8211; Schwarzes Geh\u00e4use Silbernes Zifferblatt","breadcrumb":{"@id":"https:\/\/www.carlsuchy.com\/de\/produkt\/waltz-n1-black-case-silver-dial\/#breadcrumb"},"inLanguage":"de","potentialAction":[{"@type":"ReadAction","target":["https:\/\/www.carlsuchy.com\/de\/produkt\/waltz-n1-black-case-silver-dial\/"]}]},{"@type":"ImageObject","inLanguage":"de","@id":"https:\/\/www.carlsuchy.com\/de\/produkt\/waltz-n1-black-case-silver-dial\/#primaryimage","url":"https:\/\/www.carlsuchy.com\/wp-content\/uploads\/2018\/05\/Waltz-Body-Black-Dial-White.png","contentUrl":"https:\/\/www.carlsuchy.com\/wp-content\/uploads\/2018\/05\/Waltz-Body-Black-Dial-White.png","width":595,"height":1000,"caption":"Waltz N\u00b01 white dial black steel case Carl Suchy & S\u00f6hne Vienna"},{"@type":"BreadcrumbList","@id":"https:\/\/www.carlsuchy.com\/de\/produkt\/waltz-n1-black-case-silver-dial\/#breadcrumb","itemListElement":[{"@type":"ListItem","position":1,"name":"Home","item":"https:\/\/www.carlsuchy.com\/de\/"},{"@type":"ListItem","position":2,"name":"Shop","item":"https:\/\/www.carlsuchy.com\/shop\/"},{"@type":"ListItem","position":3,"name":"WaltzN\u00b01"}]},{"@type":"WebSite","@id":"https:\/\/www.carlsuchy.com\/de\/#website","url":"https:\/\/www.carlsuchy.com\/de\/","name":"Carl Suchy &amp; S\u00f6hne","description":"","publisher":{"@id":"https:\/\/www.carlsuchy.com\/de\/#organization"},"potentialAction":[{"@type":"SearchAction","target":{"@type":"EntryPoint","urlTemplate":"https:\/\/www.carlsuchy.com\/de\/?s={search_term_string}"},"query-input":{"@type":"PropertyValueSpecification","valueRequired":true,"valueName":"search_term_string"}}],"inLanguage":"de"},{"@type":"Organization","@id":"https:\/\/www.carlsuchy.com\/de\/#organization","name":"Carl Suchy & S\u00f6hne","url":"https:\/\/www.carlsuchy.com\/de\/","logo":{"@type":"ImageObject","inLanguage":"de","@id":"https:\/\/www.carlsuchy.com\/de\/#\/schema\/logo\/image\/","url":"https:\/\/www.carlsuchy.com\/wp-content\/uploads\/2018\/05\/logo.svg","contentUrl":"https:\/\/www.carlsuchy.com\/wp-content\/uploads\/2018\/05\/logo.svg","width":1,"height":1,"caption":"Carl Suchy & S\u00f6hne"},"image":{"@id":"https:\/\/www.carlsuchy.com\/de\/#\/schema\/logo\/image\/"},"sameAs":["https:\/\/www.facebook.com\/carlsuchy\/","https:\/\/www.instagram.com\/carlsuchy\/?hl=de","https:\/\/www.linkedin.com\/company\/carl-suchy-&amp;-s\u00f6hne\/","https:\/\/www.pinterest.de\/carlsuchy1822\/","https:\/\/www.youtube.com\/channel\/UCiaaduvFGuyeWS7ZUOXxGSA"]}]}},"_links":{"self":[{"href":"https:\/\/www.carlsuchy.com\/de\/wp-json\/wp\/v2\/product\/2619"}],"collection":[{"href":"https:\/\/www.carlsuchy.com\/de\/wp-json\/wp\/v2\/product"}],"about":[{"href":"https:\/\/www.carlsuchy.com\/de\/wp-json\/wp\/v2\/types\/product"}],"wp:featuredmedia":[{"embeddable":true,"href":"https:\/\/www.carlsuchy.com\/de\/wp-json\/wp\/v2\/media\/2824"}],"wp:attachment":[{"href":"https:\/\/www.carlsuchy.com\/de\/wp-json\/wp\/v2\/media?parent=2619"}],"wp:term":[{"taxonomy":"product_cat","embeddable":true,"href":"https:\/\/www.carlsuchy.com\/de\/wp-json\/wp\/v2\/product_cat?post=2619"},{"taxonomy":"product_tag","embeddable":true,"href":"https:\/\/www.carlsuchy.com\/de\/wp-json\/wp\/v2\/product_tag?post=2619"}],"curies":[{"name":"wp","href":"https:\/\/api.w.org\/{rel}","templated":true}]}}