


{"id":2644,"date":"2018-05-17T08:58:31","date_gmt":"2018-05-17T08:58:31","guid":{"rendered":"https:\/\/www.carlsuchy.com\/wpdev\/product\/white-case-black-dial\/"},"modified":"2025-02-04T12:53:18","modified_gmt":"2025-02-04T12:53:18","slug":"white-case-black-dial","status":"publish","type":"product","link":"https:\/\/www.carlsuchy.com\/de\/produkt\/white-case-black-dial\/","title":{"rendered":"Waltz<br>N\u00b01"},"content":{"rendered":"<p class=\"p1\">UHRWERK<br \/>\nDie Waltz N\u00b01 ist mit dem ultrad\u00fcnnen Automatikuhrwerk VMF 5401 mit vergoldetem Mikrorotor ausgestattet. Die kleine, dezentrale Schwungmasse ist besonders leicht und verschafft der Uhr eine Ganglaufzeit von 48 Stunden.<\/p>\n<p class=\"p1\">GEH\u00c4USE<br \/>\nDie Waltz N\u00b01 hat ein Geh\u00e4use aus Edelstahl, das raffiniert mit dem Kontrast aus polierten und matten Oberfl\u00e4chen spielt und flie\u00dfend in die runden Bandanst\u00f6\u00dfe und L\u00fcnette \u00fcbergeht. Der Geh\u00e4useboden ist aus entspiegeltem Saphirglas, sodass das Automatikwerk sichtbar ist.<\/p>\n<p class=\"p1\">ZIFFERBLATT<br \/>\nDas Zifferblatt ist Schwarz (ADLC) mit einer Walzerschreibe bei sechs Uhr. Die rotierende Sekundenscheibe schlie\u00dft das Muster des Zifferblattes zu jeder vollen Minute und verleiht der Waltz N\u00b01 ihr charakteristisches Aussehen.<\/p>\n<p class=\"p1\">ARMBAND UND SCHNALLE<br \/>\nF\u00fcr das Armband der Waltz N\u00b01 wird besonders hochwertiges seidenmattes Leder mit schwarzen N\u00e4hten und raffinierten Details verwendet. Das Muster an der Innenseite des Armbands ist von Adolf Loos inspiriert und wurde eigens f\u00fcr Carl Suchy &amp; S\u00f6hne entworfen. Die schlichte Schnalle bietet h\u00f6chsten Tragekomfort. Den Verschluss ziert das historische Doppelgreifen-Abzeichen von Carl Suchy &amp; S\u00f6hne.<\/p>\n<p class=\"p1\">WALTZ N\u00b01 SONDERANFERTIGUNGEN<br \/>\nSie haben die M\u00f6glichkeit, Ihre Waltz N\u00b01 bez\u00fcglich Materialien, Farben und Armb\u00e4ndern individuell anpassen zu lassen. <a href=\"mailto:office@carlsuchy.com\"><span class=\"s1\">Kontaktieren Sie uns<\/span><\/a> \u2013 Bei Sonderw\u00fcnschen stehen wir Ihnen gerne zur Verf\u00fcgung!<\/p>\n","protected":false},"excerpt":{"rendered":"<div class=\"text-container\">\n<p class=\"p1\">Edelstahlgeh\u00e4use<br \/>\nSchwarzes Zifferblatt<\/p>\n<\/div>\n","protected":false},"featured_media":2826,"template":"","meta":{"_acf_changed":false,"content-type":""},"product_cat":[24],"product_tag":[],"acf":[],"yoast_head":"<!-- This site is optimized with the Yoast SEO plugin v23.5 - https:\/\/yoast.com\/wordpress\/plugins\/seo\/ -->\n<title>WaltzN\u00b01 &#8211; Carl Suchy &amp; S\u00f6hne<\/title>\n<meta name=\"description\" content=\"Carl Suchy &amp; S\u00f6hne &#8211; Edelstahlgeh\u00e4use Schwarzes Zifferblatt Die Waltz N\u00b01 ist der Klassiker des Wiener Uhrmacherunternehmens Carl Suchy &amp; S\u00f6hne.\" \/>\n<meta name=\"robots\" content=\"index, follow, max-snippet:-1, max-image-preview:large, max-video-preview:-1\" \/>\n<link rel=\"canonical\" href=\"https:\/\/www.carlsuchy.com\/de\/produkt\/white-case-black-dial\/\" \/>\n<meta property=\"og:locale\" content=\"de_DE\" \/>\n<meta property=\"og:type\" content=\"article\" \/>\n<meta property=\"og:title\" content=\"WaltzN\u00b01 &#8211; Carl Suchy &amp; S\u00f6hne\" \/>\n<meta property=\"og:description\" content=\"Carl Suchy &amp; S\u00f6hne &#8211; Edelstahlgeh\u00e4use Schwarzes Zifferblatt Die Waltz N\u00b01 ist der Klassiker des Wiener Uhrmacherunternehmens Carl Suchy &amp; S\u00f6hne.\" \/>\n<meta property=\"og:url\" content=\"https:\/\/www.carlsuchy.com\/de\/produkt\/white-case-black-dial\/\" \/>\n<meta property=\"og:site_name\" content=\"Carl Suchy &amp; S\u00f6hne\" \/>\n<meta property=\"article:publisher\" content=\"https:\/\/www.facebook.com\/carlsuchy\/\" \/>\n<meta property=\"article:modified_time\" content=\"2025-02-04T12:53:18+00:00\" \/>\n<meta property=\"og:image\" content=\"https:\/\/www.carlsuchy.com\/wp-content\/uploads\/2018\/05\/Waltz-Body-White-Dial-Black.png\" \/>\n\t<meta property=\"og:image:width\" content=\"595\" \/>\n\t<meta property=\"og:image:height\" content=\"1000\" \/>\n\t<meta property=\"og:image:type\" content=\"image\/png\" \/>\n<meta name=\"twitter:card\" content=\"summary_large_image\" \/>\n<meta name=\"twitter:label1\" content=\"Gesch\u00e4tzte Lesezeit\" \/>\n\t<meta name=\"twitter:data1\" content=\"3\u00a0Minuten\" \/>\n<script type=\"application\/ld+json\" class=\"yoast-schema-graph\">{\"@context\":\"https:\/\/schema.org\",\"@graph\":[{\"@type\":\"WebPage\",\"@id\":\"https:\/\/www.carlsuchy.com\/de\/produkt\/white-case-black-dial\/\",\"url\":\"https:\/\/www.carlsuchy.com\/de\/produkt\/white-case-black-dial\/\",\"name\":\"Waltz N\u00b01 &#8211; Carl Suchy &amp; S\u00f6hne\",\"isPartOf\":{\"@id\":\"https:\/\/www.carlsuchy.com\/de\/#website\"},\"primaryImageOfPage\":{\"@id\":\"https:\/\/www.carlsuchy.com\/de\/produkt\/white-case-black-dial\/#primaryimage\"},\"image\":{\"@id\":\"https:\/\/www.carlsuchy.com\/de\/produkt\/white-case-black-dial\/#primaryimage\"},\"thumbnailUrl\":\"https:\/\/www.carlsuchy.com\/wp-content\/uploads\/2018\/05\/Waltz-Body-White-Dial-Black.png\",\"datePublished\":\"2018-05-17T08:58:31+00:00\",\"dateModified\":\"2025-02-04T12:53:18+00:00\",\"description\":\"Carl Suchy &amp; S\u00f6hne &#8211; Edelstahlgeh\u00e4use Schwarzes Zifferblatt Die Waltz N\u00b01 ist der Klassiker des Wiener Uhrmacherunternehmens Carl Suchy & S\u00f6hne.\",\"breadcrumb\":{\"@id\":\"https:\/\/www.carlsuchy.com\/de\/produkt\/white-case-black-dial\/#breadcrumb\"},\"inLanguage\":\"de\",\"potentialAction\":[{\"@type\":\"ReadAction\",\"target\":[\"https:\/\/www.carlsuchy.com\/de\/produkt\/white-case-black-dial\/\"]}]},{\"@type\":\"ImageObject\",\"inLanguage\":\"de\",\"@id\":\"https:\/\/www.carlsuchy.com\/de\/produkt\/white-case-black-dial\/#primaryimage\",\"url\":\"https:\/\/www.carlsuchy.com\/wp-content\/uploads\/2018\/05\/Waltz-Body-White-Dial-Black.png\",\"contentUrl\":\"https:\/\/www.carlsuchy.com\/wp-content\/uploads\/2018\/05\/Waltz-Body-White-Dial-Black.png\",\"width\":595,\"height\":1000,\"caption\":\"Waltz N\u00b01 black dial stainless steel case Carl Suchy & S\u00f6hne Vienna\"},{\"@type\":\"BreadcrumbList\",\"@id\":\"https:\/\/www.carlsuchy.com\/de\/produkt\/white-case-black-dial\/#breadcrumb\",\"itemListElement\":[{\"@type\":\"ListItem\",\"position\":1,\"name\":\"Home\",\"item\":\"https:\/\/www.carlsuchy.com\/de\/\"},{\"@type\":\"ListItem\",\"position\":2,\"name\":\"Shop\",\"item\":\"https:\/\/www.carlsuchy.com\/shop\/\"},{\"@type\":\"ListItem\",\"position\":3,\"name\":\"WaltzN\u00b01\"}]},{\"@type\":\"WebSite\",\"@id\":\"https:\/\/www.carlsuchy.com\/de\/#website\",\"url\":\"https:\/\/www.carlsuchy.com\/de\/\",\"name\":\"Carl Suchy &amp; S\u00f6hne\",\"description\":\"\",\"publisher\":{\"@id\":\"https:\/\/www.carlsuchy.com\/de\/#organization\"},\"potentialAction\":[{\"@type\":\"SearchAction\",\"target\":{\"@type\":\"EntryPoint\",\"urlTemplate\":\"https:\/\/www.carlsuchy.com\/de\/?s={search_term_string}\"},\"query-input\":{\"@type\":\"PropertyValueSpecification\",\"valueRequired\":true,\"valueName\":\"search_term_string\"}}],\"inLanguage\":\"de\"},{\"@type\":\"Organization\",\"@id\":\"https:\/\/www.carlsuchy.com\/de\/#organization\",\"name\":\"Carl Suchy & S\u00f6hne\",\"url\":\"https:\/\/www.carlsuchy.com\/de\/\",\"logo\":{\"@type\":\"ImageObject\",\"inLanguage\":\"de\",\"@id\":\"https:\/\/www.carlsuchy.com\/de\/#\/schema\/logo\/image\/\",\"url\":\"https:\/\/www.carlsuchy.com\/wp-content\/uploads\/2018\/05\/logo.svg\",\"contentUrl\":\"https:\/\/www.carlsuchy.com\/wp-content\/uploads\/2018\/05\/logo.svg\",\"width\":1,\"height\":1,\"caption\":\"Carl Suchy & S\u00f6hne\"},\"image\":{\"@id\":\"https:\/\/www.carlsuchy.com\/de\/#\/schema\/logo\/image\/\"},\"sameAs\":[\"https:\/\/www.facebook.com\/carlsuchy\/\",\"https:\/\/www.instagram.com\/carlsuchy\/?hl=de\",\"https:\/\/www.linkedin.com\/company\/carl-suchy-&amp;-s\u00f6hne\/\",\"https:\/\/www.pinterest.de\/carlsuchy1822\/\",\"https:\/\/www.youtube.com\/channel\/UCiaaduvFGuyeWS7ZUOXxGSA\"]}]}<\/script>\n<!-- \/ Yoast SEO plugin. -->","yoast_head_json":{"title":"WaltzN\u00b01 &#8211; Carl Suchy &amp; S\u00f6hne","description":"Carl Suchy &amp; S\u00f6hne &#8211; Edelstahlgeh\u00e4use Schwarzes Zifferblatt Die Waltz N\u00b01 ist der Klassiker des Wiener Uhrmacherunternehmens Carl Suchy & S\u00f6hne.","robots":{"index":"index","follow":"follow","max-snippet":"max-snippet:-1","max-image-preview":"max-image-preview:large","max-video-preview":"max-video-preview:-1"},"canonical":"https:\/\/www.carlsuchy.com\/de\/produkt\/white-case-black-dial\/","og_locale":"de_DE","og_type":"article","og_title":"WaltzN\u00b01 &#8211; Carl Suchy &amp; S\u00f6hne","og_description":"Carl Suchy &amp; S\u00f6hne &#8211; Edelstahlgeh\u00e4use Schwarzes Zifferblatt Die Waltz N\u00b01 ist der Klassiker des Wiener Uhrmacherunternehmens Carl Suchy & S\u00f6hne.","og_url":"https:\/\/www.carlsuchy.com\/de\/produkt\/white-case-black-dial\/","og_site_name":"Carl Suchy &amp; S\u00f6hne","article_publisher":"https:\/\/www.facebook.com\/carlsuchy\/","article_modified_time":"2025-02-04T12:53:18+00:00","og_image":[{"width":595,"height":1000,"url":"https:\/\/www.carlsuchy.com\/wp-content\/uploads\/2018\/05\/Waltz-Body-White-Dial-Black.png","type":"image\/png"}],"twitter_card":"summary_large_image","twitter_misc":{"Gesch\u00e4tzte Lesezeit":"3\u00a0Minuten"},"schema":{"@context":"https:\/\/schema.org","@graph":[{"@type":"WebPage","@id":"https:\/\/www.carlsuchy.com\/de\/produkt\/white-case-black-dial\/","url":"https:\/\/www.carlsuchy.com\/de\/produkt\/white-case-black-dial\/","name":"Waltz N\u00b01 &#8211; Carl Suchy &amp; S\u00f6hne","isPartOf":{"@id":"https:\/\/www.carlsuchy.com\/de\/#website"},"primaryImageOfPage":{"@id":"https:\/\/www.carlsuchy.com\/de\/produkt\/white-case-black-dial\/#primaryimage"},"image":{"@id":"https:\/\/www.carlsuchy.com\/de\/produkt\/white-case-black-dial\/#primaryimage"},"thumbnailUrl":"https:\/\/www.carlsuchy.com\/wp-content\/uploads\/2018\/05\/Waltz-Body-White-Dial-Black.png","datePublished":"2018-05-17T08:58:31+00:00","dateModified":"2025-02-04T12:53:18+00:00","description":"Carl Suchy &amp; S\u00f6hne &#8211; Edelstahlgeh\u00e4use Schwarzes Zifferblatt Die Waltz N\u00b01 ist der Klassiker des Wiener Uhrmacherunternehmens Carl Suchy & S\u00f6hne.","breadcrumb":{"@id":"https:\/\/www.carlsuchy.com\/de\/produkt\/white-case-black-dial\/#breadcrumb"},"inLanguage":"de","potentialAction":[{"@type":"ReadAction","target":["https:\/\/www.carlsuchy.com\/de\/produkt\/white-case-black-dial\/"]}]},{"@type":"ImageObject","inLanguage":"de","@id":"https:\/\/www.carlsuchy.com\/de\/produkt\/white-case-black-dial\/#primaryimage","url":"https:\/\/www.carlsuchy.com\/wp-content\/uploads\/2018\/05\/Waltz-Body-White-Dial-Black.png","contentUrl":"https:\/\/www.carlsuchy.com\/wp-content\/uploads\/2018\/05\/Waltz-Body-White-Dial-Black.png","width":595,"height":1000,"caption":"Waltz N\u00b01 black dial stainless steel case Carl Suchy & S\u00f6hne Vienna"},{"@type":"BreadcrumbList","@id":"https:\/\/www.carlsuchy.com\/de\/produkt\/white-case-black-dial\/#breadcrumb","itemListElement":[{"@type":"ListItem","position":1,"name":"Home","item":"https:\/\/www.carlsuchy.com\/de\/"},{"@type":"ListItem","position":2,"name":"Shop","item":"https:\/\/www.carlsuchy.com\/shop\/"},{"@type":"ListItem","position":3,"name":"WaltzN\u00b01"}]},{"@type":"WebSite","@id":"https:\/\/www.carlsuchy.com\/de\/#website","url":"https:\/\/www.carlsuchy.com\/de\/","name":"Carl Suchy &amp; S\u00f6hne","description":"","publisher":{"@id":"https:\/\/www.carlsuchy.com\/de\/#organization"},"potentialAction":[{"@type":"SearchAction","target":{"@type":"EntryPoint","urlTemplate":"https:\/\/www.carlsuchy.com\/de\/?s={search_term_string}"},"query-input":{"@type":"PropertyValueSpecification","valueRequired":true,"valueName":"search_term_string"}}],"inLanguage":"de"},{"@type":"Organization","@id":"https:\/\/www.carlsuchy.com\/de\/#organization","name":"Carl Suchy & S\u00f6hne","url":"https:\/\/www.carlsuchy.com\/de\/","logo":{"@type":"ImageObject","inLanguage":"de","@id":"https:\/\/www.carlsuchy.com\/de\/#\/schema\/logo\/image\/","url":"https:\/\/www.carlsuchy.com\/wp-content\/uploads\/2018\/05\/logo.svg","contentUrl":"https:\/\/www.carlsuchy.com\/wp-content\/uploads\/2018\/05\/logo.svg","width":1,"height":1,"caption":"Carl Suchy & S\u00f6hne"},"image":{"@id":"https:\/\/www.carlsuchy.com\/de\/#\/schema\/logo\/image\/"},"sameAs":["https:\/\/www.facebook.com\/carlsuchy\/","https:\/\/www.instagram.com\/carlsuchy\/?hl=de","https:\/\/www.linkedin.com\/company\/carl-suchy-&amp;-s\u00f6hne\/","https:\/\/www.pinterest.de\/carlsuchy1822\/","https:\/\/www.youtube.com\/channel\/UCiaaduvFGuyeWS7ZUOXxGSA"]}]}},"_links":{"self":[{"href":"https:\/\/www.carlsuchy.com\/de\/wp-json\/wp\/v2\/product\/2644"}],"collection":[{"href":"https:\/\/www.carlsuchy.com\/de\/wp-json\/wp\/v2\/product"}],"about":[{"href":"https:\/\/www.carlsuchy.com\/de\/wp-json\/wp\/v2\/types\/product"}],"wp:featuredmedia":[{"embeddable":true,"href":"https:\/\/www.carlsuchy.com\/de\/wp-json\/wp\/v2\/media\/2826"}],"wp:attachment":[{"href":"https:\/\/www.carlsuchy.com\/de\/wp-json\/wp\/v2\/media?parent=2644"}],"wp:term":[{"taxonomy":"product_cat","embeddable":true,"href":"https:\/\/www.carlsuchy.com\/de\/wp-json\/wp\/v2\/product_cat?post=2644"},{"taxonomy":"product_tag","embeddable":true,"href":"https:\/\/www.carlsuchy.com\/de\/wp-json\/wp\/v2\/product_tag?post=2644"}],"curies":[{"name":"wp","href":"https:\/\/api.w.org\/{rel}","templated":true}]}}