


{"id":2714,"date":"2018-05-18T12:14:25","date_gmt":"2018-05-18T12:14:25","guid":{"rendered":"https:\/\/www.carlsuchy.com\/wpdev\/product\/waltz-n1-skeleton-black-dial\/"},"modified":"2025-02-04T12:54:48","modified_gmt":"2025-02-04T12:54:48","slug":"waltz-n1-skeleton-black-dial","status":"publish","type":"product","link":"https:\/\/www.carlsuchy.com\/de\/produkt\/waltz-n1-skeleton-black-dial\/","title":{"rendered":"Waltz N\u00b01<br>Skeleton"},"content":{"rendered":"<p class=\"p1\">UHRWERK<br \/>\nDie Waltz N\u00b01 Skeleton ist mit dem ultrad\u00fcnnen skelettierten Automatikuhrwerk 5401\/180 mit vergoldetem Mikrorotor ausgestattet. Die durchbrochenen rhodinierten Kanten und Werkbr\u00fccken in Schwarz (PVD) wurden von Hand angliert.<\/p>\n<p class=\"p1\">GEH\u00c4USE<br \/>\nDie skelettierte Armbanduhr hat ein Geh\u00e4use aus Edelstahl. Der Geh\u00e4useboden ist aus entspiegeltem Saphirglas, sodass das kunstvoll freigelegte Uhrwerk sichtbar ist.<\/p>\n<p class=\"p1\">ZIFFERBLATT<br \/>\nDas Zifferblatt ist schwarz und entlang der vertikalen und horizontalen Linien durchbrochen, die das Zifferblatt in der Mitte teilen. Das Werk ist so durch die Linien sichtbar. Die rotierende Sekundenscheibe bei sechs Uhr ist ebenfalls entlang des Linienmusters ge\u00f6ffnet und verleiht der Waltz N\u00b01 Skeleton ihr charakteristisches Aussehen.<\/p>\n<p class=\"p1\">ARMBAND UND SCHNALLE<br \/>\nF\u00fcr das Armband der Waltz N\u00b01 Skeleton wird besonders hochwertiges echtes Alligatorleder mit schwarzen N\u00e4hten verwendet. Die Gravur an der Innenseite des Armbands ist von Designer Adolf Loos inspiriert und wurde eigens f\u00fcr Carl Suchy &amp; S\u00f6hne entworfen. Die Sicherheitsschnalle bietet h\u00f6chsten Tragekomfort und spielt raffiniert mit den Kontrasten aus matten und gl\u00e4nzenden Oberfl\u00e4chen. Die Schlie\u00dfe ziert das original Doppelgreifen-Abzeichen von Carl Suchy &amp; S\u00f6hne.<\/p>\n<p class=\"p1\">WALTZ N\u00b01 SKELETON SONDERANFERTIGUNGEN<br \/>\nSie haben die M\u00f6glichkeit, Materialien, Farben und Armb\u00e4nder Ihrer Waltz N\u00b01 Skeleton individuell anzupassen \u2013 <a href=\"mailto:office@carlsuchy.com\"><span class=\"s1\">Bitte kontaktieren Sie uns bei Sonderw\u00fcnschen!<\/span><\/a><\/p>\n","protected":false},"excerpt":{"rendered":"<div class=\"text-container\">\n<p class=\"p1\">Edelstahlgeh\u00e4use<br \/>\nSchwarzes Zifferblatt<\/p>\n<\/div>\n","protected":false},"featured_media":2834,"template":"","meta":{"_acf_changed":false,"content-type":""},"product_cat":[25],"product_tag":[],"acf":[],"yoast_head":"<!-- This site is optimized with the Yoast SEO plugin v23.5 - https:\/\/yoast.com\/wordpress\/plugins\/seo\/ -->\n<title>Waltz N\u00b01Skeleton &#8211; Carl Suchy &amp; S\u00f6hne<\/title>\n<meta name=\"description\" content=\"Carl Suchy &amp; S\u00f6hne &#8211; Edelstahlgeh\u00e4use Schwarzes Zifferblatt Die Waltz N\u00b01 Skeleton ist ein Sondermodell der \u00f6sterreichischen Uhrenmarke Carl Suchy &amp; S\u00f6hne.\" \/>\n<meta name=\"robots\" content=\"index, follow, max-snippet:-1, max-image-preview:large, max-video-preview:-1\" \/>\n<link rel=\"canonical\" href=\"https:\/\/www.carlsuchy.com\/de\/produkt\/waltz-n1-skeleton-black-dial\/\" \/>\n<meta property=\"og:locale\" content=\"de_DE\" \/>\n<meta property=\"og:type\" content=\"article\" \/>\n<meta property=\"og:title\" content=\"Waltz N\u00b01Skeleton &#8211; Carl Suchy &amp; S\u00f6hne\" \/>\n<meta property=\"og:description\" content=\"Carl Suchy &amp; S\u00f6hne &#8211; Edelstahlgeh\u00e4use Schwarzes Zifferblatt Die Waltz N\u00b01 Skeleton ist ein Sondermodell der \u00f6sterreichischen Uhrenmarke Carl Suchy &amp; S\u00f6hne.\" \/>\n<meta property=\"og:url\" content=\"https:\/\/www.carlsuchy.com\/de\/produkt\/waltz-n1-skeleton-black-dial\/\" \/>\n<meta property=\"og:site_name\" content=\"Carl Suchy &amp; S\u00f6hne\" \/>\n<meta property=\"article:publisher\" content=\"https:\/\/www.facebook.com\/carlsuchy\/\" \/>\n<meta property=\"article:modified_time\" content=\"2025-02-04T12:54:48+00:00\" \/>\n<meta property=\"og:image\" content=\"https:\/\/www.carlsuchy.com\/wp-content\/uploads\/2018\/05\/Waltz-Skeleton-Dial-Black.png\" \/>\n\t<meta property=\"og:image:width\" content=\"595\" \/>\n\t<meta property=\"og:image:height\" content=\"1000\" \/>\n\t<meta property=\"og:image:type\" content=\"image\/png\" \/>\n<meta name=\"twitter:card\" content=\"summary_large_image\" \/>\n<meta name=\"twitter:label1\" content=\"Gesch\u00e4tzte Lesezeit\" \/>\n\t<meta name=\"twitter:data1\" content=\"3\u00a0Minuten\" \/>\n<script type=\"application\/ld+json\" class=\"yoast-schema-graph\">{\"@context\":\"https:\/\/schema.org\",\"@graph\":[{\"@type\":\"WebPage\",\"@id\":\"https:\/\/www.carlsuchy.com\/de\/produkt\/waltz-n1-skeleton-black-dial\/\",\"url\":\"https:\/\/www.carlsuchy.com\/de\/produkt\/waltz-n1-skeleton-black-dial\/\",\"name\":\"Waltz N\u00b01 Skeleton &#8211; Carl Suchy &amp; S\u00f6hne\",\"isPartOf\":{\"@id\":\"https:\/\/www.carlsuchy.com\/de\/#website\"},\"primaryImageOfPage\":{\"@id\":\"https:\/\/www.carlsuchy.com\/de\/produkt\/waltz-n1-skeleton-black-dial\/#primaryimage\"},\"image\":{\"@id\":\"https:\/\/www.carlsuchy.com\/de\/produkt\/waltz-n1-skeleton-black-dial\/#primaryimage\"},\"thumbnailUrl\":\"https:\/\/www.carlsuchy.com\/wp-content\/uploads\/2018\/05\/Waltz-Skeleton-Dial-Black.png\",\"datePublished\":\"2018-05-18T12:14:25+00:00\",\"dateModified\":\"2025-02-04T12:54:48+00:00\",\"description\":\"Carl Suchy &amp; S\u00f6hne &#8211; Edelstahlgeh\u00e4use Schwarzes Zifferblatt Die Waltz N\u00b01 Skeleton ist ein Sondermodell der \u00f6sterreichischen Uhrenmarke Carl Suchy & S\u00f6hne.\",\"breadcrumb\":{\"@id\":\"https:\/\/www.carlsuchy.com\/de\/produkt\/waltz-n1-skeleton-black-dial\/#breadcrumb\"},\"inLanguage\":\"de\",\"potentialAction\":[{\"@type\":\"ReadAction\",\"target\":[\"https:\/\/www.carlsuchy.com\/de\/produkt\/waltz-n1-skeleton-black-dial\/\"]}]},{\"@type\":\"ImageObject\",\"inLanguage\":\"de\",\"@id\":\"https:\/\/www.carlsuchy.com\/de\/produkt\/waltz-n1-skeleton-black-dial\/#primaryimage\",\"url\":\"https:\/\/www.carlsuchy.com\/wp-content\/uploads\/2018\/05\/Waltz-Skeleton-Dial-Black.png\",\"contentUrl\":\"https:\/\/www.carlsuchy.com\/wp-content\/uploads\/2018\/05\/Waltz-Skeleton-Dial-Black.png\",\"width\":595,\"height\":1000,\"caption\":\"Waltz N\u00b01 Skeleton black dial Carl Suchy & S\u00f6hne Vienna\"},{\"@type\":\"BreadcrumbList\",\"@id\":\"https:\/\/www.carlsuchy.com\/de\/produkt\/waltz-n1-skeleton-black-dial\/#breadcrumb\",\"itemListElement\":[{\"@type\":\"ListItem\",\"position\":1,\"name\":\"Home\",\"item\":\"https:\/\/www.carlsuchy.com\/de\/\"},{\"@type\":\"ListItem\",\"position\":2,\"name\":\"Shop\",\"item\":\"https:\/\/www.carlsuchy.com\/shop\/\"},{\"@type\":\"ListItem\",\"position\":3,\"name\":\"Waltz N\u00b01Skeleton\"}]},{\"@type\":\"WebSite\",\"@id\":\"https:\/\/www.carlsuchy.com\/de\/#website\",\"url\":\"https:\/\/www.carlsuchy.com\/de\/\",\"name\":\"Carl Suchy &amp; S\u00f6hne\",\"description\":\"\",\"publisher\":{\"@id\":\"https:\/\/www.carlsuchy.com\/de\/#organization\"},\"potentialAction\":[{\"@type\":\"SearchAction\",\"target\":{\"@type\":\"EntryPoint\",\"urlTemplate\":\"https:\/\/www.carlsuchy.com\/de\/?s={search_term_string}\"},\"query-input\":{\"@type\":\"PropertyValueSpecification\",\"valueRequired\":true,\"valueName\":\"search_term_string\"}}],\"inLanguage\":\"de\"},{\"@type\":\"Organization\",\"@id\":\"https:\/\/www.carlsuchy.com\/de\/#organization\",\"name\":\"Carl Suchy & S\u00f6hne\",\"url\":\"https:\/\/www.carlsuchy.com\/de\/\",\"logo\":{\"@type\":\"ImageObject\",\"inLanguage\":\"de\",\"@id\":\"https:\/\/www.carlsuchy.com\/de\/#\/schema\/logo\/image\/\",\"url\":\"https:\/\/www.carlsuchy.com\/wp-content\/uploads\/2018\/05\/logo.svg\",\"contentUrl\":\"https:\/\/www.carlsuchy.com\/wp-content\/uploads\/2018\/05\/logo.svg\",\"width\":1,\"height\":1,\"caption\":\"Carl Suchy & S\u00f6hne\"},\"image\":{\"@id\":\"https:\/\/www.carlsuchy.com\/de\/#\/schema\/logo\/image\/\"},\"sameAs\":[\"https:\/\/www.facebook.com\/carlsuchy\/\",\"https:\/\/www.instagram.com\/carlsuchy\/?hl=de\",\"https:\/\/www.linkedin.com\/company\/carl-suchy-&amp;-s\u00f6hne\/\",\"https:\/\/www.pinterest.de\/carlsuchy1822\/\",\"https:\/\/www.youtube.com\/channel\/UCiaaduvFGuyeWS7ZUOXxGSA\"]}]}<\/script>\n<!-- \/ Yoast SEO plugin. -->","yoast_head_json":{"title":"Waltz N\u00b01Skeleton &#8211; Carl Suchy &amp; S\u00f6hne","description":"Carl Suchy &amp; S\u00f6hne &#8211; Edelstahlgeh\u00e4use Schwarzes Zifferblatt Die Waltz N\u00b01 Skeleton ist ein Sondermodell der \u00f6sterreichischen Uhrenmarke Carl Suchy & S\u00f6hne.","robots":{"index":"index","follow":"follow","max-snippet":"max-snippet:-1","max-image-preview":"max-image-preview:large","max-video-preview":"max-video-preview:-1"},"canonical":"https:\/\/www.carlsuchy.com\/de\/produkt\/waltz-n1-skeleton-black-dial\/","og_locale":"de_DE","og_type":"article","og_title":"Waltz N\u00b01Skeleton &#8211; Carl Suchy &amp; S\u00f6hne","og_description":"Carl Suchy &amp; S\u00f6hne &#8211; Edelstahlgeh\u00e4use Schwarzes Zifferblatt Die Waltz N\u00b01 Skeleton ist ein Sondermodell der \u00f6sterreichischen Uhrenmarke Carl Suchy & S\u00f6hne.","og_url":"https:\/\/www.carlsuchy.com\/de\/produkt\/waltz-n1-skeleton-black-dial\/","og_site_name":"Carl Suchy &amp; S\u00f6hne","article_publisher":"https:\/\/www.facebook.com\/carlsuchy\/","article_modified_time":"2025-02-04T12:54:48+00:00","og_image":[{"width":595,"height":1000,"url":"https:\/\/www.carlsuchy.com\/wp-content\/uploads\/2018\/05\/Waltz-Skeleton-Dial-Black.png","type":"image\/png"}],"twitter_card":"summary_large_image","twitter_misc":{"Gesch\u00e4tzte Lesezeit":"3\u00a0Minuten"},"schema":{"@context":"https:\/\/schema.org","@graph":[{"@type":"WebPage","@id":"https:\/\/www.carlsuchy.com\/de\/produkt\/waltz-n1-skeleton-black-dial\/","url":"https:\/\/www.carlsuchy.com\/de\/produkt\/waltz-n1-skeleton-black-dial\/","name":"Waltz N\u00b01 Skeleton &#8211; Carl Suchy &amp; S\u00f6hne","isPartOf":{"@id":"https:\/\/www.carlsuchy.com\/de\/#website"},"primaryImageOfPage":{"@id":"https:\/\/www.carlsuchy.com\/de\/produkt\/waltz-n1-skeleton-black-dial\/#primaryimage"},"image":{"@id":"https:\/\/www.carlsuchy.com\/de\/produkt\/waltz-n1-skeleton-black-dial\/#primaryimage"},"thumbnailUrl":"https:\/\/www.carlsuchy.com\/wp-content\/uploads\/2018\/05\/Waltz-Skeleton-Dial-Black.png","datePublished":"2018-05-18T12:14:25+00:00","dateModified":"2025-02-04T12:54:48+00:00","description":"Carl Suchy &amp; S\u00f6hne &#8211; Edelstahlgeh\u00e4use Schwarzes Zifferblatt Die Waltz N\u00b01 Skeleton ist ein Sondermodell der \u00f6sterreichischen Uhrenmarke Carl Suchy & S\u00f6hne.","breadcrumb":{"@id":"https:\/\/www.carlsuchy.com\/de\/produkt\/waltz-n1-skeleton-black-dial\/#breadcrumb"},"inLanguage":"de","potentialAction":[{"@type":"ReadAction","target":["https:\/\/www.carlsuchy.com\/de\/produkt\/waltz-n1-skeleton-black-dial\/"]}]},{"@type":"ImageObject","inLanguage":"de","@id":"https:\/\/www.carlsuchy.com\/de\/produkt\/waltz-n1-skeleton-black-dial\/#primaryimage","url":"https:\/\/www.carlsuchy.com\/wp-content\/uploads\/2018\/05\/Waltz-Skeleton-Dial-Black.png","contentUrl":"https:\/\/www.carlsuchy.com\/wp-content\/uploads\/2018\/05\/Waltz-Skeleton-Dial-Black.png","width":595,"height":1000,"caption":"Waltz N\u00b01 Skeleton black dial Carl Suchy & S\u00f6hne Vienna"},{"@type":"BreadcrumbList","@id":"https:\/\/www.carlsuchy.com\/de\/produkt\/waltz-n1-skeleton-black-dial\/#breadcrumb","itemListElement":[{"@type":"ListItem","position":1,"name":"Home","item":"https:\/\/www.carlsuchy.com\/de\/"},{"@type":"ListItem","position":2,"name":"Shop","item":"https:\/\/www.carlsuchy.com\/shop\/"},{"@type":"ListItem","position":3,"name":"Waltz N\u00b01Skeleton"}]},{"@type":"WebSite","@id":"https:\/\/www.carlsuchy.com\/de\/#website","url":"https:\/\/www.carlsuchy.com\/de\/","name":"Carl Suchy &amp; S\u00f6hne","description":"","publisher":{"@id":"https:\/\/www.carlsuchy.com\/de\/#organization"},"potentialAction":[{"@type":"SearchAction","target":{"@type":"EntryPoint","urlTemplate":"https:\/\/www.carlsuchy.com\/de\/?s={search_term_string}"},"query-input":{"@type":"PropertyValueSpecification","valueRequired":true,"valueName":"search_term_string"}}],"inLanguage":"de"},{"@type":"Organization","@id":"https:\/\/www.carlsuchy.com\/de\/#organization","name":"Carl Suchy & S\u00f6hne","url":"https:\/\/www.carlsuchy.com\/de\/","logo":{"@type":"ImageObject","inLanguage":"de","@id":"https:\/\/www.carlsuchy.com\/de\/#\/schema\/logo\/image\/","url":"https:\/\/www.carlsuchy.com\/wp-content\/uploads\/2018\/05\/logo.svg","contentUrl":"https:\/\/www.carlsuchy.com\/wp-content\/uploads\/2018\/05\/logo.svg","width":1,"height":1,"caption":"Carl Suchy & S\u00f6hne"},"image":{"@id":"https:\/\/www.carlsuchy.com\/de\/#\/schema\/logo\/image\/"},"sameAs":["https:\/\/www.facebook.com\/carlsuchy\/","https:\/\/www.instagram.com\/carlsuchy\/?hl=de","https:\/\/www.linkedin.com\/company\/carl-suchy-&amp;-s\u00f6hne\/","https:\/\/www.pinterest.de\/carlsuchy1822\/","https:\/\/www.youtube.com\/channel\/UCiaaduvFGuyeWS7ZUOXxGSA"]}]}},"_links":{"self":[{"href":"https:\/\/www.carlsuchy.com\/de\/wp-json\/wp\/v2\/product\/2714"}],"collection":[{"href":"https:\/\/www.carlsuchy.com\/de\/wp-json\/wp\/v2\/product"}],"about":[{"href":"https:\/\/www.carlsuchy.com\/de\/wp-json\/wp\/v2\/types\/product"}],"wp:featuredmedia":[{"embeddable":true,"href":"https:\/\/www.carlsuchy.com\/de\/wp-json\/wp\/v2\/media\/2834"}],"wp:attachment":[{"href":"https:\/\/www.carlsuchy.com\/de\/wp-json\/wp\/v2\/media?parent=2714"}],"wp:term":[{"taxonomy":"product_cat","embeddable":true,"href":"https:\/\/www.carlsuchy.com\/de\/wp-json\/wp\/v2\/product_cat?post=2714"},{"taxonomy":"product_tag","embeddable":true,"href":"https:\/\/www.carlsuchy.com\/de\/wp-json\/wp\/v2\/product_tag?post=2714"}],"curies":[{"name":"wp","href":"https:\/\/api.w.org\/{rel}","templated":true}]}}