


{"id":5075,"date":"2019-03-26T12:50:20","date_gmt":"2019-03-26T12:50:20","guid":{"rendered":"https:\/\/www.carlsuchy.com\/product\/waltz-n1-skeleton-gold-white-dial\/"},"modified":"2025-02-04T12:58:31","modified_gmt":"2025-02-04T12:58:31","slug":"waltz-n1-skeleton-gold-white-dial","status":"publish","type":"product","link":"https:\/\/www.carlsuchy.com\/de\/produkt\/waltz-n1-skeleton-gold-white-dial\/","title":{"rendered":"Waltz N\u00b01<br>Skeleton Gold"},"content":{"rendered":"<p class=\"p1\">UHRWERK<br \/>\nDie Waltz N\u00b01 Skeleton Gold ist mit dem ultraflachen Automatikuhrwerk VMF 5401\/180 mit vergoldetem Mikrorotor ausgestattet. Die tiefschwarzen rhodinierten Kanten und Werkbr\u00fccken wurden freigelegt und von Hand angliert, um die filigrane Sch\u00f6nheit des Meisterst\u00fccks der Uhrmacherei vollends zur Geltung zu bringen.<\/p>\n<p class=\"p1\">GEH\u00c4USE<br \/>\nDie Waltz N\u00b01 Skeleton Gold hat ein Geh\u00e4use aus 18-kar\u00e4tigem Gelbgold, das mit dem Gegensatz aus matten und polierten Oberfl\u00e4chen spielt und der Uhr ein ebenso elegantes wie zeitgen\u00f6ssisches Aussehen verleiht. Der Geh\u00e4useboden ist aus entspiegeltem Saphirglas.<\/p>\n<p class=\"p1\">ZIFFERBLATT<br \/>\nDas Zifferblatt ist wei\u00df. Durch das entlang der Guilloch\u00e9elinien durchbrochene Zifferblatt mit rhodinierten Zeigern und applizierten Indizes ist das Uhrwerk sichtbar. Die rotierende Sekundenscheibe bei sechs Uhr schlie\u00dft zu jeder vollen Minute mit dem Muster des Zifferblattes und verleiht der Waltz N\u00b01 Skeleton Gold ihr charakteristisches Aussehen.<\/p>\n<p class=\"p1\">ARMBAND UND SCHNALLE<br \/>\nF\u00fcr das Armband der Waltz N\u00b01 Skeleton Gold wird besonders hochwertiges, seidenmattes, schwarzes Alligatorleder mit schwarzen N\u00e4hten verwendet. Das Muster an der Innenseite des Armbands ist von Adolf Loos inspiriert und wurde eigens f\u00fcr Carl Suchy &amp; S\u00f6hne entworfen. Die Sicherheitsfaltschlie\u00dfe aus 18-Karat-Gold bietet h\u00f6chsten Tragekomfort und wird von dem historischen Doppelgreifen-Abzeichen von Carl Suchy &amp; S\u00f6hne veredelt.<\/p>\n<p class=\"p1\">WALTZ N\u00b01 SKELETON SONDERANFERTIGUNGEN<br \/>\nDie Waltz N\u00b01 Skeleton Gold wird speziell f\u00fcr Sie gefertigt. <a href=\"mailto:office@carlsuchy.com\"><span class=\"s1\">Teilen Sie uns<\/span><\/a> daher Ihre Sonderw\u00fcnsche bez\u00fcglich Materialien, Farben und Armb\u00e4ndern mit \u2013 Wir stehen Ihnen jederzeit pers\u00f6nlich zur Verf\u00fcgung!<\/p>\n","protected":false},"excerpt":{"rendered":"<p class=\"p1\">18k Goldgeh\u00e4use | Wei\u00dfes Zifferblatt<\/p>\n","protected":false},"featured_media":5059,"template":"","meta":{"_acf_changed":false,"content-type":""},"product_cat":[51],"product_tag":[],"acf":[],"yoast_head":"<!-- This site is optimized with the Yoast SEO plugin v23.5 - https:\/\/yoast.com\/wordpress\/plugins\/seo\/ -->\n<title>Waltz N\u00b01Skeleton Gold &#8211; Carl Suchy &amp; S\u00f6hne<\/title>\n<meta name=\"description\" content=\"Die Waltz N\u00b01 Skeleton Gold ist eine besonders wertvolle Version der skelettierten Automatikuhr aus dem Hause von Carl Suchy &amp; S\u00f6hne.\" \/>\n<meta name=\"robots\" content=\"index, follow, max-snippet:-1, max-image-preview:large, max-video-preview:-1\" \/>\n<link rel=\"canonical\" href=\"https:\/\/www.carlsuchy.com\/de\/produkt\/waltz-n1-skeleton-gold-white-dial\/\" \/>\n<meta property=\"og:locale\" content=\"de_DE\" \/>\n<meta property=\"og:type\" content=\"article\" \/>\n<meta property=\"og:title\" content=\"Waltz N\u00b01Skeleton Gold &#8211; Carl Suchy &amp; S\u00f6hne\" \/>\n<meta property=\"og:description\" content=\"Die Waltz N\u00b01 Skeleton Gold ist eine besonders wertvolle Version der skelettierten Automatikuhr aus dem Hause von Carl Suchy &amp; S\u00f6hne.\" \/>\n<meta property=\"og:url\" content=\"https:\/\/www.carlsuchy.com\/de\/produkt\/waltz-n1-skeleton-gold-white-dial\/\" \/>\n<meta property=\"og:site_name\" content=\"Carl Suchy &amp; S\u00f6hne\" \/>\n<meta property=\"article:publisher\" content=\"https:\/\/www.facebook.com\/carlsuchy\/\" \/>\n<meta property=\"article:modified_time\" content=\"2025-02-04T12:58:31+00:00\" \/>\n<meta property=\"og:image\" content=\"https:\/\/www.carlsuchy.com\/wp-content\/uploads\/2019\/03\/Waltz-Skeleton-Frontsides-White-Gold.png\" \/>\n\t<meta property=\"og:image:width\" content=\"595\" \/>\n\t<meta property=\"og:image:height\" content=\"1000\" \/>\n\t<meta property=\"og:image:type\" content=\"image\/png\" \/>\n<meta name=\"twitter:card\" content=\"summary_large_image\" \/>\n<meta name=\"twitter:label1\" content=\"Gesch\u00e4tzte Lesezeit\" \/>\n\t<meta name=\"twitter:data1\" content=\"4\u00a0Minuten\" \/>\n<script type=\"application\/ld+json\" class=\"yoast-schema-graph\">{\"@context\":\"https:\/\/schema.org\",\"@graph\":[{\"@type\":\"WebPage\",\"@id\":\"https:\/\/www.carlsuchy.com\/de\/produkt\/waltz-n1-skeleton-gold-white-dial\/\",\"url\":\"https:\/\/www.carlsuchy.com\/de\/produkt\/waltz-n1-skeleton-gold-white-dial\/\",\"name\":\"Waltz N\u00b01 Skeleton Gold &#8211; Carl Suchy &amp; S\u00f6hne\",\"isPartOf\":{\"@id\":\"https:\/\/www.carlsuchy.com\/de\/#website\"},\"primaryImageOfPage\":{\"@id\":\"https:\/\/www.carlsuchy.com\/de\/produkt\/waltz-n1-skeleton-gold-white-dial\/#primaryimage\"},\"image\":{\"@id\":\"https:\/\/www.carlsuchy.com\/de\/produkt\/waltz-n1-skeleton-gold-white-dial\/#primaryimage\"},\"thumbnailUrl\":\"https:\/\/www.carlsuchy.com\/wp-content\/uploads\/2019\/03\/Waltz-Skeleton-Frontsides-White-Gold.png\",\"datePublished\":\"2019-03-26T12:50:20+00:00\",\"dateModified\":\"2025-02-04T12:58:31+00:00\",\"description\":\"Die Waltz N\u00b01 Skeleton Gold ist eine besonders wertvolle Version der skelettierten Automatikuhr aus dem Hause von Carl Suchy & S\u00f6hne.\",\"breadcrumb\":{\"@id\":\"https:\/\/www.carlsuchy.com\/de\/produkt\/waltz-n1-skeleton-gold-white-dial\/#breadcrumb\"},\"inLanguage\":\"de\",\"potentialAction\":[{\"@type\":\"ReadAction\",\"target\":[\"https:\/\/www.carlsuchy.com\/de\/produkt\/waltz-n1-skeleton-gold-white-dial\/\"]}]},{\"@type\":\"ImageObject\",\"inLanguage\":\"de\",\"@id\":\"https:\/\/www.carlsuchy.com\/de\/produkt\/waltz-n1-skeleton-gold-white-dial\/#primaryimage\",\"url\":\"https:\/\/www.carlsuchy.com\/wp-content\/uploads\/2019\/03\/Waltz-Skeleton-Frontsides-White-Gold.png\",\"contentUrl\":\"https:\/\/www.carlsuchy.com\/wp-content\/uploads\/2019\/03\/Waltz-Skeleton-Frontsides-White-Gold.png\",\"width\":595,\"height\":1000},{\"@type\":\"BreadcrumbList\",\"@id\":\"https:\/\/www.carlsuchy.com\/de\/produkt\/waltz-n1-skeleton-gold-white-dial\/#breadcrumb\",\"itemListElement\":[{\"@type\":\"ListItem\",\"position\":1,\"name\":\"Home\",\"item\":\"https:\/\/www.carlsuchy.com\/de\/\"},{\"@type\":\"ListItem\",\"position\":2,\"name\":\"Shop\",\"item\":\"https:\/\/www.carlsuchy.com\/shop\/\"},{\"@type\":\"ListItem\",\"position\":3,\"name\":\"Waltz N\u00b01Skeleton Gold\"}]},{\"@type\":\"WebSite\",\"@id\":\"https:\/\/www.carlsuchy.com\/de\/#website\",\"url\":\"https:\/\/www.carlsuchy.com\/de\/\",\"name\":\"Carl Suchy &amp; S\u00f6hne\",\"description\":\"\",\"publisher\":{\"@id\":\"https:\/\/www.carlsuchy.com\/de\/#organization\"},\"potentialAction\":[{\"@type\":\"SearchAction\",\"target\":{\"@type\":\"EntryPoint\",\"urlTemplate\":\"https:\/\/www.carlsuchy.com\/de\/?s={search_term_string}\"},\"query-input\":{\"@type\":\"PropertyValueSpecification\",\"valueRequired\":true,\"valueName\":\"search_term_string\"}}],\"inLanguage\":\"de\"},{\"@type\":\"Organization\",\"@id\":\"https:\/\/www.carlsuchy.com\/de\/#organization\",\"name\":\"Carl Suchy & S\u00f6hne\",\"url\":\"https:\/\/www.carlsuchy.com\/de\/\",\"logo\":{\"@type\":\"ImageObject\",\"inLanguage\":\"de\",\"@id\":\"https:\/\/www.carlsuchy.com\/de\/#\/schema\/logo\/image\/\",\"url\":\"https:\/\/www.carlsuchy.com\/wp-content\/uploads\/2018\/05\/logo.svg\",\"contentUrl\":\"https:\/\/www.carlsuchy.com\/wp-content\/uploads\/2018\/05\/logo.svg\",\"width\":1,\"height\":1,\"caption\":\"Carl Suchy & S\u00f6hne\"},\"image\":{\"@id\":\"https:\/\/www.carlsuchy.com\/de\/#\/schema\/logo\/image\/\"},\"sameAs\":[\"https:\/\/www.facebook.com\/carlsuchy\/\",\"https:\/\/www.instagram.com\/carlsuchy\/?hl=de\",\"https:\/\/www.linkedin.com\/company\/carl-suchy-&amp;-s\u00f6hne\/\",\"https:\/\/www.pinterest.de\/carlsuchy1822\/\",\"https:\/\/www.youtube.com\/channel\/UCiaaduvFGuyeWS7ZUOXxGSA\"]}]}<\/script>\n<!-- \/ Yoast SEO plugin. -->","yoast_head_json":{"title":"Waltz N\u00b01Skeleton Gold &#8211; Carl Suchy &amp; S\u00f6hne","description":"Die Waltz N\u00b01 Skeleton Gold ist eine besonders wertvolle Version der skelettierten Automatikuhr aus dem Hause von Carl Suchy & S\u00f6hne.","robots":{"index":"index","follow":"follow","max-snippet":"max-snippet:-1","max-image-preview":"max-image-preview:large","max-video-preview":"max-video-preview:-1"},"canonical":"https:\/\/www.carlsuchy.com\/de\/produkt\/waltz-n1-skeleton-gold-white-dial\/","og_locale":"de_DE","og_type":"article","og_title":"Waltz N\u00b01Skeleton Gold &#8211; Carl Suchy &amp; S\u00f6hne","og_description":"Die Waltz N\u00b01 Skeleton Gold ist eine besonders wertvolle Version der skelettierten Automatikuhr aus dem Hause von Carl Suchy & S\u00f6hne.","og_url":"https:\/\/www.carlsuchy.com\/de\/produkt\/waltz-n1-skeleton-gold-white-dial\/","og_site_name":"Carl Suchy &amp; S\u00f6hne","article_publisher":"https:\/\/www.facebook.com\/carlsuchy\/","article_modified_time":"2025-02-04T12:58:31+00:00","og_image":[{"width":595,"height":1000,"url":"https:\/\/www.carlsuchy.com\/wp-content\/uploads\/2019\/03\/Waltz-Skeleton-Frontsides-White-Gold.png","type":"image\/png"}],"twitter_card":"summary_large_image","twitter_misc":{"Gesch\u00e4tzte Lesezeit":"4\u00a0Minuten"},"schema":{"@context":"https:\/\/schema.org","@graph":[{"@type":"WebPage","@id":"https:\/\/www.carlsuchy.com\/de\/produkt\/waltz-n1-skeleton-gold-white-dial\/","url":"https:\/\/www.carlsuchy.com\/de\/produkt\/waltz-n1-skeleton-gold-white-dial\/","name":"Waltz N\u00b01 Skeleton Gold &#8211; Carl Suchy &amp; S\u00f6hne","isPartOf":{"@id":"https:\/\/www.carlsuchy.com\/de\/#website"},"primaryImageOfPage":{"@id":"https:\/\/www.carlsuchy.com\/de\/produkt\/waltz-n1-skeleton-gold-white-dial\/#primaryimage"},"image":{"@id":"https:\/\/www.carlsuchy.com\/de\/produkt\/waltz-n1-skeleton-gold-white-dial\/#primaryimage"},"thumbnailUrl":"https:\/\/www.carlsuchy.com\/wp-content\/uploads\/2019\/03\/Waltz-Skeleton-Frontsides-White-Gold.png","datePublished":"2019-03-26T12:50:20+00:00","dateModified":"2025-02-04T12:58:31+00:00","description":"Die Waltz N\u00b01 Skeleton Gold ist eine besonders wertvolle Version der skelettierten Automatikuhr aus dem Hause von Carl Suchy & S\u00f6hne.","breadcrumb":{"@id":"https:\/\/www.carlsuchy.com\/de\/produkt\/waltz-n1-skeleton-gold-white-dial\/#breadcrumb"},"inLanguage":"de","potentialAction":[{"@type":"ReadAction","target":["https:\/\/www.carlsuchy.com\/de\/produkt\/waltz-n1-skeleton-gold-white-dial\/"]}]},{"@type":"ImageObject","inLanguage":"de","@id":"https:\/\/www.carlsuchy.com\/de\/produkt\/waltz-n1-skeleton-gold-white-dial\/#primaryimage","url":"https:\/\/www.carlsuchy.com\/wp-content\/uploads\/2019\/03\/Waltz-Skeleton-Frontsides-White-Gold.png","contentUrl":"https:\/\/www.carlsuchy.com\/wp-content\/uploads\/2019\/03\/Waltz-Skeleton-Frontsides-White-Gold.png","width":595,"height":1000},{"@type":"BreadcrumbList","@id":"https:\/\/www.carlsuchy.com\/de\/produkt\/waltz-n1-skeleton-gold-white-dial\/#breadcrumb","itemListElement":[{"@type":"ListItem","position":1,"name":"Home","item":"https:\/\/www.carlsuchy.com\/de\/"},{"@type":"ListItem","position":2,"name":"Shop","item":"https:\/\/www.carlsuchy.com\/shop\/"},{"@type":"ListItem","position":3,"name":"Waltz N\u00b01Skeleton Gold"}]},{"@type":"WebSite","@id":"https:\/\/www.carlsuchy.com\/de\/#website","url":"https:\/\/www.carlsuchy.com\/de\/","name":"Carl Suchy &amp; S\u00f6hne","description":"","publisher":{"@id":"https:\/\/www.carlsuchy.com\/de\/#organization"},"potentialAction":[{"@type":"SearchAction","target":{"@type":"EntryPoint","urlTemplate":"https:\/\/www.carlsuchy.com\/de\/?s={search_term_string}"},"query-input":{"@type":"PropertyValueSpecification","valueRequired":true,"valueName":"search_term_string"}}],"inLanguage":"de"},{"@type":"Organization","@id":"https:\/\/www.carlsuchy.com\/de\/#organization","name":"Carl Suchy & S\u00f6hne","url":"https:\/\/www.carlsuchy.com\/de\/","logo":{"@type":"ImageObject","inLanguage":"de","@id":"https:\/\/www.carlsuchy.com\/de\/#\/schema\/logo\/image\/","url":"https:\/\/www.carlsuchy.com\/wp-content\/uploads\/2018\/05\/logo.svg","contentUrl":"https:\/\/www.carlsuchy.com\/wp-content\/uploads\/2018\/05\/logo.svg","width":1,"height":1,"caption":"Carl Suchy & S\u00f6hne"},"image":{"@id":"https:\/\/www.carlsuchy.com\/de\/#\/schema\/logo\/image\/"},"sameAs":["https:\/\/www.facebook.com\/carlsuchy\/","https:\/\/www.instagram.com\/carlsuchy\/?hl=de","https:\/\/www.linkedin.com\/company\/carl-suchy-&amp;-s\u00f6hne\/","https:\/\/www.pinterest.de\/carlsuchy1822\/","https:\/\/www.youtube.com\/channel\/UCiaaduvFGuyeWS7ZUOXxGSA"]}]}},"_links":{"self":[{"href":"https:\/\/www.carlsuchy.com\/de\/wp-json\/wp\/v2\/product\/5075"}],"collection":[{"href":"https:\/\/www.carlsuchy.com\/de\/wp-json\/wp\/v2\/product"}],"about":[{"href":"https:\/\/www.carlsuchy.com\/de\/wp-json\/wp\/v2\/types\/product"}],"wp:featuredmedia":[{"embeddable":true,"href":"https:\/\/www.carlsuchy.com\/de\/wp-json\/wp\/v2\/media\/5059"}],"wp:attachment":[{"href":"https:\/\/www.carlsuchy.com\/de\/wp-json\/wp\/v2\/media?parent=5075"}],"wp:term":[{"taxonomy":"product_cat","embeddable":true,"href":"https:\/\/www.carlsuchy.com\/de\/wp-json\/wp\/v2\/product_cat?post=5075"},{"taxonomy":"product_tag","embeddable":true,"href":"https:\/\/www.carlsuchy.com\/de\/wp-json\/wp\/v2\/product_tag?post=5075"}],"curies":[{"name":"wp","href":"https:\/\/api.w.org\/{rel}","templated":true}]}}