


{"id":5092,"date":"2019-03-26T14:44:32","date_gmt":"2019-03-26T14:44:32","guid":{"rendered":"https:\/\/www.carlsuchy.com\/product\/waltz-n1-skeleton-gold-black-dial\/"},"modified":"2025-02-04T12:59:31","modified_gmt":"2025-02-04T12:59:31","slug":"waltz-n1-skeleton-gold-black-dial","status":"publish","type":"product","link":"https:\/\/www.carlsuchy.com\/de\/produkt\/waltz-n1-skeleton-gold-black-dial\/","title":{"rendered":"Waltz N\u00b01<br>Skeleton Gold"},"content":{"rendered":"<p class=\"p1\">UHRWERK<br \/>\nDie Waltz N\u00b01 Skeleton Gold ist mit dem ultraflachen Automatikuhrwerk VMF 5401\/180 mit dezentralem Mikrorotor ausgestattet. Die tiefschwarzen rhodinierten Kanten und Werkbr\u00fccken wurden freigelegt und von Hand angliert, um die Feinheit des anspruchsvollen Meisterwerkes vollends zur Geltung zu bringen.<\/p>\n<p class=\"p1\">GEH\u00c4USE<br \/>\nDie skelettierte Armbanduhr hat ein Geh\u00e4use aus reinstem 18-kar\u00e4tigen-Gold (750 Au), das raffiniert mit dem Kontrast aus polierten und matten Oberfl\u00e4chen spielt. Flie\u00dfende \u00dcberg\u00e4nge von Geh\u00e4use zu L\u00fcnette und den abgerundeten Bandanst\u00f6\u00dfen sorgen f\u00fcr ein elegantes Aussehen und h\u00f6chsten Tragekomfort. Das kunstvoll freigelegte Uhrwerk ist durch den Geh\u00e4useboden aus entspiegeltem Saphirglas sichtbar. Eingravierte Seriennummer.<\/p>\n<p class=\"p1\">ZIFFERBLATT<br \/>\nDas Zifferblatt ist schwarz (PVD) und bildet einen dramatischen Kontrast zum Goldgeh\u00e4use. Durch das entlang der Guilloch\u00e9elinien ge\u00f6ffnete Zifferblatt mit rhodinierten Zeigern und applizierten Indizes ist das handanglierte Skelettuhrwerk sichtbar. Auch die rotierende Sekundenscheibe bei sechs Uhr ist entlang des Linienmusters ge\u00f6ffnet und verleiht der Waltz N\u00b01 Skeleton Gold ihr charakteristisches Aussehen.<\/p>\n<p class=\"p1\">ARMBAND UND SCHNALLE<br \/>\nF\u00fcr das Armband der handgefertigten Skelettuhr aus Gold wird auserlesenes schwarzes Alligatorleder mit schwarzen N\u00e4hten verwendet. Das Muster an der Innenseite des Armbands wurde speziell f\u00fcr Carl Suchy &amp; S\u00f6hne gestaltet und ist von der Wiener Moderne inspiriert. Die Sicherheitsschnalle aus 18-Karat-Gold wird von dem \u00fcberlieferten Doppelgreifen-Abzeichen geziert.<\/p>\n<p class=\"p1\">WALTZ N\u00b01 SKELETON SONDERANFERTIGUNGEN<br \/>\nDie Waltz N\u00b01 Skeleton Gold wird speziell f\u00fcr Sie handgefertigt. Gerne ber\u00fccksichtigen wir in der Produktion Ihre Sonderw\u00fcnsche bez\u00fcglich Farbe, Material, Seriennummer und Armband Ihrer Unikatuhr. <a href=\"mailto:office@carlsuchy.com\"><span class=\"s1\">Kontaktieren Sie uns bei Fragen!<\/span><\/a><\/p>\n","protected":false},"excerpt":{"rendered":"<p class=\"p1\">18k Goldgeh\u00e4use | Schwarzes Zifferblatt<\/p>\n","protected":false},"featured_media":5089,"template":"","meta":{"_acf_changed":false,"content-type":""},"product_cat":[51],"product_tag":[],"acf":[],"yoast_head":"<!-- This site is optimized with the Yoast SEO plugin v23.5 - https:\/\/yoast.com\/wordpress\/plugins\/seo\/ -->\n<title>Waltz N\u00b01Skeleton Gold &#8211; Carl Suchy &amp; S\u00f6hne<\/title>\n<meta name=\"description\" content=\"Carl Suchy &amp; S\u00f6hne &#8211; 18k Goldgeh\u00e4use | Schwarzes Zifferblatt Die Waltz N\u00b01 Skeleton Gold ist eine besonders wertvolle Version der skelettierten Automatikuhr\u00a0des Wiener Uhrenunternehmens Carl Suchy &amp; S\u00f6hne.\" \/>\n<meta name=\"robots\" content=\"index, follow, max-snippet:-1, max-image-preview:large, max-video-preview:-1\" \/>\n<link rel=\"canonical\" href=\"https:\/\/www.carlsuchy.com\/de\/produkt\/waltz-n1-skeleton-gold-black-dial\/\" \/>\n<meta property=\"og:locale\" content=\"de_DE\" \/>\n<meta property=\"og:type\" content=\"article\" \/>\n<meta property=\"og:title\" content=\"Waltz N\u00b01Skeleton Gold &#8211; Carl Suchy &amp; S\u00f6hne\" \/>\n<meta property=\"og:description\" content=\"Carl Suchy &amp; S\u00f6hne &#8211; 18k Goldgeh\u00e4use | Schwarzes Zifferblatt Die Waltz N\u00b01 Skeleton Gold ist eine besonders wertvolle Version der skelettierten Automatikuhr\u00a0des Wiener Uhrenunternehmens Carl Suchy &amp; S\u00f6hne.\" \/>\n<meta property=\"og:url\" content=\"https:\/\/www.carlsuchy.com\/de\/produkt\/waltz-n1-skeleton-gold-black-dial\/\" \/>\n<meta property=\"og:site_name\" content=\"Carl Suchy &amp; S\u00f6hne\" \/>\n<meta property=\"article:publisher\" content=\"https:\/\/www.facebook.com\/carlsuchy\/\" \/>\n<meta property=\"article:modified_time\" content=\"2025-02-04T12:59:31+00:00\" \/>\n<meta property=\"og:image\" content=\"https:\/\/www.carlsuchy.com\/wp-content\/uploads\/2019\/03\/Waltz-Skeleton-Frontsides-Black-Gold.png\" \/>\n\t<meta property=\"og:image:width\" content=\"595\" \/>\n\t<meta property=\"og:image:height\" content=\"1000\" \/>\n\t<meta property=\"og:image:type\" content=\"image\/png\" \/>\n<meta name=\"twitter:card\" content=\"summary_large_image\" \/>\n<meta name=\"twitter:label1\" content=\"Gesch\u00e4tzte Lesezeit\" \/>\n\t<meta name=\"twitter:data1\" content=\"4\u00a0Minuten\" \/>\n<script type=\"application\/ld+json\" class=\"yoast-schema-graph\">{\"@context\":\"https:\/\/schema.org\",\"@graph\":[{\"@type\":\"WebPage\",\"@id\":\"https:\/\/www.carlsuchy.com\/de\/produkt\/waltz-n1-skeleton-gold-black-dial\/\",\"url\":\"https:\/\/www.carlsuchy.com\/de\/produkt\/waltz-n1-skeleton-gold-black-dial\/\",\"name\":\"Waltz N\u00b01 Skeleton Gold &#8211; Carl Suchy &amp; S\u00f6hne\",\"isPartOf\":{\"@id\":\"https:\/\/www.carlsuchy.com\/de\/#website\"},\"primaryImageOfPage\":{\"@id\":\"https:\/\/www.carlsuchy.com\/de\/produkt\/waltz-n1-skeleton-gold-black-dial\/#primaryimage\"},\"image\":{\"@id\":\"https:\/\/www.carlsuchy.com\/de\/produkt\/waltz-n1-skeleton-gold-black-dial\/#primaryimage\"},\"thumbnailUrl\":\"https:\/\/www.carlsuchy.com\/wp-content\/uploads\/2019\/03\/Waltz-Skeleton-Frontsides-Black-Gold.png\",\"datePublished\":\"2019-03-26T14:44:32+00:00\",\"dateModified\":\"2025-02-04T12:59:31+00:00\",\"description\":\"Carl Suchy &amp; S\u00f6hne &#8211; 18k Goldgeh\u00e4use | Schwarzes Zifferblatt Die Waltz N\u00b01 Skeleton Gold ist eine besonders wertvolle Version der skelettierten Automatikuhr\u00a0des Wiener Uhrenunternehmens Carl Suchy & S\u00f6hne.\",\"breadcrumb\":{\"@id\":\"https:\/\/www.carlsuchy.com\/de\/produkt\/waltz-n1-skeleton-gold-black-dial\/#breadcrumb\"},\"inLanguage\":\"de\",\"potentialAction\":[{\"@type\":\"ReadAction\",\"target\":[\"https:\/\/www.carlsuchy.com\/de\/produkt\/waltz-n1-skeleton-gold-black-dial\/\"]}]},{\"@type\":\"ImageObject\",\"inLanguage\":\"de\",\"@id\":\"https:\/\/www.carlsuchy.com\/de\/produkt\/waltz-n1-skeleton-gold-black-dial\/#primaryimage\",\"url\":\"https:\/\/www.carlsuchy.com\/wp-content\/uploads\/2019\/03\/Waltz-Skeleton-Frontsides-Black-Gold.png\",\"contentUrl\":\"https:\/\/www.carlsuchy.com\/wp-content\/uploads\/2019\/03\/Waltz-Skeleton-Frontsides-Black-Gold.png\",\"width\":595,\"height\":1000},{\"@type\":\"BreadcrumbList\",\"@id\":\"https:\/\/www.carlsuchy.com\/de\/produkt\/waltz-n1-skeleton-gold-black-dial\/#breadcrumb\",\"itemListElement\":[{\"@type\":\"ListItem\",\"position\":1,\"name\":\"Home\",\"item\":\"https:\/\/www.carlsuchy.com\/de\/\"},{\"@type\":\"ListItem\",\"position\":2,\"name\":\"Shop\",\"item\":\"https:\/\/www.carlsuchy.com\/shop\/\"},{\"@type\":\"ListItem\",\"position\":3,\"name\":\"Waltz N\u00b01Skeleton Gold\"}]},{\"@type\":\"WebSite\",\"@id\":\"https:\/\/www.carlsuchy.com\/de\/#website\",\"url\":\"https:\/\/www.carlsuchy.com\/de\/\",\"name\":\"Carl Suchy &amp; S\u00f6hne\",\"description\":\"\",\"publisher\":{\"@id\":\"https:\/\/www.carlsuchy.com\/de\/#organization\"},\"potentialAction\":[{\"@type\":\"SearchAction\",\"target\":{\"@type\":\"EntryPoint\",\"urlTemplate\":\"https:\/\/www.carlsuchy.com\/de\/?s={search_term_string}\"},\"query-input\":{\"@type\":\"PropertyValueSpecification\",\"valueRequired\":true,\"valueName\":\"search_term_string\"}}],\"inLanguage\":\"de\"},{\"@type\":\"Organization\",\"@id\":\"https:\/\/www.carlsuchy.com\/de\/#organization\",\"name\":\"Carl Suchy & S\u00f6hne\",\"url\":\"https:\/\/www.carlsuchy.com\/de\/\",\"logo\":{\"@type\":\"ImageObject\",\"inLanguage\":\"de\",\"@id\":\"https:\/\/www.carlsuchy.com\/de\/#\/schema\/logo\/image\/\",\"url\":\"https:\/\/www.carlsuchy.com\/wp-content\/uploads\/2018\/05\/logo.svg\",\"contentUrl\":\"https:\/\/www.carlsuchy.com\/wp-content\/uploads\/2018\/05\/logo.svg\",\"width\":1,\"height\":1,\"caption\":\"Carl Suchy & S\u00f6hne\"},\"image\":{\"@id\":\"https:\/\/www.carlsuchy.com\/de\/#\/schema\/logo\/image\/\"},\"sameAs\":[\"https:\/\/www.facebook.com\/carlsuchy\/\",\"https:\/\/www.instagram.com\/carlsuchy\/?hl=de\",\"https:\/\/www.linkedin.com\/company\/carl-suchy-&amp;-s\u00f6hne\/\",\"https:\/\/www.pinterest.de\/carlsuchy1822\/\",\"https:\/\/www.youtube.com\/channel\/UCiaaduvFGuyeWS7ZUOXxGSA\"]}]}<\/script>\n<!-- \/ Yoast SEO plugin. -->","yoast_head_json":{"title":"Waltz N\u00b01Skeleton Gold &#8211; Carl Suchy &amp; S\u00f6hne","description":"Carl Suchy &amp; S\u00f6hne &#8211; 18k Goldgeh\u00e4use | Schwarzes Zifferblatt Die Waltz N\u00b01 Skeleton Gold ist eine besonders wertvolle Version der skelettierten Automatikuhr\u00a0des Wiener Uhrenunternehmens Carl Suchy & S\u00f6hne.","robots":{"index":"index","follow":"follow","max-snippet":"max-snippet:-1","max-image-preview":"max-image-preview:large","max-video-preview":"max-video-preview:-1"},"canonical":"https:\/\/www.carlsuchy.com\/de\/produkt\/waltz-n1-skeleton-gold-black-dial\/","og_locale":"de_DE","og_type":"article","og_title":"Waltz N\u00b01Skeleton Gold &#8211; Carl Suchy &amp; S\u00f6hne","og_description":"Carl Suchy &amp; S\u00f6hne &#8211; 18k Goldgeh\u00e4use | Schwarzes Zifferblatt Die Waltz N\u00b01 Skeleton Gold ist eine besonders wertvolle Version der skelettierten Automatikuhr\u00a0des Wiener Uhrenunternehmens Carl Suchy & S\u00f6hne.","og_url":"https:\/\/www.carlsuchy.com\/de\/produkt\/waltz-n1-skeleton-gold-black-dial\/","og_site_name":"Carl Suchy &amp; S\u00f6hne","article_publisher":"https:\/\/www.facebook.com\/carlsuchy\/","article_modified_time":"2025-02-04T12:59:31+00:00","og_image":[{"width":595,"height":1000,"url":"https:\/\/www.carlsuchy.com\/wp-content\/uploads\/2019\/03\/Waltz-Skeleton-Frontsides-Black-Gold.png","type":"image\/png"}],"twitter_card":"summary_large_image","twitter_misc":{"Gesch\u00e4tzte Lesezeit":"4\u00a0Minuten"},"schema":{"@context":"https:\/\/schema.org","@graph":[{"@type":"WebPage","@id":"https:\/\/www.carlsuchy.com\/de\/produkt\/waltz-n1-skeleton-gold-black-dial\/","url":"https:\/\/www.carlsuchy.com\/de\/produkt\/waltz-n1-skeleton-gold-black-dial\/","name":"Waltz N\u00b01 Skeleton Gold &#8211; Carl Suchy &amp; S\u00f6hne","isPartOf":{"@id":"https:\/\/www.carlsuchy.com\/de\/#website"},"primaryImageOfPage":{"@id":"https:\/\/www.carlsuchy.com\/de\/produkt\/waltz-n1-skeleton-gold-black-dial\/#primaryimage"},"image":{"@id":"https:\/\/www.carlsuchy.com\/de\/produkt\/waltz-n1-skeleton-gold-black-dial\/#primaryimage"},"thumbnailUrl":"https:\/\/www.carlsuchy.com\/wp-content\/uploads\/2019\/03\/Waltz-Skeleton-Frontsides-Black-Gold.png","datePublished":"2019-03-26T14:44:32+00:00","dateModified":"2025-02-04T12:59:31+00:00","description":"Carl Suchy &amp; S\u00f6hne &#8211; 18k Goldgeh\u00e4use | Schwarzes Zifferblatt Die Waltz N\u00b01 Skeleton Gold ist eine besonders wertvolle Version der skelettierten Automatikuhr\u00a0des Wiener Uhrenunternehmens Carl Suchy & S\u00f6hne.","breadcrumb":{"@id":"https:\/\/www.carlsuchy.com\/de\/produkt\/waltz-n1-skeleton-gold-black-dial\/#breadcrumb"},"inLanguage":"de","potentialAction":[{"@type":"ReadAction","target":["https:\/\/www.carlsuchy.com\/de\/produkt\/waltz-n1-skeleton-gold-black-dial\/"]}]},{"@type":"ImageObject","inLanguage":"de","@id":"https:\/\/www.carlsuchy.com\/de\/produkt\/waltz-n1-skeleton-gold-black-dial\/#primaryimage","url":"https:\/\/www.carlsuchy.com\/wp-content\/uploads\/2019\/03\/Waltz-Skeleton-Frontsides-Black-Gold.png","contentUrl":"https:\/\/www.carlsuchy.com\/wp-content\/uploads\/2019\/03\/Waltz-Skeleton-Frontsides-Black-Gold.png","width":595,"height":1000},{"@type":"BreadcrumbList","@id":"https:\/\/www.carlsuchy.com\/de\/produkt\/waltz-n1-skeleton-gold-black-dial\/#breadcrumb","itemListElement":[{"@type":"ListItem","position":1,"name":"Home","item":"https:\/\/www.carlsuchy.com\/de\/"},{"@type":"ListItem","position":2,"name":"Shop","item":"https:\/\/www.carlsuchy.com\/shop\/"},{"@type":"ListItem","position":3,"name":"Waltz N\u00b01Skeleton Gold"}]},{"@type":"WebSite","@id":"https:\/\/www.carlsuchy.com\/de\/#website","url":"https:\/\/www.carlsuchy.com\/de\/","name":"Carl Suchy &amp; S\u00f6hne","description":"","publisher":{"@id":"https:\/\/www.carlsuchy.com\/de\/#organization"},"potentialAction":[{"@type":"SearchAction","target":{"@type":"EntryPoint","urlTemplate":"https:\/\/www.carlsuchy.com\/de\/?s={search_term_string}"},"query-input":{"@type":"PropertyValueSpecification","valueRequired":true,"valueName":"search_term_string"}}],"inLanguage":"de"},{"@type":"Organization","@id":"https:\/\/www.carlsuchy.com\/de\/#organization","name":"Carl Suchy & S\u00f6hne","url":"https:\/\/www.carlsuchy.com\/de\/","logo":{"@type":"ImageObject","inLanguage":"de","@id":"https:\/\/www.carlsuchy.com\/de\/#\/schema\/logo\/image\/","url":"https:\/\/www.carlsuchy.com\/wp-content\/uploads\/2018\/05\/logo.svg","contentUrl":"https:\/\/www.carlsuchy.com\/wp-content\/uploads\/2018\/05\/logo.svg","width":1,"height":1,"caption":"Carl Suchy & S\u00f6hne"},"image":{"@id":"https:\/\/www.carlsuchy.com\/de\/#\/schema\/logo\/image\/"},"sameAs":["https:\/\/www.facebook.com\/carlsuchy\/","https:\/\/www.instagram.com\/carlsuchy\/?hl=de","https:\/\/www.linkedin.com\/company\/carl-suchy-&amp;-s\u00f6hne\/","https:\/\/www.pinterest.de\/carlsuchy1822\/","https:\/\/www.youtube.com\/channel\/UCiaaduvFGuyeWS7ZUOXxGSA"]}]}},"_links":{"self":[{"href":"https:\/\/www.carlsuchy.com\/de\/wp-json\/wp\/v2\/product\/5092"}],"collection":[{"href":"https:\/\/www.carlsuchy.com\/de\/wp-json\/wp\/v2\/product"}],"about":[{"href":"https:\/\/www.carlsuchy.com\/de\/wp-json\/wp\/v2\/types\/product"}],"wp:featuredmedia":[{"embeddable":true,"href":"https:\/\/www.carlsuchy.com\/de\/wp-json\/wp\/v2\/media\/5089"}],"wp:attachment":[{"href":"https:\/\/www.carlsuchy.com\/de\/wp-json\/wp\/v2\/media?parent=5092"}],"wp:term":[{"taxonomy":"product_cat","embeddable":true,"href":"https:\/\/www.carlsuchy.com\/de\/wp-json\/wp\/v2\/product_cat?post=5092"},{"taxonomy":"product_tag","embeddable":true,"href":"https:\/\/www.carlsuchy.com\/de\/wp-json\/wp\/v2\/product_tag?post=5092"}],"curies":[{"name":"wp","href":"https:\/\/api.w.org\/{rel}","templated":true}]}}