


{"id":7217,"date":"2021-09-20T09:08:14","date_gmt":"2021-09-20T09:08:16","guid":{"rendered":"https:\/\/www.carlsuchy.com\/?post_type=product&#038;p=7217"},"modified":"2025-02-04T13:01:58","modified_gmt":"2025-02-04T13:01:58","slug":"waltz-n1-skeleton","status":"publish","type":"product","link":"https:\/\/www.carlsuchy.com\/de\/produkt\/waltz-n1-skeleton\/","title":{"rendered":"Waltz N\u00b01 Skeleton<br>Blue Danube"},"content":{"rendered":"<p class=\"p1\">UHRWERK<br \/>\nDie Waltz N\u00b01 Skeleton Blue Danube ist eine exklusive limitierte Auflage von 7 skelettierten Uhren, die mit Crystal Guard beschichtet sind und in Zusammenarbeit mit Chronotheory produziert wurden. Sie ist mit dem ultrad\u00fcnnen Automatikuhrwerk VMF 5401\/180 mit vergoldetem Mikrorotor ausgestattet. Die bl\u00e4ulich rhodinierten Kanten und Werkbr\u00fccken wurden freigelegt und von Hand angliert, um die filigrane Sch\u00f6nheit des Meisterst\u00fccks der Uhrmacherei vollends zur Geltung zu bringen.<\/p>\n<p class=\"p1\">GEH\u00c4USE<br \/>\nDie skelettierte Armbanduhr hat ein Geh\u00e4use aus Edelstahl, das raffiniert mit dem Kontrast aus polierten und matten Oberfl\u00e4chen spielt und flie\u00dfend in Bandanst\u00f6\u00dfe und L\u00fcnette \u00fcbergeht. Der Geh\u00e4useboden ist aus entspiegeltem Saphirglas, sodass das formvollendet freigelegte Uhrwerk sichtbar ist. Eingravierte Seriennummer. Das Geh\u00e4use wurde mit Crystal Guard Chrono Armor behandelt, dessen mikrod\u00fcnne Kristallglasschicht auf der Oberfl\u00e4che Ihrer Armbanduhr verst\u00e4rkten Glanz und Kratzfestigkeit bietet.<\/p>\n<p class=\"p1\">ZIFFERBLATT<br \/>\nDas Zifferblatt ist wei\u00df. Durch das entlang der Guilloch\u00e9elinien durchbrochene Zifferblatt mit rhodinierten Zeigern und applizierten Indizes ist das Uhrwerk sichtbar. Auch die rotierende Sekundenscheibe bei sechs Uhr ist entlang des Linienmusters ge\u00f6ffnet und verleiht der Waltz N\u00b01 Skeleton ihr charakteristisches Aussehen.<\/p>\n<p class=\"p1\">ARMBAND UND SCHNALLE<br \/>\nF\u00fcr das Armband der exklusiven Unisexuhr wird besonders hochwertiges blaues Alligatorleder mit blauen N\u00e4hten verwendet. Die Verzierung an der Innenseite des Armbands wurde speziell f\u00fcr Carl Suchy &amp; S\u00f6hne gestaltet und ist von dem \u00f6sterreichischen Architekten Adolf Loos inspiriert. Die Sicherheitsschnalle bietet h\u00f6chsten Tragekomfort und wird von dem historischen Doppelgreifen-Abzeichen geziert.<\/p>\n<p class=\"p1\">WALTZ N\u00b01 SKELETON SONDERANFERTIGUNGEN<br \/>\nGerne kommen wir Ihren Sonderw\u00fcnschen bez\u00fcglich Materialien, Farben und Armb\u00e4ndern Ihrer handgefertigten Uhr entgegen. <a href=\"mailto:office@carlsuchy.com\"><span class=\"s1\">Kontaktieren Sie uns<\/span><\/a> \u2013 Wir stehen Ihnen gerne zur Verf\u00fcgung!<\/p>\n","protected":false},"excerpt":{"rendered":"<div class=\"text-container\">\n<p class=\"p1\">Edelstahlgeh\u00e4use<br \/>\nBlaues Zifferblatt<\/p>\n<\/div>\n","protected":false},"featured_media":7221,"template":"","meta":{"_acf_changed":false,"content-type":""},"product_cat":[25],"product_tag":[],"acf":[],"yoast_head":"<!-- This site is optimized with the Yoast SEO plugin v23.5 - https:\/\/yoast.com\/wordpress\/plugins\/seo\/ -->\n<title>Waltz N\u00b01 Skeleton - Carl Suchy &amp; S\u00f6hne \u2013 Webshop \u2013 Order Online<\/title>\n<meta name=\"description\" content=\"Carl Suchy &amp; S\u00f6hne &#8211; Edelstahlgeh\u00e4use Blaues Zifferblatt Die Waltz N\u00b01 Skeleton eine Special Edition Uhr von Carl Suchy &amp; S\u00f6hne.\" \/>\n<meta name=\"robots\" content=\"index, follow, max-snippet:-1, max-image-preview:large, max-video-preview:-1\" \/>\n<link rel=\"canonical\" href=\"https:\/\/www.carlsuchy.com\/de\/produkt\/waltz-n1-skeleton\/\" \/>\n<meta property=\"og:locale\" content=\"de_DE\" \/>\n<meta property=\"og:type\" content=\"article\" \/>\n<meta property=\"og:title\" content=\"Waltz N\u00b01 Skeleton - Carl Suchy &amp; S\u00f6hne \u2013 Webshop \u2013 Order Online\" \/>\n<meta property=\"og:description\" content=\"Carl Suchy &amp; S\u00f6hne &#8211; Edelstahlgeh\u00e4use Blaues Zifferblatt Die Waltz N\u00b01 Skeleton eine Special Edition Uhr von Carl Suchy &amp; S\u00f6hne.\" \/>\n<meta property=\"og:url\" content=\"https:\/\/www.carlsuchy.com\/de\/produkt\/waltz-n1-skeleton\/\" \/>\n<meta property=\"og:site_name\" content=\"Carl Suchy &amp; S\u00f6hne\" \/>\n<meta property=\"article:publisher\" content=\"https:\/\/www.facebook.com\/carlsuchy\/\" \/>\n<meta property=\"article:modified_time\" content=\"2025-02-04T13:01:58+00:00\" \/>\n<meta property=\"og:image\" content=\"https:\/\/www.carlsuchy.com\/wp-content\/uploads\/2021\/09\/WaltzN1_SkeletonBlue_Soldier-low.png\" \/>\n\t<meta property=\"og:image:width\" content=\"595\" \/>\n\t<meta property=\"og:image:height\" content=\"1000\" \/>\n\t<meta property=\"og:image:type\" content=\"image\/png\" \/>\n<meta name=\"twitter:card\" content=\"summary_large_image\" \/>\n<meta name=\"twitter:label1\" content=\"Gesch\u00e4tzte Lesezeit\" \/>\n\t<meta name=\"twitter:data1\" content=\"4\u00a0Minuten\" \/>\n<script type=\"application\/ld+json\" class=\"yoast-schema-graph\">{\"@context\":\"https:\/\/schema.org\",\"@graph\":[{\"@type\":\"WebPage\",\"@id\":\"https:\/\/www.carlsuchy.com\/de\/produkt\/waltz-n1-skeleton\/\",\"url\":\"https:\/\/www.carlsuchy.com\/de\/produkt\/waltz-n1-skeleton\/\",\"name\":\"Waltz N\u00b01 Skeleton - Carl Suchy & S\u00f6hne \u2013 Webshop \u2013 Order Online\",\"isPartOf\":{\"@id\":\"https:\/\/www.carlsuchy.com\/de\/#website\"},\"primaryImageOfPage\":{\"@id\":\"https:\/\/www.carlsuchy.com\/de\/produkt\/waltz-n1-skeleton\/#primaryimage\"},\"image\":{\"@id\":\"https:\/\/www.carlsuchy.com\/de\/produkt\/waltz-n1-skeleton\/#primaryimage\"},\"thumbnailUrl\":\"https:\/\/www.carlsuchy.com\/wp-content\/uploads\/2021\/09\/WaltzN1_SkeletonBlue_Soldier-low.png\",\"datePublished\":\"2021-09-20T09:08:16+00:00\",\"dateModified\":\"2025-02-04T13:01:58+00:00\",\"description\":\"Carl Suchy &amp; S\u00f6hne &#8211; Edelstahlgeh\u00e4use Blaues Zifferblatt Die Waltz N\u00b01 Skeleton eine Special Edition Uhr von Carl Suchy & S\u00f6hne.\",\"breadcrumb\":{\"@id\":\"https:\/\/www.carlsuchy.com\/de\/produkt\/waltz-n1-skeleton\/#breadcrumb\"},\"inLanguage\":\"de\",\"potentialAction\":[{\"@type\":\"ReadAction\",\"target\":[\"https:\/\/www.carlsuchy.com\/de\/produkt\/waltz-n1-skeleton\/\"]}]},{\"@type\":\"ImageObject\",\"inLanguage\":\"de\",\"@id\":\"https:\/\/www.carlsuchy.com\/de\/produkt\/waltz-n1-skeleton\/#primaryimage\",\"url\":\"https:\/\/www.carlsuchy.com\/wp-content\/uploads\/2021\/09\/WaltzN1_SkeletonBlue_Soldier-low.png\",\"contentUrl\":\"https:\/\/www.carlsuchy.com\/wp-content\/uploads\/2021\/09\/WaltzN1_SkeletonBlue_Soldier-low.png\",\"width\":595,\"height\":1000},{\"@type\":\"BreadcrumbList\",\"@id\":\"https:\/\/www.carlsuchy.com\/de\/produkt\/waltz-n1-skeleton\/#breadcrumb\",\"itemListElement\":[{\"@type\":\"ListItem\",\"position\":1,\"name\":\"Home\",\"item\":\"https:\/\/www.carlsuchy.com\/de\/\"},{\"@type\":\"ListItem\",\"position\":2,\"name\":\"Shop\",\"item\":\"https:\/\/www.carlsuchy.com\/shop\/\"},{\"@type\":\"ListItem\",\"position\":3,\"name\":\"Waltz N\u00b01 SkeletonBlue Danube\"}]},{\"@type\":\"WebSite\",\"@id\":\"https:\/\/www.carlsuchy.com\/de\/#website\",\"url\":\"https:\/\/www.carlsuchy.com\/de\/\",\"name\":\"Carl Suchy &amp; S\u00f6hne\",\"description\":\"\",\"publisher\":{\"@id\":\"https:\/\/www.carlsuchy.com\/de\/#organization\"},\"potentialAction\":[{\"@type\":\"SearchAction\",\"target\":{\"@type\":\"EntryPoint\",\"urlTemplate\":\"https:\/\/www.carlsuchy.com\/de\/?s={search_term_string}\"},\"query-input\":{\"@type\":\"PropertyValueSpecification\",\"valueRequired\":true,\"valueName\":\"search_term_string\"}}],\"inLanguage\":\"de\"},{\"@type\":\"Organization\",\"@id\":\"https:\/\/www.carlsuchy.com\/de\/#organization\",\"name\":\"Carl Suchy & S\u00f6hne\",\"url\":\"https:\/\/www.carlsuchy.com\/de\/\",\"logo\":{\"@type\":\"ImageObject\",\"inLanguage\":\"de\",\"@id\":\"https:\/\/www.carlsuchy.com\/de\/#\/schema\/logo\/image\/\",\"url\":\"https:\/\/www.carlsuchy.com\/wp-content\/uploads\/2018\/05\/logo.svg\",\"contentUrl\":\"https:\/\/www.carlsuchy.com\/wp-content\/uploads\/2018\/05\/logo.svg\",\"width\":1,\"height\":1,\"caption\":\"Carl Suchy & S\u00f6hne\"},\"image\":{\"@id\":\"https:\/\/www.carlsuchy.com\/de\/#\/schema\/logo\/image\/\"},\"sameAs\":[\"https:\/\/www.facebook.com\/carlsuchy\/\",\"https:\/\/www.instagram.com\/carlsuchy\/?hl=de\",\"https:\/\/www.linkedin.com\/company\/carl-suchy-&amp;-s\u00f6hne\/\",\"https:\/\/www.pinterest.de\/carlsuchy1822\/\",\"https:\/\/www.youtube.com\/channel\/UCiaaduvFGuyeWS7ZUOXxGSA\"]}]}<\/script>\n<!-- \/ Yoast SEO plugin. -->","yoast_head_json":{"title":"Waltz N\u00b01 Skeleton - Carl Suchy & S\u00f6hne \u2013 Webshop \u2013 Order Online","description":"Carl Suchy &amp; S\u00f6hne &#8211; Edelstahlgeh\u00e4use Blaues Zifferblatt Die Waltz N\u00b01 Skeleton eine Special Edition Uhr von Carl Suchy & S\u00f6hne.","robots":{"index":"index","follow":"follow","max-snippet":"max-snippet:-1","max-image-preview":"max-image-preview:large","max-video-preview":"max-video-preview:-1"},"canonical":"https:\/\/www.carlsuchy.com\/de\/produkt\/waltz-n1-skeleton\/","og_locale":"de_DE","og_type":"article","og_title":"Waltz N\u00b01 Skeleton - Carl Suchy & S\u00f6hne \u2013 Webshop \u2013 Order Online","og_description":"Carl Suchy &amp; S\u00f6hne &#8211; Edelstahlgeh\u00e4use Blaues Zifferblatt Die Waltz N\u00b01 Skeleton eine Special Edition Uhr von Carl Suchy & S\u00f6hne.","og_url":"https:\/\/www.carlsuchy.com\/de\/produkt\/waltz-n1-skeleton\/","og_site_name":"Carl Suchy &amp; S\u00f6hne","article_publisher":"https:\/\/www.facebook.com\/carlsuchy\/","article_modified_time":"2025-02-04T13:01:58+00:00","og_image":[{"width":595,"height":1000,"url":"https:\/\/www.carlsuchy.com\/wp-content\/uploads\/2021\/09\/WaltzN1_SkeletonBlue_Soldier-low.png","type":"image\/png"}],"twitter_card":"summary_large_image","twitter_misc":{"Gesch\u00e4tzte Lesezeit":"4\u00a0Minuten"},"schema":{"@context":"https:\/\/schema.org","@graph":[{"@type":"WebPage","@id":"https:\/\/www.carlsuchy.com\/de\/produkt\/waltz-n1-skeleton\/","url":"https:\/\/www.carlsuchy.com\/de\/produkt\/waltz-n1-skeleton\/","name":"Waltz N\u00b01 Skeleton - Carl Suchy & S\u00f6hne \u2013 Webshop \u2013 Order Online","isPartOf":{"@id":"https:\/\/www.carlsuchy.com\/de\/#website"},"primaryImageOfPage":{"@id":"https:\/\/www.carlsuchy.com\/de\/produkt\/waltz-n1-skeleton\/#primaryimage"},"image":{"@id":"https:\/\/www.carlsuchy.com\/de\/produkt\/waltz-n1-skeleton\/#primaryimage"},"thumbnailUrl":"https:\/\/www.carlsuchy.com\/wp-content\/uploads\/2021\/09\/WaltzN1_SkeletonBlue_Soldier-low.png","datePublished":"2021-09-20T09:08:16+00:00","dateModified":"2025-02-04T13:01:58+00:00","description":"Carl Suchy &amp; S\u00f6hne &#8211; Edelstahlgeh\u00e4use Blaues Zifferblatt Die Waltz N\u00b01 Skeleton eine Special Edition Uhr von Carl Suchy & S\u00f6hne.","breadcrumb":{"@id":"https:\/\/www.carlsuchy.com\/de\/produkt\/waltz-n1-skeleton\/#breadcrumb"},"inLanguage":"de","potentialAction":[{"@type":"ReadAction","target":["https:\/\/www.carlsuchy.com\/de\/produkt\/waltz-n1-skeleton\/"]}]},{"@type":"ImageObject","inLanguage":"de","@id":"https:\/\/www.carlsuchy.com\/de\/produkt\/waltz-n1-skeleton\/#primaryimage","url":"https:\/\/www.carlsuchy.com\/wp-content\/uploads\/2021\/09\/WaltzN1_SkeletonBlue_Soldier-low.png","contentUrl":"https:\/\/www.carlsuchy.com\/wp-content\/uploads\/2021\/09\/WaltzN1_SkeletonBlue_Soldier-low.png","width":595,"height":1000},{"@type":"BreadcrumbList","@id":"https:\/\/www.carlsuchy.com\/de\/produkt\/waltz-n1-skeleton\/#breadcrumb","itemListElement":[{"@type":"ListItem","position":1,"name":"Home","item":"https:\/\/www.carlsuchy.com\/de\/"},{"@type":"ListItem","position":2,"name":"Shop","item":"https:\/\/www.carlsuchy.com\/shop\/"},{"@type":"ListItem","position":3,"name":"Waltz N\u00b01 SkeletonBlue Danube"}]},{"@type":"WebSite","@id":"https:\/\/www.carlsuchy.com\/de\/#website","url":"https:\/\/www.carlsuchy.com\/de\/","name":"Carl Suchy &amp; S\u00f6hne","description":"","publisher":{"@id":"https:\/\/www.carlsuchy.com\/de\/#organization"},"potentialAction":[{"@type":"SearchAction","target":{"@type":"EntryPoint","urlTemplate":"https:\/\/www.carlsuchy.com\/de\/?s={search_term_string}"},"query-input":{"@type":"PropertyValueSpecification","valueRequired":true,"valueName":"search_term_string"}}],"inLanguage":"de"},{"@type":"Organization","@id":"https:\/\/www.carlsuchy.com\/de\/#organization","name":"Carl Suchy & S\u00f6hne","url":"https:\/\/www.carlsuchy.com\/de\/","logo":{"@type":"ImageObject","inLanguage":"de","@id":"https:\/\/www.carlsuchy.com\/de\/#\/schema\/logo\/image\/","url":"https:\/\/www.carlsuchy.com\/wp-content\/uploads\/2018\/05\/logo.svg","contentUrl":"https:\/\/www.carlsuchy.com\/wp-content\/uploads\/2018\/05\/logo.svg","width":1,"height":1,"caption":"Carl Suchy & S\u00f6hne"},"image":{"@id":"https:\/\/www.carlsuchy.com\/de\/#\/schema\/logo\/image\/"},"sameAs":["https:\/\/www.facebook.com\/carlsuchy\/","https:\/\/www.instagram.com\/carlsuchy\/?hl=de","https:\/\/www.linkedin.com\/company\/carl-suchy-&amp;-s\u00f6hne\/","https:\/\/www.pinterest.de\/carlsuchy1822\/","https:\/\/www.youtube.com\/channel\/UCiaaduvFGuyeWS7ZUOXxGSA"]}]}},"_links":{"self":[{"href":"https:\/\/www.carlsuchy.com\/de\/wp-json\/wp\/v2\/product\/7217"}],"collection":[{"href":"https:\/\/www.carlsuchy.com\/de\/wp-json\/wp\/v2\/product"}],"about":[{"href":"https:\/\/www.carlsuchy.com\/de\/wp-json\/wp\/v2\/types\/product"}],"wp:featuredmedia":[{"embeddable":true,"href":"https:\/\/www.carlsuchy.com\/de\/wp-json\/wp\/v2\/media\/7221"}],"wp:attachment":[{"href":"https:\/\/www.carlsuchy.com\/de\/wp-json\/wp\/v2\/media?parent=7217"}],"wp:term":[{"taxonomy":"product_cat","embeddable":true,"href":"https:\/\/www.carlsuchy.com\/de\/wp-json\/wp\/v2\/product_cat?post=7217"},{"taxonomy":"product_tag","embeddable":true,"href":"https:\/\/www.carlsuchy.com\/de\/wp-json\/wp\/v2\/product_tag?post=7217"}],"curies":[{"name":"wp","href":"https:\/\/api.w.org\/{rel}","templated":true}]}}