


{"id":7380,"date":"2021-09-22T13:01:37","date_gmt":"2021-09-22T13:01:37","guid":{"rendered":"https:\/\/www.carlsuchy.com\/product\/table-waltz\/"},"modified":"2025-02-04T12:41:26","modified_gmt":"2025-02-04T12:41:26","slug":"table-waltz","status":"publish","type":"product","link":"https:\/\/www.carlsuchy.com\/de\/produkt\/table-waltz\/","title":{"rendered":"Table<br>Waltz"},"content":{"rendered":"<p>Jedes Detail repr\u00e4sentiert Wiener Handwerkskunst: Das Glas an Vorder- und R\u00fcckseite mit Facettenschliff und Handgravur (in Partnerschaft mit J. &amp; L. Lobmeyr) f\u00fcgt sich nahtlos in die konische Passform des Messinggeh\u00e4uses ein und bietet dem kunstvoll schwebenden Stabwerk eine lichtdurchflutete B\u00fchne. Das Werk besteht vollst\u00e4ndig aus \u00f6sterreichischen Einzelteilen. Zahnr\u00e4der im charakteristischen Carl-Suchy-&amp;- S\u00f6hne-Design gestaltet von dem preisgekr\u00f6nten Designer Rainer Mutsch, die durch ihre Drehungen fortlaufend neue Muster bilden, wurden individuell in eigener Handarbeit in Wien von der Uhrenmachermeisterin Therese Wibmer gefertigt.<\/p>\n<p>Diese Uhr zieht ihre Betrachter in ihren Bann und l\u00e4sst die Blicke der Menschen im Raum nicht mehr los. Lassen Sie sich verzaubern.<\/p>\n<p>&nbsp;<\/p>\n<p>SPEZIFIKATIONEN<\/p>\n<p>In-House-Stabwerk CS-T-1 im charakteristischen Design von Carl Suchy &amp; S\u00f6hne, made in Austria<\/p>\n<p>Sieben Tage Gangdauer<\/p>\n<p>Stunde- Minute- und Glockenschlag zur vollen Stunde (arretierbar)<\/p>\n<p>Integrierter Schl\u00fcsselaufzug mit \u00dcberdrehsicherung<\/p>\n<p>14 Rubinsteine<\/p>\n<p>25,5 cm H\u00f6he \u2013 14,5 cm Breite \u2013 8,5 cm Tiefe<\/p>\n<p>Gewicht: ca. drei Kilo<\/p>\n<p>Platine: Messing<\/p>\n<p>Schrauben: Stahl gebl\u00e4ut<\/p>\n<p>Zahnr\u00e4der: Messing geschliffen<\/p>\n<p>Glocke: Silber<\/p>\n<p>Geh\u00e4use: nickelveredeltes Messing<\/p>\n<p>Eingravierte Limitierungsnummer<\/p>\n<p>Hochwertiges Glas \u2013 handgeschliffen und graviert<\/p>\n","protected":false},"excerpt":{"rendered":"<p class=\"p1\">Limitierte Edition von 10 Exemplaren<\/p>\n","protected":false},"featured_media":7490,"template":"","meta":{"_acf_changed":false,"content-type":""},"product_cat":[59],"product_tag":[],"acf":[],"yoast_head":"<!-- This site is optimized with the Yoast SEO plugin v23.5 - https:\/\/yoast.com\/wordpress\/plugins\/seo\/ -->\n<title>TableWaltz &#8211; Carl Suchy &amp; S\u00f6hne<\/title>\n<meta name=\"description\" content=\"Carl Suchy &amp; S\u00f6hne &#8211; Limitierte Edition von 10 Exemplaren Die Table Waltz ist ein Sondermodell aus dem Hause Carl Suchy &amp; S\u00f6hne.\" \/>\n<meta name=\"robots\" content=\"index, follow, max-snippet:-1, max-image-preview:large, max-video-preview:-1\" \/>\n<link rel=\"canonical\" href=\"https:\/\/www.carlsuchy.com\/de\/produkt\/table-waltz\/\" \/>\n<meta property=\"og:locale\" content=\"de_DE\" \/>\n<meta property=\"og:type\" content=\"article\" \/>\n<meta property=\"og:title\" content=\"TableWaltz &#8211; Carl Suchy &amp; S\u00f6hne\" \/>\n<meta property=\"og:description\" content=\"Carl Suchy &amp; S\u00f6hne &#8211; Limitierte Edition von 10 Exemplaren Die Table Waltz ist ein Sondermodell aus dem Hause Carl Suchy &amp; S\u00f6hne.\" \/>\n<meta property=\"og:url\" content=\"https:\/\/www.carlsuchy.com\/de\/produkt\/table-waltz\/\" \/>\n<meta property=\"og:site_name\" content=\"Carl Suchy &amp; S\u00f6hne\" \/>\n<meta property=\"article:publisher\" content=\"https:\/\/www.facebook.com\/carlsuchy\/\" \/>\n<meta property=\"article:modified_time\" content=\"2025-02-04T12:41:26+00:00\" \/>\n<meta property=\"og:image\" content=\"https:\/\/www.carlsuchy.com\/wp-content\/uploads\/2021\/09\/CS-Fotos-Table-product-png.png\" \/>\n\t<meta property=\"og:image:width\" content=\"920\" \/>\n\t<meta property=\"og:image:height\" content=\"1505\" \/>\n\t<meta property=\"og:image:type\" content=\"image\/png\" \/>\n<meta name=\"twitter:card\" content=\"summary_large_image\" \/>\n<meta name=\"twitter:label1\" content=\"Gesch\u00e4tzte Lesezeit\" \/>\n\t<meta name=\"twitter:data1\" content=\"3\u00a0Minuten\" \/>\n<script type=\"application\/ld+json\" class=\"yoast-schema-graph\">{\"@context\":\"https:\/\/schema.org\",\"@graph\":[{\"@type\":\"WebPage\",\"@id\":\"https:\/\/www.carlsuchy.com\/de\/produkt\/table-waltz\/\",\"url\":\"https:\/\/www.carlsuchy.com\/de\/produkt\/table-waltz\/\",\"name\":\"Table Waltz &#8211; Carl Suchy &amp; S\u00f6hne\",\"isPartOf\":{\"@id\":\"https:\/\/www.carlsuchy.com\/de\/#website\"},\"primaryImageOfPage\":{\"@id\":\"https:\/\/www.carlsuchy.com\/de\/produkt\/table-waltz\/#primaryimage\"},\"image\":{\"@id\":\"https:\/\/www.carlsuchy.com\/de\/produkt\/table-waltz\/#primaryimage\"},\"thumbnailUrl\":\"https:\/\/www.carlsuchy.com\/wp-content\/uploads\/2021\/09\/CS-Fotos-Table-product-png.png\",\"datePublished\":\"2021-09-22T13:01:37+00:00\",\"dateModified\":\"2025-02-04T12:41:26+00:00\",\"description\":\"Carl Suchy &amp; S\u00f6hne &#8211; Limitierte Edition von 10 Exemplaren Die Table Waltz ist ein Sondermodell aus dem Hause Carl Suchy & S\u00f6hne.\",\"breadcrumb\":{\"@id\":\"https:\/\/www.carlsuchy.com\/de\/produkt\/table-waltz\/#breadcrumb\"},\"inLanguage\":\"de\",\"potentialAction\":[{\"@type\":\"ReadAction\",\"target\":[\"https:\/\/www.carlsuchy.com\/de\/produkt\/table-waltz\/\"]}]},{\"@type\":\"ImageObject\",\"inLanguage\":\"de\",\"@id\":\"https:\/\/www.carlsuchy.com\/de\/produkt\/table-waltz\/#primaryimage\",\"url\":\"https:\/\/www.carlsuchy.com\/wp-content\/uploads\/2021\/09\/CS-Fotos-Table-product-png.png\",\"contentUrl\":\"https:\/\/www.carlsuchy.com\/wp-content\/uploads\/2021\/09\/CS-Fotos-Table-product-png.png\",\"width\":920,\"height\":1505,\"caption\":\"Table Waltz Product\"},{\"@type\":\"BreadcrumbList\",\"@id\":\"https:\/\/www.carlsuchy.com\/de\/produkt\/table-waltz\/#breadcrumb\",\"itemListElement\":[{\"@type\":\"ListItem\",\"position\":1,\"name\":\"Home\",\"item\":\"https:\/\/www.carlsuchy.com\/de\/\"},{\"@type\":\"ListItem\",\"position\":2,\"name\":\"Shop\",\"item\":\"https:\/\/www.carlsuchy.com\/shop\/\"},{\"@type\":\"ListItem\",\"position\":3,\"name\":\"TableWaltz\"}]},{\"@type\":\"WebSite\",\"@id\":\"https:\/\/www.carlsuchy.com\/de\/#website\",\"url\":\"https:\/\/www.carlsuchy.com\/de\/\",\"name\":\"Carl Suchy &amp; S\u00f6hne\",\"description\":\"\",\"publisher\":{\"@id\":\"https:\/\/www.carlsuchy.com\/de\/#organization\"},\"potentialAction\":[{\"@type\":\"SearchAction\",\"target\":{\"@type\":\"EntryPoint\",\"urlTemplate\":\"https:\/\/www.carlsuchy.com\/de\/?s={search_term_string}\"},\"query-input\":{\"@type\":\"PropertyValueSpecification\",\"valueRequired\":true,\"valueName\":\"search_term_string\"}}],\"inLanguage\":\"de\"},{\"@type\":\"Organization\",\"@id\":\"https:\/\/www.carlsuchy.com\/de\/#organization\",\"name\":\"Carl Suchy & S\u00f6hne\",\"url\":\"https:\/\/www.carlsuchy.com\/de\/\",\"logo\":{\"@type\":\"ImageObject\",\"inLanguage\":\"de\",\"@id\":\"https:\/\/www.carlsuchy.com\/de\/#\/schema\/logo\/image\/\",\"url\":\"https:\/\/www.carlsuchy.com\/wp-content\/uploads\/2018\/05\/logo.svg\",\"contentUrl\":\"https:\/\/www.carlsuchy.com\/wp-content\/uploads\/2018\/05\/logo.svg\",\"width\":1,\"height\":1,\"caption\":\"Carl Suchy & S\u00f6hne\"},\"image\":{\"@id\":\"https:\/\/www.carlsuchy.com\/de\/#\/schema\/logo\/image\/\"},\"sameAs\":[\"https:\/\/www.facebook.com\/carlsuchy\/\",\"https:\/\/www.instagram.com\/carlsuchy\/?hl=de\",\"https:\/\/www.linkedin.com\/company\/carl-suchy-&amp;-s\u00f6hne\/\",\"https:\/\/www.pinterest.de\/carlsuchy1822\/\",\"https:\/\/www.youtube.com\/channel\/UCiaaduvFGuyeWS7ZUOXxGSA\"]}]}<\/script>\n<!-- \/ Yoast SEO plugin. -->","yoast_head_json":{"title":"TableWaltz &#8211; Carl Suchy &amp; S\u00f6hne","description":"Carl Suchy &amp; S\u00f6hne &#8211; Limitierte Edition von 10 Exemplaren Die Table Waltz ist ein Sondermodell aus dem Hause Carl Suchy & S\u00f6hne.","robots":{"index":"index","follow":"follow","max-snippet":"max-snippet:-1","max-image-preview":"max-image-preview:large","max-video-preview":"max-video-preview:-1"},"canonical":"https:\/\/www.carlsuchy.com\/de\/produkt\/table-waltz\/","og_locale":"de_DE","og_type":"article","og_title":"TableWaltz &#8211; Carl Suchy &amp; S\u00f6hne","og_description":"Carl Suchy &amp; S\u00f6hne &#8211; Limitierte Edition von 10 Exemplaren Die Table Waltz ist ein Sondermodell aus dem Hause Carl Suchy & S\u00f6hne.","og_url":"https:\/\/www.carlsuchy.com\/de\/produkt\/table-waltz\/","og_site_name":"Carl Suchy &amp; S\u00f6hne","article_publisher":"https:\/\/www.facebook.com\/carlsuchy\/","article_modified_time":"2025-02-04T12:41:26+00:00","og_image":[{"width":920,"height":1505,"url":"https:\/\/www.carlsuchy.com\/wp-content\/uploads\/2021\/09\/CS-Fotos-Table-product-png.png","type":"image\/png"}],"twitter_card":"summary_large_image","twitter_misc":{"Gesch\u00e4tzte Lesezeit":"3\u00a0Minuten"},"schema":{"@context":"https:\/\/schema.org","@graph":[{"@type":"WebPage","@id":"https:\/\/www.carlsuchy.com\/de\/produkt\/table-waltz\/","url":"https:\/\/www.carlsuchy.com\/de\/produkt\/table-waltz\/","name":"Table Waltz &#8211; Carl Suchy &amp; S\u00f6hne","isPartOf":{"@id":"https:\/\/www.carlsuchy.com\/de\/#website"},"primaryImageOfPage":{"@id":"https:\/\/www.carlsuchy.com\/de\/produkt\/table-waltz\/#primaryimage"},"image":{"@id":"https:\/\/www.carlsuchy.com\/de\/produkt\/table-waltz\/#primaryimage"},"thumbnailUrl":"https:\/\/www.carlsuchy.com\/wp-content\/uploads\/2021\/09\/CS-Fotos-Table-product-png.png","datePublished":"2021-09-22T13:01:37+00:00","dateModified":"2025-02-04T12:41:26+00:00","description":"Carl Suchy &amp; S\u00f6hne &#8211; Limitierte Edition von 10 Exemplaren Die Table Waltz ist ein Sondermodell aus dem Hause Carl Suchy & S\u00f6hne.","breadcrumb":{"@id":"https:\/\/www.carlsuchy.com\/de\/produkt\/table-waltz\/#breadcrumb"},"inLanguage":"de","potentialAction":[{"@type":"ReadAction","target":["https:\/\/www.carlsuchy.com\/de\/produkt\/table-waltz\/"]}]},{"@type":"ImageObject","inLanguage":"de","@id":"https:\/\/www.carlsuchy.com\/de\/produkt\/table-waltz\/#primaryimage","url":"https:\/\/www.carlsuchy.com\/wp-content\/uploads\/2021\/09\/CS-Fotos-Table-product-png.png","contentUrl":"https:\/\/www.carlsuchy.com\/wp-content\/uploads\/2021\/09\/CS-Fotos-Table-product-png.png","width":920,"height":1505,"caption":"Table Waltz Product"},{"@type":"BreadcrumbList","@id":"https:\/\/www.carlsuchy.com\/de\/produkt\/table-waltz\/#breadcrumb","itemListElement":[{"@type":"ListItem","position":1,"name":"Home","item":"https:\/\/www.carlsuchy.com\/de\/"},{"@type":"ListItem","position":2,"name":"Shop","item":"https:\/\/www.carlsuchy.com\/shop\/"},{"@type":"ListItem","position":3,"name":"TableWaltz"}]},{"@type":"WebSite","@id":"https:\/\/www.carlsuchy.com\/de\/#website","url":"https:\/\/www.carlsuchy.com\/de\/","name":"Carl Suchy &amp; S\u00f6hne","description":"","publisher":{"@id":"https:\/\/www.carlsuchy.com\/de\/#organization"},"potentialAction":[{"@type":"SearchAction","target":{"@type":"EntryPoint","urlTemplate":"https:\/\/www.carlsuchy.com\/de\/?s={search_term_string}"},"query-input":{"@type":"PropertyValueSpecification","valueRequired":true,"valueName":"search_term_string"}}],"inLanguage":"de"},{"@type":"Organization","@id":"https:\/\/www.carlsuchy.com\/de\/#organization","name":"Carl Suchy & S\u00f6hne","url":"https:\/\/www.carlsuchy.com\/de\/","logo":{"@type":"ImageObject","inLanguage":"de","@id":"https:\/\/www.carlsuchy.com\/de\/#\/schema\/logo\/image\/","url":"https:\/\/www.carlsuchy.com\/wp-content\/uploads\/2018\/05\/logo.svg","contentUrl":"https:\/\/www.carlsuchy.com\/wp-content\/uploads\/2018\/05\/logo.svg","width":1,"height":1,"caption":"Carl Suchy & S\u00f6hne"},"image":{"@id":"https:\/\/www.carlsuchy.com\/de\/#\/schema\/logo\/image\/"},"sameAs":["https:\/\/www.facebook.com\/carlsuchy\/","https:\/\/www.instagram.com\/carlsuchy\/?hl=de","https:\/\/www.linkedin.com\/company\/carl-suchy-&amp;-s\u00f6hne\/","https:\/\/www.pinterest.de\/carlsuchy1822\/","https:\/\/www.youtube.com\/channel\/UCiaaduvFGuyeWS7ZUOXxGSA"]}]}},"_links":{"self":[{"href":"https:\/\/www.carlsuchy.com\/de\/wp-json\/wp\/v2\/product\/7380"}],"collection":[{"href":"https:\/\/www.carlsuchy.com\/de\/wp-json\/wp\/v2\/product"}],"about":[{"href":"https:\/\/www.carlsuchy.com\/de\/wp-json\/wp\/v2\/types\/product"}],"wp:featuredmedia":[{"embeddable":true,"href":"https:\/\/www.carlsuchy.com\/de\/wp-json\/wp\/v2\/media\/7490"}],"wp:attachment":[{"href":"https:\/\/www.carlsuchy.com\/de\/wp-json\/wp\/v2\/media?parent=7380"}],"wp:term":[{"taxonomy":"product_cat","embeddable":true,"href":"https:\/\/www.carlsuchy.com\/de\/wp-json\/wp\/v2\/product_cat?post=7380"},{"taxonomy":"product_tag","embeddable":true,"href":"https:\/\/www.carlsuchy.com\/de\/wp-json\/wp\/v2\/product_tag?post=7380"}],"curies":[{"name":"wp","href":"https:\/\/api.w.org\/{rel}","templated":true}]}}